{"id":100219,"date":"2021-08-04T13:29:47","date_gmt":"2021-08-04T17:29:47","guid":{"rendered":"https:\/\/www.avenuedesigncanada.com\/?post_type=product&#038;p=100219"},"modified":"2026-02-11T15:59:31","modified_gmt":"2026-02-11T20:59:31","slug":"chaise-dune","status":"publish","type":"product","link":"https:\/\/www.avenuedesigncanada.com\/fr\/product\/chaise-dune\/","title":{"rendered":"Chaise Dune"},"content":{"rendered":"<p>Enti\u00e8rement rembourr\u00e9e<br \/>\nConstruction \u00e0 sangles extensibles<br \/>\n<span>Remplissage en Poly Dacron<br \/>\n<\/span>Base des pieds en bois<\/p>\n<p>Options<br \/>\nTeinture, Peinture, Peinture m\u00e9tallique, Artisan, MIY, Premium Leaf<br \/>\nDisponible avec clous<br \/>\nDisponibles dans une multitudes de tissus ou cuirs<\/p>\n","protected":false},"excerpt":{"rendered":"<p>Enti\u00e8rement rembourr\u00e9e Construction \u00e0 sangles extensibles Remplissage en Poly Dacron Base des pieds en bois Options Teinture, Peinture, Peinture m\u00e9tallique, Artisan, MIY, Premium Leaf Disponible avec clous Disponibles dans une multitudes de tissus ou cuirs<\/p>\n","protected":false},"featured_media":100226,"template":"","meta":{"_kad_blocks_custom_css":"","_kad_blocks_head_custom_js":"","_kad_blocks_body_custom_js":"","_kad_blocks_footer_custom_js":"","_kad_post_transparent":"","_kad_post_title":"","_kad_post_layout":"","_kad_post_sidebar_id":"","_kad_post_content_style":"","_kad_post_vertical_padding":"","_kad_post_feature":"","_kad_post_feature_position":"","_kad_post_header":false,"_kad_post_footer":false,"_kad_post_classname":""},"product_brand":[],"product_cat":[1302],"product_tag":[1369],"class_list":{"0":"post-100219","1":"product","2":"type-product","3":"status-publish","4":"has-post-thumbnail","6":"product_cat-chaises","7":"product_tag-theodore-fr","9":"first","10":"instock","11":"product-type-simple","12":"entry","13":"content-bg","14":"loop-entry"},"taxonomy_info":{"product_cat":[{"value":1302,"label":"Chaises"}],"product_tag":[{"value":1369,"label":"THEODORE"}]},"featured_image_src_large":["https:\/\/www.avenuedesigncanada.com\/wp-content\/uploads\/2021\/08\/V1009-CH_Instant-Parchment-HO-1024x1024.jpg",1024,1024,true],"author_info":[],"comment_info":"","_links":{"self":[{"href":"https:\/\/www.avenuedesigncanada.com\/fr\/wp-json\/wp\/v2\/product\/100219","targetHints":{"allow":["GET"]}}],"collection":[{"href":"https:\/\/www.avenuedesigncanada.com\/fr\/wp-json\/wp\/v2\/product"}],"about":[{"href":"https:\/\/www.avenuedesigncanada.com\/fr\/wp-json\/wp\/v2\/types\/product"}],"wp:featuredmedia":[{"embeddable":true,"href":"https:\/\/www.avenuedesigncanada.com\/fr\/wp-json\/wp\/v2\/media\/100226"}],"wp:attachment":[{"href":"https:\/\/www.avenuedesigncanada.com\/fr\/wp-json\/wp\/v2\/media?parent=100219"}],"wp:term":[{"taxonomy":"product_brand","embeddable":true,"href":"https:\/\/www.avenuedesigncanada.com\/fr\/wp-json\/wp\/v2\/product_brand?post=100219"},{"taxonomy":"product_cat","embeddable":true,"href":"https:\/\/www.avenuedesigncanada.com\/fr\/wp-json\/wp\/v2\/product_cat?post=100219"},{"taxonomy":"product_tag","embeddable":true,"href":"https:\/\/www.avenuedesigncanada.com\/fr\/wp-json\/wp\/v2\/product_tag?post=100219"}],"curies":[{"name":"wp","href":"https:\/\/api.w.org\/{rel}","templated":true}]}}