{"id":100249,"date":"2021-08-04T14:46:04","date_gmt":"2021-08-04T18:46:04","guid":{"rendered":"https:\/\/www.avenuedesigncanada.com\/?post_type=product&#038;p=100249"},"modified":"2026-02-11T15:59:31","modified_gmt":"2026-02-11T20:59:31","slug":"dune-rectangular-cocktail-table","status":"publish","type":"product","link":"https:\/\/www.avenuedesigncanada.com\/fr\/product\/dune-rectangular-cocktail-table\/","title":{"rendered":"Table \u00e0 caf\u00e9  Dune Rectangular"},"content":{"rendered":"<p><em>La table \u00e0 cocktail rectangulaire Dune pr\u00e9sente les caract\u00e9ristiques suivantes :<\/em><\/p>\n<p>Placages de noyer blanchi \/ solides en bois dur<br \/>\nFerrules en bronze blanc<br \/>\nTeinture, peinture, peinture m\u00e9tallis\u00e9e, options Artisan, MIY, Premium Leaf<br \/>\nComme illustr\u00e9 : Finition en French Cuff<\/p>\n<p>Vous avez des questions sur ce produit ? Nos concepteurs sont l\u00e0 pour vous aider. Appelez-nous au (514) 340-9351  <\/p>\n","protected":false},"excerpt":{"rendered":"<p>La table \u00e0 cocktail rectangulaire Dune d\u00e9gage une sophistication contemporaine gr\u00e2ce \u00e0 ses placages en noyer blanchi et \u00e0 ses solides en bois dur. Les ferrules en bronze blanc soulignent le design, tandis que les options personnalisables de teinture, de peinture, de peinture m\u00e9tallique, Artisan, MIY ou Premium Leaf vous permettent de la faire v\u00f4tre. Montr\u00e9 ici dans l&rsquo;\u00e9l\u00e9gante finition French Cuff.  <\/p>\n","protected":false},"featured_media":103099,"template":"","meta":{"_kad_blocks_custom_css":"","_kad_blocks_head_custom_js":"","_kad_blocks_body_custom_js":"","_kad_blocks_footer_custom_js":"","_kad_post_transparent":"","_kad_post_title":"","_kad_post_layout":"","_kad_post_sidebar_id":"","_kad_post_content_style":"","_kad_post_vertical_padding":"","_kad_post_feature":"","_kad_post_feature_position":"","_kad_post_header":false,"_kad_post_footer":false,"_kad_post_classname":""},"product_brand":[],"product_cat":[1327],"product_tag":[1369],"class_list":{"0":"post-100249","1":"product","2":"type-product","3":"status-publish","4":"has-post-thumbnail","6":"product_cat-salon-tables-a-cafe","7":"product_tag-theodore-fr","9":"first","10":"instock","11":"product-type-simple","12":"entry","13":"content-bg","14":"loop-entry"},"taxonomy_info":{"product_cat":[{"value":1327,"label":"Tables \u00e0 caf\u00e9"}],"product_tag":[{"value":1369,"label":"THEODORE"}]},"featured_image_src_large":["https:\/\/www.avenuedesigncanada.com\/wp-content\/uploads\/2021\/08\/P806CR_UF-HO-2-1024x1024.jpg",1024,1024,true],"author_info":[],"comment_info":"","_links":{"self":[{"href":"https:\/\/www.avenuedesigncanada.com\/fr\/wp-json\/wp\/v2\/product\/100249","targetHints":{"allow":["GET"]}}],"collection":[{"href":"https:\/\/www.avenuedesigncanada.com\/fr\/wp-json\/wp\/v2\/product"}],"about":[{"href":"https:\/\/www.avenuedesigncanada.com\/fr\/wp-json\/wp\/v2\/types\/product"}],"wp:featuredmedia":[{"embeddable":true,"href":"https:\/\/www.avenuedesigncanada.com\/fr\/wp-json\/wp\/v2\/media\/103099"}],"wp:attachment":[{"href":"https:\/\/www.avenuedesigncanada.com\/fr\/wp-json\/wp\/v2\/media?parent=100249"}],"wp:term":[{"taxonomy":"product_brand","embeddable":true,"href":"https:\/\/www.avenuedesigncanada.com\/fr\/wp-json\/wp\/v2\/product_brand?post=100249"},{"taxonomy":"product_cat","embeddable":true,"href":"https:\/\/www.avenuedesigncanada.com\/fr\/wp-json\/wp\/v2\/product_cat?post=100249"},{"taxonomy":"product_tag","embeddable":true,"href":"https:\/\/www.avenuedesigncanada.com\/fr\/wp-json\/wp\/v2\/product_tag?post=100249"}],"curies":[{"name":"wp","href":"https:\/\/api.w.org\/{rel}","templated":true}]}}