{"id":100275,"date":"2022-03-04T20:09:06","date_gmt":"2022-03-05T01:09:06","guid":{"rendered":"https:\/\/www.avenuedesigncanada.com\/?post_type=product&#038;p=100275"},"modified":"2026-02-11T15:59:33","modified_gmt":"2026-02-11T20:59:33","slug":"lit-dune-king","status":"publish","type":"product","link":"https:\/\/www.avenuedesigncanada.com\/fr\/product\/lit-dune-king\/","title":{"rendered":"Lit Dune"},"content":{"rendered":"<p>T\u00eate de lit, pied de lit et traverses tapiss\u00e9s.<\/p>\n<p>Bois d&rsquo;\u00e9rable<\/p>\n<p>Options<\/p>\n<p>Disponible en plusieurs tissus ou cuirs<\/p>\n<p>Teinture, peinture, peinture m\u00e9tallis\u00e9e, Artisan, MIY, Premium Leaf<\/p>\n<p>Offert en taille Queen, 66 x 86,5 x \u00a078,5h<\/p>\n","protected":false},"excerpt":{"rendered":"<p>T\u00eate de lit, pied de lit et traverses tapiss\u00e9s. Bois d&rsquo;\u00e9rable Options Disponible en plusieurs tissus ou cuirs Teinture, peinture, peinture m\u00e9tallis\u00e9e, Artisan, MIY, Premium Leaf Offert en taille Queen, 66 x 86,5 x \u00a078,5h<\/p>\n","protected":false},"featured_media":100271,"template":"","meta":{"_kad_blocks_custom_css":"","_kad_blocks_head_custom_js":"","_kad_blocks_body_custom_js":"","_kad_blocks_footer_custom_js":"","_kad_post_transparent":"","_kad_post_title":"","_kad_post_layout":"","_kad_post_sidebar_id":"","_kad_post_content_style":"","_kad_post_vertical_padding":"","_kad_post_feature":"","_kad_post_feature_position":"","_kad_post_header":false,"_kad_post_footer":false,"_kad_post_classname":""},"product_brand":[],"product_cat":[1296],"product_tag":[1369],"class_list":{"0":"post-100275","1":"product","2":"type-product","3":"status-publish","4":"has-post-thumbnail","6":"product_cat-lits","7":"product_tag-theodore-fr","9":"first","10":"instock","11":"taxable","12":"shipping-taxable","13":"product-type-simple","14":"entry","15":"content-bg","16":"loop-entry"},"taxonomy_info":{"product_cat":[{"value":1296,"label":"Lits"}],"product_tag":[{"value":1369,"label":"THEODORE"}]},"featured_image_src_large":["https:\/\/www.avenuedesigncanada.com\/wp-content\/uploads\/2021\/08\/V801K-HF_UB-Justify-Snow-HO-1024x1024.jpg",1024,1024,true],"author_info":[],"comment_info":"","_links":{"self":[{"href":"https:\/\/www.avenuedesigncanada.com\/fr\/wp-json\/wp\/v2\/product\/100275","targetHints":{"allow":["GET"]}}],"collection":[{"href":"https:\/\/www.avenuedesigncanada.com\/fr\/wp-json\/wp\/v2\/product"}],"about":[{"href":"https:\/\/www.avenuedesigncanada.com\/fr\/wp-json\/wp\/v2\/types\/product"}],"wp:featuredmedia":[{"embeddable":true,"href":"https:\/\/www.avenuedesigncanada.com\/fr\/wp-json\/wp\/v2\/media\/100271"}],"wp:attachment":[{"href":"https:\/\/www.avenuedesigncanada.com\/fr\/wp-json\/wp\/v2\/media?parent=100275"}],"wp:term":[{"taxonomy":"product_brand","embeddable":true,"href":"https:\/\/www.avenuedesigncanada.com\/fr\/wp-json\/wp\/v2\/product_brand?post=100275"},{"taxonomy":"product_cat","embeddable":true,"href":"https:\/\/www.avenuedesigncanada.com\/fr\/wp-json\/wp\/v2\/product_cat?post=100275"},{"taxonomy":"product_tag","embeddable":true,"href":"https:\/\/www.avenuedesigncanada.com\/fr\/wp-json\/wp\/v2\/product_tag?post=100275"}],"curies":[{"name":"wp","href":"https:\/\/api.w.org\/{rel}","templated":true}]}}