{"id":100277,"date":"2022-03-04T20:21:54","date_gmt":"2022-03-05T01:21:54","guid":{"rendered":"https:\/\/www.avenuedesigncanada.com\/?post_type=product&#038;p=100277"},"modified":"2026-02-11T15:59:34","modified_gmt":"2026-02-11T20:59:34","slug":"lit-ridge","status":"publish","type":"product","link":"https:\/\/www.avenuedesigncanada.com\/fr\/product\/lit-ridge\/","title":{"rendered":"Lit Ridge"},"content":{"rendered":"<p class=\"title\"><i>Les caract\u00e9ristiques du lit Ridge:<\/p>\n<p><\/i><\/p>\n<p><i>T\u00eate de lit rembour\u00e9e<\/p>\n<p><\/i>Le bois expos\u00e9 est fini bross\u00e9<\/p>\n<p>Bois de ch\u00eane<\/p>\n<p class=\"title\">Options<\/p>\n<p>Disponible dans une multitude de tissus ou de cuirs<\/p>\n<p>Teinture, Peinture, Peinture m\u00e9talique, fini Artisan, MIY, Premium Lea<\/p>\n<p>Offert en lit Queen, W 66.75 D 92.75 H 72<\/p>\n<p><span style=\"font-weight: 400;\">Vous avez des questions sur ce produit ?<\/p>\n<p><\/span><span style=\"font-weight: 400;\">Nos designers sont l\u00e0 pour vous aider.<\/span> Appelez-nous au (514) 340-9351.<\/p>\n","protected":false},"excerpt":{"rendered":"<p>Le lit Ridge allie un design contemporain \u00e0 des textures naturelles. Sa t\u00eate de lit rembourr\u00e9e offre confort et \u00e9l\u00e9gance, tandis que les \u00e9l\u00e9ments en ch\u00eane apparent pr\u00e9sentent une finition bross\u00e9e qui ajoute chaleur et caract\u00e8re. Disponible dans une vari\u00e9t\u00e9 de tissus ou de cuirs, et personnalisable avec des finitions telles que teinture, peinture, peinture m\u00e9tallique, Artisan, MIY et Premium Leaf, ce lit peut \u00eatre adapt\u00e9 \u00e0 votre style personnel. Le lit Ridge est une pi\u00e8ce ma\u00eetresse sophistiqu\u00e9e et polyvalente pour toute chambre \u00e0 coucher.<\/p>\n","protected":false},"featured_media":100279,"template":"","meta":{"_kad_blocks_custom_css":"","_kad_blocks_head_custom_js":"","_kad_blocks_body_custom_js":"","_kad_blocks_footer_custom_js":"","_kad_post_transparent":"default","_kad_post_title":"","_kad_post_layout":"default","_kad_post_sidebar_id":"","_kad_post_content_style":"default","_kad_post_vertical_padding":"default","_kad_post_feature":"","_kad_post_feature_position":"","_kad_post_header":false,"_kad_post_footer":false,"_kad_post_classname":""},"product_brand":[],"product_cat":[1296],"product_tag":[1369],"class_list":{"0":"post-100277","1":"product","2":"type-product","3":"status-publish","4":"has-post-thumbnail","6":"product_cat-lits","7":"product_tag-theodore-fr","9":"first","10":"instock","11":"taxable","12":"shipping-taxable","13":"product-type-simple","14":"entry","15":"content-bg","16":"loop-entry"},"taxonomy_info":{"product_cat":[{"value":1296,"label":"Lits"}],"product_tag":[{"value":1369,"label":"THEODORE"}]},"featured_image_src_large":["https:\/\/www.avenuedesigncanada.com\/wp-content\/uploads\/2021\/08\/V290K-HF-LH-1024x1024.jpg",1024,1024,true],"author_info":[],"comment_info":"","_links":{"self":[{"href":"https:\/\/www.avenuedesigncanada.com\/fr\/wp-json\/wp\/v2\/product\/100277","targetHints":{"allow":["GET"]}}],"collection":[{"href":"https:\/\/www.avenuedesigncanada.com\/fr\/wp-json\/wp\/v2\/product"}],"about":[{"href":"https:\/\/www.avenuedesigncanada.com\/fr\/wp-json\/wp\/v2\/types\/product"}],"wp:featuredmedia":[{"embeddable":true,"href":"https:\/\/www.avenuedesigncanada.com\/fr\/wp-json\/wp\/v2\/media\/100279"}],"wp:attachment":[{"href":"https:\/\/www.avenuedesigncanada.com\/fr\/wp-json\/wp\/v2\/media?parent=100277"}],"wp:term":[{"taxonomy":"product_brand","embeddable":true,"href":"https:\/\/www.avenuedesigncanada.com\/fr\/wp-json\/wp\/v2\/product_brand?post=100277"},{"taxonomy":"product_cat","embeddable":true,"href":"https:\/\/www.avenuedesigncanada.com\/fr\/wp-json\/wp\/v2\/product_cat?post=100277"},{"taxonomy":"product_tag","embeddable":true,"href":"https:\/\/www.avenuedesigncanada.com\/fr\/wp-json\/wp\/v2\/product_tag?post=100277"}],"curies":[{"name":"wp","href":"https:\/\/api.w.org\/{rel}","templated":true}]}}