{"id":100291,"date":"2022-02-04T20:46:22","date_gmt":"2022-02-05T01:46:22","guid":{"rendered":"https:\/\/www.avenuedesigncanada.com\/?post_type=product&#038;p=100291"},"modified":"2026-02-11T15:59:34","modified_gmt":"2026-02-11T20:59:34","slug":"chaise-ridge","status":"publish","type":"product","link":"https:\/\/www.avenuedesigncanada.com\/fr\/product\/chaise-ridge\/","title":{"rendered":"Chaise Ridge"},"content":{"rendered":"<p><em>La chaise de salle \u00e0 manger Ridge pr\u00e9sente les caract\u00e9ristiques suivantes :<\/em><br \/>\nSi\u00e8ge et dossier rembourr\u00e9s<br \/>\nLe bois expos\u00e9 est bross\u00e9<br \/>\nRembourrage standard en poly dacron<br \/>\nDisponible en plusieurs tissus ou cuirs<br \/>\nTeinture, peinture, peinture m\u00e9tallis\u00e9e, Artisan, MIY, Premium Leaf<\/p>\n<p>Vous avez des questions sur ce produit ? Nos concepteurs sont l\u00e0 pour vous aider. Appelez-nous au (514) 340-9351  <\/p>\n","protected":false},"excerpt":{"rendered":"<p>La chaise de salle \u00e0 manger Ridge pr\u00e9sente un \u00e9quilibre parfait entre le confort du rembourrage et les d\u00e9tails en bois bross\u00e9. Remplie de Poly Dacron pour le soutien et disponible dans une vari\u00e9t\u00e9 de tissus ou de cuirs, elle apporte un style raffin\u00e9 mais accessible \u00e0 votre salle \u00e0 manger. <\/p>\n","protected":false},"featured_media":100297,"template":"","meta":{"_kad_blocks_custom_css":"","_kad_blocks_head_custom_js":"","_kad_blocks_body_custom_js":"","_kad_blocks_footer_custom_js":"","_kad_post_transparent":"","_kad_post_title":"","_kad_post_layout":"","_kad_post_sidebar_id":"","_kad_post_content_style":"","_kad_post_vertical_padding":"","_kad_post_feature":"","_kad_post_feature_position":"","_kad_post_header":false,"_kad_post_footer":false,"_kad_post_classname":""},"product_brand":[],"product_cat":[1302],"product_tag":[1369],"class_list":{"0":"post-100291","1":"product","2":"type-product","3":"status-publish","4":"has-post-thumbnail","6":"product_cat-chaises","7":"product_tag-theodore-fr","9":"first","10":"instock","11":"taxable","12":"shipping-taxable","13":"product-type-simple","14":"entry","15":"content-bg","16":"loop-entry"},"taxonomy_info":{"product_cat":[{"value":1302,"label":"Chaises"}],"product_tag":[{"value":1369,"label":"THEODORE"}]},"featured_image_src_large":["https:\/\/www.avenuedesigncanada.com\/wp-content\/uploads\/2021\/08\/V291S_DA-Nomad-Snow-HO-1024x1024.jpg",1024,1024,true],"author_info":[],"comment_info":"","_links":{"self":[{"href":"https:\/\/www.avenuedesigncanada.com\/fr\/wp-json\/wp\/v2\/product\/100291","targetHints":{"allow":["GET"]}}],"collection":[{"href":"https:\/\/www.avenuedesigncanada.com\/fr\/wp-json\/wp\/v2\/product"}],"about":[{"href":"https:\/\/www.avenuedesigncanada.com\/fr\/wp-json\/wp\/v2\/types\/product"}],"wp:featuredmedia":[{"embeddable":true,"href":"https:\/\/www.avenuedesigncanada.com\/fr\/wp-json\/wp\/v2\/media\/100297"}],"wp:attachment":[{"href":"https:\/\/www.avenuedesigncanada.com\/fr\/wp-json\/wp\/v2\/media?parent=100291"}],"wp:term":[{"taxonomy":"product_brand","embeddable":true,"href":"https:\/\/www.avenuedesigncanada.com\/fr\/wp-json\/wp\/v2\/product_brand?post=100291"},{"taxonomy":"product_cat","embeddable":true,"href":"https:\/\/www.avenuedesigncanada.com\/fr\/wp-json\/wp\/v2\/product_cat?post=100291"},{"taxonomy":"product_tag","embeddable":true,"href":"https:\/\/www.avenuedesigncanada.com\/fr\/wp-json\/wp\/v2\/product_tag?post=100291"}],"curies":[{"name":"wp","href":"https:\/\/api.w.org\/{rel}","templated":true}]}}