{"id":102141,"date":"2021-08-19T10:19:44","date_gmt":"2021-08-19T14:19:44","guid":{"rendered":"https:\/\/www.avenuedesigncanada.com\/?post_type=product&#038;p=102141"},"modified":"2026-02-11T15:59:34","modified_gmt":"2026-02-11T20:59:34","slug":"fauteuil-martha","status":"publish","type":"product","link":"https:\/\/www.avenuedesigncanada.com\/fr\/product\/fauteuil-martha\/","title":{"rendered":"Fauteuil Martha"},"content":{"rendered":"<p><em>La chaise Martha comprend: <\/em><\/p>\n<p>Coussin de dossier rembourr\u00e9 en polyester et duvet<br \/>\nCoussin d&rsquo;assise avec \u00e2me en mousse et housse en m\u00e9lange de duvet<br \/>\nPieds chrom\u00e9s<br \/>\nStructure en bois massif<br \/>\nFabriqu\u00e9 au Canada<\/p>\n<p>Options<br \/>\nChoix de tissus ou de cuirs<br \/>\n\u00c9galement disponible en canap\u00e9 modulable, canap\u00e9 d&rsquo;appartement, causeuse ou fauteuil<\/p>\n<p>Avez-vous des questions \u00e0 propos de ce produit ?<br \/>\nNos designers sont l\u00e0 pour vous aider. Appelez-nous au (514) 340-9351<\/p>\n","protected":false},"excerpt":{"rendered":"<p>Con\u00e7ue pour offrir un confort exceptionnel et une qualit\u00e9 durable, cette pi\u00e8ce est dot\u00e9e d&rsquo;un coussin de dossier moelleux rembourr\u00e9 de poly\/duvet et d&rsquo;une assise en mousse envelopp\u00e9e d&rsquo;un luxueux m\u00e9lange de duvet pour un \u00e9quilibre parfait entre soutien et douceur. Les pieds chrom\u00e9s \u00e9l\u00e9gants ajoutent une touche moderne, tandis que le cadre robuste en bois dur garantit la durabilit\u00e9 pour un usage quotidien. Fi\u00e8rement fabriqu\u00e9e au Canada.  <\/p>\n","protected":false},"featured_media":102143,"template":"","meta":{"_kad_blocks_custom_css":"","_kad_blocks_head_custom_js":"","_kad_blocks_body_custom_js":"","_kad_blocks_footer_custom_js":"","_kad_post_transparent":"","_kad_post_title":"","_kad_post_layout":"","_kad_post_sidebar_id":"","_kad_post_content_style":"","_kad_post_vertical_padding":"","_kad_post_feature":"","_kad_post_feature_position":"","_kad_post_header":false,"_kad_post_footer":false,"_kad_post_classname":""},"product_brand":[],"product_cat":[1965,1320],"product_tag":[1371],"class_list":{"0":"post-102141","1":"product","2":"type-product","3":"status-publish","4":"has-post-thumbnail","6":"product_cat-chaise-sur-mesure","7":"product_cat-fauteuils","8":"product_tag-hkhaju-fr","10":"first","11":"instock","12":"product-type-simple","13":"entry","14":"content-bg","15":"loop-entry"},"taxonomy_info":{"product_cat":[{"value":1965,"label":"Chaise Sur Mesure"},{"value":1320,"label":"Fauteuils"}],"product_tag":[{"value":1371,"label":"HKHAJU"}]},"featured_image_src_large":["https:\/\/www.avenuedesigncanada.com\/wp-content\/uploads\/2021\/08\/martha_p4-1247x1280-2-1024x1024.png",1024,1024,true],"author_info":[],"comment_info":"","_links":{"self":[{"href":"https:\/\/www.avenuedesigncanada.com\/fr\/wp-json\/wp\/v2\/product\/102141","targetHints":{"allow":["GET"]}}],"collection":[{"href":"https:\/\/www.avenuedesigncanada.com\/fr\/wp-json\/wp\/v2\/product"}],"about":[{"href":"https:\/\/www.avenuedesigncanada.com\/fr\/wp-json\/wp\/v2\/types\/product"}],"wp:featuredmedia":[{"embeddable":true,"href":"https:\/\/www.avenuedesigncanada.com\/fr\/wp-json\/wp\/v2\/media\/102143"}],"wp:attachment":[{"href":"https:\/\/www.avenuedesigncanada.com\/fr\/wp-json\/wp\/v2\/media?parent=102141"}],"wp:term":[{"taxonomy":"product_brand","embeddable":true,"href":"https:\/\/www.avenuedesigncanada.com\/fr\/wp-json\/wp\/v2\/product_brand?post=102141"},{"taxonomy":"product_cat","embeddable":true,"href":"https:\/\/www.avenuedesigncanada.com\/fr\/wp-json\/wp\/v2\/product_cat?post=102141"},{"taxonomy":"product_tag","embeddable":true,"href":"https:\/\/www.avenuedesigncanada.com\/fr\/wp-json\/wp\/v2\/product_tag?post=102141"}],"curies":[{"name":"wp","href":"https:\/\/api.w.org\/{rel}","templated":true}]}}