{"id":102180,"date":"2022-01-19T14:45:10","date_gmt":"2022-01-19T19:45:10","guid":{"rendered":"https:\/\/www.avenuedesigncanada.com\/?post_type=product&#038;p=102180"},"modified":"2026-02-11T15:59:35","modified_gmt":"2026-02-11T20:59:35","slug":"modulaire-martha","status":"publish","type":"product","link":"https:\/\/www.avenuedesigncanada.com\/fr\/product\/modulaire-martha\/","title":{"rendered":"Sectionnel Martha"},"content":{"rendered":"<p>Caract\u00e9ristiques du canap\u00e9 modulable Martha:<\/p>\n<p>Des coussins de dossier en Poly\/Duvet<\/p>\n<p>Des coussins d\u2019assise en mousse recouverts de duvet<\/p>\n<p>Pi\u00e9tement chrome<\/p>\n<p>Une structure en bois massif<\/p>\n<p>Fait au Canada<\/p>\n<p>Options<\/p>\n<p>Choix de tissu ou cuir<\/p>\n<p>\u00c9galement disponible dans de nombreuses configurations ainsi qu&rsquo;en canap\u00e9, causeuse et fauteuil.<\/p>\n<p><span style=\"font-weight: 400;\">Vous avez des questions sur ce produit ?<\/p>\n<p><\/span><span style=\"font-weight: 400;\">Nos designers sont l\u00e0 pour vous aider.<\/span> <span style=\"font-weight: 400;\">Appelez-nous au (514) 340-9351.<\/span><\/p>\n","protected":false},"excerpt":{"rendered":"<p>Le canap\u00e9 d&rsquo;angle Martha est con\u00e7u pour ceux qui appr\u00e9cient \u00e0 la fois le confort et le style contemporain. Dot\u00e9 de coussins de dossier moelleux en polyester et en duvet et de coussins de si\u00e8ge en mousse offrant un bon soutien, recouverts d&rsquo;un luxueux m\u00e9lange de duvet, il offre une d\u00e9tente exceptionnelle gr\u00e2ce \u00e0 sa structure raffin\u00e9e. Ses pieds chrom\u00e9s \u00e9l\u00e9gants ajoutent une touche moderne, tandis que son cadre en bois massif garantit une durabilit\u00e9 \u00e0 toute \u00e9preuve. Fi\u00e8rement fabriqu\u00e9 au Canada, le canap\u00e9 d&rsquo;angle Martha est une pi\u00e8ce ma\u00eetresse sophistiqu\u00e9e qui apporte \u00e9l\u00e9gance, confort et savoir-faire de qualit\u00e9 \u00e0 votre espace de vie.<\/p>\n","protected":false},"featured_media":102184,"template":"","meta":{"_kad_blocks_custom_css":"","_kad_blocks_head_custom_js":"","_kad_blocks_body_custom_js":"","_kad_blocks_footer_custom_js":"","_kad_post_transparent":"default","_kad_post_title":"","_kad_post_layout":"default","_kad_post_sidebar_id":"","_kad_post_content_style":"default","_kad_post_vertical_padding":"default","_kad_post_feature":"","_kad_post_feature_position":"","_kad_post_header":false,"_kad_post_footer":false,"_kad_post_classname":""},"product_brand":[],"product_cat":[1324,1967],"product_tag":[1371],"class_list":{"0":"post-102180","1":"product","2":"type-product","3":"status-publish","4":"has-post-thumbnail","6":"product_cat-meubles-modulaires","7":"product_cat-modulaire-sur-mesure","8":"product_tag-hkhaju-fr","10":"first","11":"instock","12":"product-type-simple","13":"entry","14":"content-bg","15":"loop-entry"},"taxonomy_info":{"product_cat":[{"value":1324,"label":"Meubles modulaires"},{"value":1967,"label":"modulaire sur mesure"}],"product_tag":[{"value":1371,"label":"HKHAJU"}]},"featured_image_src_large":["https:\/\/www.avenuedesigncanada.com\/wp-content\/uploads\/2021\/08\/NoName5-angled-1280x698-2-1024x1024.jpg",1024,1024,true],"author_info":[],"comment_info":"","_links":{"self":[{"href":"https:\/\/www.avenuedesigncanada.com\/fr\/wp-json\/wp\/v2\/product\/102180","targetHints":{"allow":["GET"]}}],"collection":[{"href":"https:\/\/www.avenuedesigncanada.com\/fr\/wp-json\/wp\/v2\/product"}],"about":[{"href":"https:\/\/www.avenuedesigncanada.com\/fr\/wp-json\/wp\/v2\/types\/product"}],"wp:featuredmedia":[{"embeddable":true,"href":"https:\/\/www.avenuedesigncanada.com\/fr\/wp-json\/wp\/v2\/media\/102184"}],"wp:attachment":[{"href":"https:\/\/www.avenuedesigncanada.com\/fr\/wp-json\/wp\/v2\/media?parent=102180"}],"wp:term":[{"taxonomy":"product_brand","embeddable":true,"href":"https:\/\/www.avenuedesigncanada.com\/fr\/wp-json\/wp\/v2\/product_brand?post=102180"},{"taxonomy":"product_cat","embeddable":true,"href":"https:\/\/www.avenuedesigncanada.com\/fr\/wp-json\/wp\/v2\/product_cat?post=102180"},{"taxonomy":"product_tag","embeddable":true,"href":"https:\/\/www.avenuedesigncanada.com\/fr\/wp-json\/wp\/v2\/product_tag?post=102180"}],"curies":[{"name":"wp","href":"https:\/\/api.w.org\/{rel}","templated":true}]}}