{"id":108796,"date":"2021-10-05T10:24:41","date_gmt":"2021-10-05T14:24:41","guid":{"rendered":"https:\/\/www.avenuedesigncanada.com\/?post_type=product&#038;p=108796"},"modified":"2026-02-11T15:59:37","modified_gmt":"2026-02-11T20:59:37","slug":"table-de-chevet-lowe","status":"publish","type":"product","link":"https:\/\/www.avenuedesigncanada.com\/fr\/product\/table-de-chevet-lowe\/","title":{"rendered":"Table de chevet Lowe"},"content":{"rendered":"<p><em>La table de nuit Lowe pr\u00e9sente les caract\u00e9ristiques suivantes :<\/em><br \/>\nPlacages de ch\u00eane blanc au fini Jicama<br \/>\nUn tiroir \u00e0 ouverture par pression avec panneau frontal encastr\u00e9 en aluminium moul\u00e9 au fini nickel brillant<br \/>\nPatins r\u00e9glables<br \/>\nRemarque : L&rsquo;arri\u00e8re de la caisse n&rsquo;est pas fini et n&rsquo;est pas con\u00e7u pour supporter un t\u00e9l\u00e9viseur ou d&rsquo;autres m\u00e9dias.<\/p>\n<p>vous avez des questions sur ce produit ? Nos designers sont l\u00e0 pour vous aider. Appelez-nous au (514) 340-9351<\/p>\n","protected":false},"excerpt":{"rendered":"<p>La table de nuit Lowe est fabriqu\u00e9e en placages de ch\u00eane blanc avec une finition Jicama et comprend un tiroir \u00e0 ouverture par pression avec un panneau frontal en aluminium moul\u00e9 ins\u00e9r\u00e9 dans une finition nickel brillante. \u00c9pur\u00e9e et contemporaine, elle repose sur des glissi\u00e8res r\u00e9glables et offre une pr\u00e9sence \u00e9l\u00e9gante et moderne au chevet du lit. <\/p>\n","protected":false},"featured_media":108802,"template":"","meta":{"_kad_blocks_custom_css":"","_kad_blocks_head_custom_js":"","_kad_blocks_body_custom_js":"","_kad_blocks_footer_custom_js":"","_kad_post_transparent":"","_kad_post_title":"","_kad_post_layout":"","_kad_post_sidebar_id":"","_kad_post_content_style":"","_kad_post_vertical_padding":"","_kad_post_feature":"","_kad_post_feature_position":"","_kad_post_header":false,"_kad_post_footer":false,"_kad_post_classname":""},"product_brand":[],"product_cat":[1299],"product_tag":[1844],"class_list":{"0":"post-108796","1":"product","2":"type-product","3":"status-publish","4":"has-post-thumbnail","6":"product_cat-tables-de-nuit","7":"product_tag-barcelona-cg-fr-2","9":"first","10":"instock","11":"taxable","12":"shipping-taxable","13":"product-type-simple","14":"entry","15":"content-bg","16":"loop-entry"},"taxonomy_info":{"product_cat":[{"value":1299,"label":"Tables de chevet"}],"product_tag":[{"value":1844,"label":"BARCELONA - CG"}]},"featured_image_src_large":["https:\/\/www.avenuedesigncanada.com\/wp-content\/uploads\/2021\/10\/305228_lowe_frontalt-2-1024x1024.jpg",1024,1024,true],"author_info":[],"comment_info":"","_links":{"self":[{"href":"https:\/\/www.avenuedesigncanada.com\/fr\/wp-json\/wp\/v2\/product\/108796","targetHints":{"allow":["GET"]}}],"collection":[{"href":"https:\/\/www.avenuedesigncanada.com\/fr\/wp-json\/wp\/v2\/product"}],"about":[{"href":"https:\/\/www.avenuedesigncanada.com\/fr\/wp-json\/wp\/v2\/types\/product"}],"wp:featuredmedia":[{"embeddable":true,"href":"https:\/\/www.avenuedesigncanada.com\/fr\/wp-json\/wp\/v2\/media\/108802"}],"wp:attachment":[{"href":"https:\/\/www.avenuedesigncanada.com\/fr\/wp-json\/wp\/v2\/media?parent=108796"}],"wp:term":[{"taxonomy":"product_brand","embeddable":true,"href":"https:\/\/www.avenuedesigncanada.com\/fr\/wp-json\/wp\/v2\/product_brand?post=108796"},{"taxonomy":"product_cat","embeddable":true,"href":"https:\/\/www.avenuedesigncanada.com\/fr\/wp-json\/wp\/v2\/product_cat?post=108796"},{"taxonomy":"product_tag","embeddable":true,"href":"https:\/\/www.avenuedesigncanada.com\/fr\/wp-json\/wp\/v2\/product_tag?post=108796"}],"curies":[{"name":"wp","href":"https:\/\/api.w.org\/{rel}","templated":true}]}}