{"id":108808,"date":"2021-10-05T10:37:15","date_gmt":"2021-10-05T14:37:15","guid":{"rendered":"https:\/\/www.avenuedesigncanada.com\/?post_type=product&#038;p=108808"},"modified":"2026-02-11T15:59:38","modified_gmt":"2026-02-11T20:59:38","slug":"table-a-cafe-pearle","status":"publish","type":"product","link":"https:\/\/www.avenuedesigncanada.com\/fr\/product\/table-a-cafe-pearle\/","title":{"rendered":"Table \u00e0 caf\u00e9 Pearle"},"content":{"rendered":"<p><em>La table \u00e0 cocktail Pearle pr\u00e9sente les caract\u00e9ristiques suivantes :<\/em><\/p>\n<p>Plateau Capiz Shell avec couche de finition en polylite<br \/>\nPanneau de pied en acrylique<\/p>\n<p>Vous avez des questions sur ce produit ? Nos concepteurs sont l\u00e0 pour vous aider. Appelez-nous au (514) 340-9351  <\/p>\n","protected":false},"excerpt":{"rendered":"<p>La table \u00e0 cocktail Pearle est une pi\u00e8ce d\u00e9licate qui se caract\u00e9rise par un plateau en coquillage Capiz lustr\u00e9, prot\u00e9g\u00e9 par un rev\u00eatement en polylite, associ\u00e9 \u00e0 un \u00e9l\u00e9gant panneau de pied en acrylique. Son design \u00e9th\u00e9r\u00e9 ajoute de la lumi\u00e8re et de la texture \u00e0 tout espace de vie. <\/p>\n","protected":false},"featured_media":108812,"template":"","meta":{"_kad_blocks_custom_css":"","_kad_blocks_head_custom_js":"","_kad_blocks_body_custom_js":"","_kad_blocks_footer_custom_js":"","_kad_post_transparent":"","_kad_post_title":"","_kad_post_layout":"","_kad_post_sidebar_id":"","_kad_post_content_style":"","_kad_post_vertical_padding":"","_kad_post_feature":"","_kad_post_feature_position":"","_kad_post_header":false,"_kad_post_footer":false,"_kad_post_classname":""},"product_brand":[],"product_cat":[1327],"product_tag":[1844],"class_list":{"0":"post-108808","1":"product","2":"type-product","3":"status-publish","4":"has-post-thumbnail","6":"product_cat-salon-tables-a-cafe","7":"product_tag-barcelona-cg-fr-2","9":"first","10":"instock","11":"taxable","12":"shipping-taxable","13":"product-type-simple","14":"entry","15":"content-bg","16":"loop-entry"},"taxonomy_info":{"product_cat":[{"value":1327,"label":"Tables \u00e0 caf\u00e9"}],"product_tag":[{"value":1844,"label":"BARCELONA - CG"}]},"featured_image_src_large":["https:\/\/www.avenuedesigncanada.com\/wp-content\/uploads\/2021\/10\/305016_pearle_frontalt-2-1024x1024.jpg",1024,1024,true],"author_info":[],"comment_info":"","_links":{"self":[{"href":"https:\/\/www.avenuedesigncanada.com\/fr\/wp-json\/wp\/v2\/product\/108808","targetHints":{"allow":["GET"]}}],"collection":[{"href":"https:\/\/www.avenuedesigncanada.com\/fr\/wp-json\/wp\/v2\/product"}],"about":[{"href":"https:\/\/www.avenuedesigncanada.com\/fr\/wp-json\/wp\/v2\/types\/product"}],"wp:featuredmedia":[{"embeddable":true,"href":"https:\/\/www.avenuedesigncanada.com\/fr\/wp-json\/wp\/v2\/media\/108812"}],"wp:attachment":[{"href":"https:\/\/www.avenuedesigncanada.com\/fr\/wp-json\/wp\/v2\/media?parent=108808"}],"wp:term":[{"taxonomy":"product_brand","embeddable":true,"href":"https:\/\/www.avenuedesigncanada.com\/fr\/wp-json\/wp\/v2\/product_brand?post=108808"},{"taxonomy":"product_cat","embeddable":true,"href":"https:\/\/www.avenuedesigncanada.com\/fr\/wp-json\/wp\/v2\/product_cat?post=108808"},{"taxonomy":"product_tag","embeddable":true,"href":"https:\/\/www.avenuedesigncanada.com\/fr\/wp-json\/wp\/v2\/product_tag?post=108808"}],"curies":[{"name":"wp","href":"https:\/\/api.w.org\/{rel}","templated":true}]}}