{"id":108832,"date":"2021-10-05T11:34:14","date_gmt":"2021-10-05T15:34:14","guid":{"rendered":"https:\/\/www.avenuedesigncanada.com\/?post_type=product&#038;p=108832"},"modified":"2026-02-11T15:59:38","modified_gmt":"2026-02-11T20:59:38","slug":"talbe-a-cafe-tegan","status":"publish","type":"product","link":"https:\/\/www.avenuedesigncanada.com\/fr\/product\/talbe-a-cafe-tegan\/","title":{"rendered":"Table \u00e0 caf\u00e9 Tegan"},"content":{"rendered":"<p><em>La table \u00e0 cocktail Tegan pr\u00e9sente les caract\u00e9ristiques suivantes :<\/em><\/p>\n<p>Plateau en marbre stratifi\u00e9 Black Forest<br \/>\nSocle en fonte d&rsquo;aluminium finition nickel brillant<br \/>\nPatins r\u00e9glables<\/p>\n<p>Vous avez des questions sur ce produit ? Nos concepteurs sont l\u00e0 pour vous aider. Appelez-nous au (514) 340-9351  <\/p>\n","protected":false},"excerpt":{"rendered":"<p>La table \u00e0 cocktail Tegan allie luxe et modernit\u00e9 avec un plateau en marbre Black Forest lamin\u00e9 reposant sur une base en aluminium moul\u00e9 en nickel brillant. Les patins r\u00e9glables assurent la stabilit\u00e9 de la table sur n&rsquo;importe quelle surface. <\/p>\n","protected":false},"featured_media":108838,"template":"","meta":{"_kad_blocks_custom_css":"","_kad_blocks_head_custom_js":"","_kad_blocks_body_custom_js":"","_kad_blocks_footer_custom_js":"","_kad_post_transparent":"","_kad_post_title":"","_kad_post_layout":"","_kad_post_sidebar_id":"","_kad_post_content_style":"","_kad_post_vertical_padding":"","_kad_post_feature":"","_kad_post_feature_position":"","_kad_post_header":false,"_kad_post_footer":false,"_kad_post_classname":""},"product_brand":[],"product_cat":[1327],"product_tag":[1844],"class_list":{"0":"post-108832","1":"product","2":"type-product","3":"status-publish","4":"has-post-thumbnail","6":"product_cat-salon-tables-a-cafe","7":"product_tag-barcelona-cg-fr-2","9":"first","10":"instock","11":"taxable","12":"shipping-taxable","13":"product-type-simple","14":"entry","15":"content-bg","16":"loop-entry"},"taxonomy_info":{"product_cat":[{"value":1327,"label":"Tables \u00e0 caf\u00e9"}],"product_tag":[{"value":1844,"label":"BARCELONA - CG"}]},"featured_image_src_large":["https:\/\/www.avenuedesigncanada.com\/wp-content\/uploads\/2021\/10\/305013_tegan_frontalt-2-1024x1024.jpg",1024,1024,true],"author_info":[],"comment_info":"","_links":{"self":[{"href":"https:\/\/www.avenuedesigncanada.com\/fr\/wp-json\/wp\/v2\/product\/108832","targetHints":{"allow":["GET"]}}],"collection":[{"href":"https:\/\/www.avenuedesigncanada.com\/fr\/wp-json\/wp\/v2\/product"}],"about":[{"href":"https:\/\/www.avenuedesigncanada.com\/fr\/wp-json\/wp\/v2\/types\/product"}],"wp:featuredmedia":[{"embeddable":true,"href":"https:\/\/www.avenuedesigncanada.com\/fr\/wp-json\/wp\/v2\/media\/108838"}],"wp:attachment":[{"href":"https:\/\/www.avenuedesigncanada.com\/fr\/wp-json\/wp\/v2\/media?parent=108832"}],"wp:term":[{"taxonomy":"product_brand","embeddable":true,"href":"https:\/\/www.avenuedesigncanada.com\/fr\/wp-json\/wp\/v2\/product_brand?post=108832"},{"taxonomy":"product_cat","embeddable":true,"href":"https:\/\/www.avenuedesigncanada.com\/fr\/wp-json\/wp\/v2\/product_cat?post=108832"},{"taxonomy":"product_tag","embeddable":true,"href":"https:\/\/www.avenuedesigncanada.com\/fr\/wp-json\/wp\/v2\/product_tag?post=108832"}],"curies":[{"name":"wp","href":"https:\/\/api.w.org\/{rel}","templated":true}]}}