{"id":109009,"date":"2021-10-07T08:51:36","date_gmt":"2021-10-07T12:51:36","guid":{"rendered":"https:\/\/www.avenuedesigncanada.com\/?post_type=product&#038;p=109009"},"modified":"2026-02-11T15:59:39","modified_gmt":"2026-02-11T20:59:39","slug":"commode-6-tiroirs-haines","status":"publish","type":"product","link":"https:\/\/www.avenuedesigncanada.com\/fr\/product\/commode-6-tiroirs-haines\/","title":{"rendered":"Commode 6 tiroirs Haines"},"content":{"rendered":"<p><em>La commode Haines pr\u00e9sente les caract\u00e9ristiques suivantes :<\/em><br \/>\nFini brun sable avec six tiroirs et tirettes en m\u00e9tal. Pieds en acier tubulaire peints en gris brumeux et pied central en bois.  Patins ajustables<\/p>\n<p>Vous avez des questions sur ce produit ?<br \/>\nNos concepteurs sont l\u00e0 pour vous aider.<br \/>\nAppelez-nous au (514) 340-9351<\/p>\n","protected":false},"excerpt":{"rendered":"<p>La commode Haines offre un look industriel raffin\u00e9 avec son fini brun sable profond et ses accents m\u00e9talliques subtils. Ses tiroirs aux lignes \u00e9pur\u00e9es et ses pieds en acier \u00e9lanc\u00e9s cr\u00e9ent un m\u00e9lange \u00e9quilibr\u00e9 de chaleur et de structure moderne, parfait pour les espaces contemporains. <\/p>\n","protected":false},"featured_media":109018,"template":"","meta":{"_kad_blocks_custom_css":"","_kad_blocks_head_custom_js":"","_kad_blocks_body_custom_js":"","_kad_blocks_footer_custom_js":"","_kad_post_transparent":"","_kad_post_title":"","_kad_post_layout":"","_kad_post_sidebar_id":"","_kad_post_content_style":"","_kad_post_vertical_padding":"","_kad_post_feature":"","_kad_post_feature_position":"","_kad_post_header":false,"_kad_post_footer":false,"_kad_post_classname":""},"product_brand":[],"product_cat":[1298],"product_tag":[1844],"class_list":{"0":"post-109009","1":"product","2":"type-product","3":"status-publish","4":"has-post-thumbnail","6":"product_cat-commodes","7":"product_tag-barcelona-cg-fr-2","9":"first","10":"instock","11":"product-type-simple","12":"entry","13":"content-bg","14":"loop-entry"},"taxonomy_info":{"product_cat":[{"value":1298,"label":"Commodes"}],"product_tag":[{"value":1844,"label":"BARCELONA - CG"}]},"featured_image_src_large":["https:\/\/www.avenuedesigncanada.com\/wp-content\/uploads\/2021\/10\/bernhardt_loft_logan-square_haines_dresser_303-044b_front-2-1024x1024.jpg",1024,1024,true],"author_info":[],"comment_info":"","_links":{"self":[{"href":"https:\/\/www.avenuedesigncanada.com\/fr\/wp-json\/wp\/v2\/product\/109009","targetHints":{"allow":["GET"]}}],"collection":[{"href":"https:\/\/www.avenuedesigncanada.com\/fr\/wp-json\/wp\/v2\/product"}],"about":[{"href":"https:\/\/www.avenuedesigncanada.com\/fr\/wp-json\/wp\/v2\/types\/product"}],"wp:featuredmedia":[{"embeddable":true,"href":"https:\/\/www.avenuedesigncanada.com\/fr\/wp-json\/wp\/v2\/media\/109018"}],"wp:attachment":[{"href":"https:\/\/www.avenuedesigncanada.com\/fr\/wp-json\/wp\/v2\/media?parent=109009"}],"wp:term":[{"taxonomy":"product_brand","embeddable":true,"href":"https:\/\/www.avenuedesigncanada.com\/fr\/wp-json\/wp\/v2\/product_brand?post=109009"},{"taxonomy":"product_cat","embeddable":true,"href":"https:\/\/www.avenuedesigncanada.com\/fr\/wp-json\/wp\/v2\/product_cat?post=109009"},{"taxonomy":"product_tag","embeddable":true,"href":"https:\/\/www.avenuedesigncanada.com\/fr\/wp-json\/wp\/v2\/product_tag?post=109009"}],"curies":[{"name":"wp","href":"https:\/\/api.w.org\/{rel}","templated":true}]}}