{"id":109079,"date":"2021-10-07T10:17:23","date_gmt":"2021-10-07T14:17:23","guid":{"rendered":"https:\/\/www.avenuedesigncanada.com\/?post_type=product&#038;p=109079"},"modified":"2026-02-11T15:59:40","modified_gmt":"2026-02-11T20:59:40","slug":"lit-a-panneaux-fuller","status":"publish","type":"product","link":"https:\/\/www.avenuedesigncanada.com\/fr\/product\/lit-a-panneaux-fuller\/","title":{"rendered":"Lit \u00e0 panneaux Fuller"},"content":{"rendered":"<p><em>Caract\u00e9ristiques du lit \u00e0 panneaux Fuller :<\/em><\/p>\n<p>Sable Brown finish<\/p>\n<p>T\u00eate de lit et pied de lit \u00e0 facette avec pieds en bois<\/p>\n<p>Panneaux lat\u00e9raux en bois<\/p>\n<p>Syst\u00e8me de support \u00e0 cinq lattes en bois avec supports centraux r\u00e9glables<\/p>\n<div class=\"product-options\">Options<\/p>\n<p><em>Note:<\/em> La t\u00eate de lit ne peut pas \u00eatre utilis\u00e9e seule. Doit \u00eatre command\u00e9 avec le pied de lit\/les panneaux lat\u00e9raux.<\/p>\n<p>Disponible en format Queen, 64 x 86.5 x 60.75h<\/p>\n<p><span style=\"font-weight: 400;\">Vous avez des questions sur ce produit ?<\/p>\n<p><\/span><span style=\"font-weight: 400;\">Nos designers sont l\u00e0 pour vous aider.<\/span> <span style=\"font-weight: 400;\">Appelez-nous au (514) 340-9351.<\/span><\/p>\n<\/div>\n","protected":false},"excerpt":{"rendered":"<p>Le lit \u00e0 panneaux Fuller allie un design classique \u00e0 une fonctionnalit\u00e9 moderne. Avec sa riche finition brun sable, il se distingue par une t\u00eate et un pied de lit magnifiquement d\u00e9taill\u00e9s, orn\u00e9s d&rsquo;un motif d\u00e9coratif fancy face et soutenus par des pieds en bois massif. Compl\u00e9t\u00e9 par des rails lat\u00e9raux en bois assortis et un syst\u00e8me de soutien \u00e0 cinq lattes en bois avec supports centraux r\u00e9glables, ce lit garantit \u00e0 la fois durabilit\u00e9 et confort, tout en constituant un \u00e9l\u00e9ment central sophistiqu\u00e9 dans n&rsquo;importe quelle chambre \u00e0 coucher.<\/p>\n","protected":false},"featured_media":109092,"template":"","meta":{"_kad_blocks_custom_css":"","_kad_blocks_head_custom_js":"","_kad_blocks_body_custom_js":"","_kad_blocks_footer_custom_js":"","_kad_post_transparent":"default","_kad_post_title":"","_kad_post_layout":"default","_kad_post_sidebar_id":"","_kad_post_content_style":"default","_kad_post_vertical_padding":"default","_kad_post_feature":"","_kad_post_feature_position":"","_kad_post_header":false,"_kad_post_footer":false,"_kad_post_classname":""},"product_brand":[],"product_cat":[1296],"product_tag":[1851],"class_list":{"0":"post-109079","1":"product","2":"type-product","3":"status-publish","4":"has-post-thumbnail","6":"product_cat-lits","7":"product_tag-barcelona-fr","9":"first","10":"instock","11":"product-type-simple","12":"entry","13":"content-bg","14":"loop-entry"},"taxonomy_info":{"product_cat":[{"value":1296,"label":"Lits"}],"product_tag":[{"value":1851,"label":"BARCELONA"}]},"featured_image_src_large":["https:\/\/www.avenuedesigncanada.com\/wp-content\/uploads\/2021\/10\/bernhardt_loft_logan-square_fuller_panel_bed_303-h03b-fr3b_front-2-1024x1024.jpg",1024,1024,true],"author_info":[],"comment_info":"","_links":{"self":[{"href":"https:\/\/www.avenuedesigncanada.com\/fr\/wp-json\/wp\/v2\/product\/109079","targetHints":{"allow":["GET"]}}],"collection":[{"href":"https:\/\/www.avenuedesigncanada.com\/fr\/wp-json\/wp\/v2\/product"}],"about":[{"href":"https:\/\/www.avenuedesigncanada.com\/fr\/wp-json\/wp\/v2\/types\/product"}],"wp:featuredmedia":[{"embeddable":true,"href":"https:\/\/www.avenuedesigncanada.com\/fr\/wp-json\/wp\/v2\/media\/109092"}],"wp:attachment":[{"href":"https:\/\/www.avenuedesigncanada.com\/fr\/wp-json\/wp\/v2\/media?parent=109079"}],"wp:term":[{"taxonomy":"product_brand","embeddable":true,"href":"https:\/\/www.avenuedesigncanada.com\/fr\/wp-json\/wp\/v2\/product_brand?post=109079"},{"taxonomy":"product_cat","embeddable":true,"href":"https:\/\/www.avenuedesigncanada.com\/fr\/wp-json\/wp\/v2\/product_cat?post=109079"},{"taxonomy":"product_tag","embeddable":true,"href":"https:\/\/www.avenuedesigncanada.com\/fr\/wp-json\/wp\/v2\/product_tag?post=109079"}],"curies":[{"name":"wp","href":"https:\/\/api.w.org\/{rel}","templated":true}]}}