{"id":109187,"date":"2021-10-07T12:15:24","date_gmt":"2021-10-07T16:15:24","guid":{"rendered":"https:\/\/www.avenuedesigncanada.com\/?post_type=product&#038;p=109187"},"modified":"2026-02-11T15:59:40","modified_gmt":"2026-02-11T20:59:40","slug":"buffet-payson","status":"publish","type":"product","link":"https:\/\/www.avenuedesigncanada.com\/fr\/product\/buffet-payson\/","title":{"rendered":"Buffet Payson"},"content":{"rendered":"<p><em>Le buffet Payson pr\u00e9sente les caract\u00e9ristiques suivantes :<\/em><br \/>\nFinition brun sable<br \/>\nTrois tiroirs avec tirettes en m\u00e9tal sur le c\u00f4t\u00e9 gauche<br \/>\nUne porte \u00e0 fermeture progressive sur le c\u00f4t\u00e9 droit<br \/>\nUne \u00e9tag\u00e8re r\u00e9glable et amovible derri\u00e8re la porte<br \/>\nSocle<br \/>\nPatins r\u00e9glables<\/p>\n<p>Vous avez des questions sur ce produit ? Nos concepteurs sont l\u00e0 pour vous aider. Appelez-nous au (514) 340-9351  <\/p>\n","protected":false},"excerpt":{"rendered":"<p>Fini en brun sable chaud, le buffet Payson comprend trois tiroirs avec des tirettes en m\u00e9tal \u00e0 gauche et une porte \u00e0 fermeture douce \u00e0 droite. A l&rsquo;int\u00e9rieur de la porte, une \u00e9tag\u00e8re r\u00e9glable et amovible offre un espace de rangement flexible. Le socle et les patins r\u00e9glables assurent la stabilit\u00e9 de l&rsquo;ensemble, alliant un design fonctionnel \u00e0 une \u00e9l\u00e9gance discr\u00e8te.  <\/p>\n","protected":false},"featured_media":109204,"template":"","meta":{"_kad_blocks_custom_css":"","_kad_blocks_head_custom_js":"","_kad_blocks_body_custom_js":"","_kad_blocks_footer_custom_js":"","_kad_post_transparent":"","_kad_post_title":"","_kad_post_layout":"","_kad_post_sidebar_id":"","_kad_post_content_style":"","_kad_post_vertical_padding":"","_kad_post_feature":"","_kad_post_feature_position":"","_kad_post_header":false,"_kad_post_footer":false,"_kad_post_classname":""},"product_brand":[],"product_cat":[1303],"product_tag":[1844],"class_list":{"0":"post-109187","1":"product","2":"type-product","3":"status-publish","4":"has-post-thumbnail","6":"product_cat-buffets","7":"product_tag-barcelona-cg-fr-2","9":"first","10":"instock","11":"product-type-simple","12":"entry","13":"content-bg","14":"loop-entry"},"taxonomy_info":{"product_cat":[{"value":1303,"label":"Buffets"}],"product_tag":[{"value":1844,"label":"BARCELONA - CG"}]},"featured_image_src_large":["https:\/\/www.avenuedesigncanada.com\/wp-content\/uploads\/2021\/10\/bernhardt_loft_logan-square_payson_buffet_303-134b_front_0-2-1024x1024.jpg",1024,1024,true],"author_info":[],"comment_info":"","_links":{"self":[{"href":"https:\/\/www.avenuedesigncanada.com\/fr\/wp-json\/wp\/v2\/product\/109187","targetHints":{"allow":["GET"]}}],"collection":[{"href":"https:\/\/www.avenuedesigncanada.com\/fr\/wp-json\/wp\/v2\/product"}],"about":[{"href":"https:\/\/www.avenuedesigncanada.com\/fr\/wp-json\/wp\/v2\/types\/product"}],"wp:featuredmedia":[{"embeddable":true,"href":"https:\/\/www.avenuedesigncanada.com\/fr\/wp-json\/wp\/v2\/media\/109204"}],"wp:attachment":[{"href":"https:\/\/www.avenuedesigncanada.com\/fr\/wp-json\/wp\/v2\/media?parent=109187"}],"wp:term":[{"taxonomy":"product_brand","embeddable":true,"href":"https:\/\/www.avenuedesigncanada.com\/fr\/wp-json\/wp\/v2\/product_brand?post=109187"},{"taxonomy":"product_cat","embeddable":true,"href":"https:\/\/www.avenuedesigncanada.com\/fr\/wp-json\/wp\/v2\/product_cat?post=109187"},{"taxonomy":"product_tag","embeddable":true,"href":"https:\/\/www.avenuedesigncanada.com\/fr\/wp-json\/wp\/v2\/product_tag?post=109187"}],"curies":[{"name":"wp","href":"https:\/\/api.w.org\/{rel}","templated":true}]}}