{"id":109943,"date":"2023-10-30T16:00:12","date_gmt":"2023-10-30T20:00:12","guid":{"rendered":"https:\/\/www.avenuedesigncanada.com\/?post_type=product&#038;p=109943"},"modified":"2026-02-11T16:06:21","modified_gmt":"2026-02-11T21:06:21","slug":"tabouret-de-bar-kemp","status":"publish","type":"product","link":"https:\/\/www.avenuedesigncanada.com\/fr\/product\/tabouret-de-bar-kemp\/","title":{"rendered":"Tabouret de bar Hyde"},"content":{"rendered":"<p><em>Le tabouret de bar Kemp pr\u00e9sente les caract\u00e9ristiques suivantes :<\/em><br \/>\nUn dossier et une assise incurv\u00e9s enti\u00e8rement rembourr\u00e9s avec d&rsquo;\u00e9l\u00e9gantes bordures, associ\u00e9s \u00e0 un cadre en bois massif et \u00e0 des brancards. Un repose-pieds en m\u00e9tal rev\u00eatu de poudre noire ajoute \u00e0 la durabilit\u00e9 et au style, tandis que les patins assurent un mouvement facile. <\/p>\n<p>Options :<br \/>\nDisponible dans d&rsquo;autres tissus. Propos\u00e9 en finitions Cacao, Portobello et Smoke. \u00c9galement disponible dans des finitions bross\u00e9es, notamment Glacier White, Midnight Black et Weathered Greige.  <\/p>\n<p>Avez-vous des questions \u00e0 propos de ce produit ?<br \/>\nNos designers sont l\u00e0 pour vous aider. Appelez-nous au (514) 340-9351<\/p>\n","protected":false},"excerpt":{"rendered":"<p>Le tabouret de bar Kemp r\u00e9interpr\u00e8te le classique fauteuil \u00e0 oreilles dans un style plus moderne. L&rsquo;assise enti\u00e8rement rembourr\u00e9e est soutenue par un cadre en bois disponible en trois finitions : Cacao, Portobello et Smoke.<\/p><\/div>\n<\/div>\n<\/div>\n","protected":false},"featured_media":256733,"template":"","meta":{"_kad_blocks_custom_css":"","_kad_blocks_head_custom_js":"","_kad_blocks_body_custom_js":"","_kad_blocks_footer_custom_js":"","_kad_post_transparent":"","_kad_post_title":"","_kad_post_layout":"","_kad_post_sidebar_id":"","_kad_post_content_style":"","_kad_post_vertical_padding":"","_kad_post_feature":"","_kad_post_feature_position":"","_kad_post_header":false,"_kad_post_footer":false,"_kad_post_classname":""},"product_brand":[],"product_cat":[1305],"product_tag":[1851],"class_list":{"0":"post-109943","1":"product","2":"type-product","3":"status-publish","4":"has-post-thumbnail","6":"product_cat-tabourets","7":"product_tag-barcelona-fr","9":"first","10":"instock","11":"product-type-simple","12":"entry","13":"content-bg","14":"loop-entry"},"taxonomy_info":{"product_cat":[{"value":1305,"label":"Tabourets"}],"product_tag":[{"value":1851,"label":"BARCELONA"}]},"featured_image_src_large":["https:\/\/www.avenuedesigncanada.com\/wp-content\/uploads\/2021\/10\/305586N_103-1024x1024.jpg",1024,1024,true],"author_info":[],"comment_info":"","_links":{"self":[{"href":"https:\/\/www.avenuedesigncanada.com\/fr\/wp-json\/wp\/v2\/product\/109943","targetHints":{"allow":["GET"]}}],"collection":[{"href":"https:\/\/www.avenuedesigncanada.com\/fr\/wp-json\/wp\/v2\/product"}],"about":[{"href":"https:\/\/www.avenuedesigncanada.com\/fr\/wp-json\/wp\/v2\/types\/product"}],"wp:featuredmedia":[{"embeddable":true,"href":"https:\/\/www.avenuedesigncanada.com\/fr\/wp-json\/wp\/v2\/media\/256733"}],"wp:attachment":[{"href":"https:\/\/www.avenuedesigncanada.com\/fr\/wp-json\/wp\/v2\/media?parent=109943"}],"wp:term":[{"taxonomy":"product_brand","embeddable":true,"href":"https:\/\/www.avenuedesigncanada.com\/fr\/wp-json\/wp\/v2\/product_brand?post=109943"},{"taxonomy":"product_cat","embeddable":true,"href":"https:\/\/www.avenuedesigncanada.com\/fr\/wp-json\/wp\/v2\/product_cat?post=109943"},{"taxonomy":"product_tag","embeddable":true,"href":"https:\/\/www.avenuedesigncanada.com\/fr\/wp-json\/wp\/v2\/product_tag?post=109943"}],"curies":[{"name":"wp","href":"https:\/\/api.w.org\/{rel}","templated":true}]}}