{"id":111326,"date":"2021-10-19T14:40:36","date_gmt":"2021-10-19T18:40:36","guid":{"rendered":"https:\/\/www.avenuedesigncanada.com\/?post_type=product&#038;p=111326"},"modified":"2026-02-11T16:06:26","modified_gmt":"2026-02-11T21:06:26","slug":"commode-foundations","status":"publish","type":"product","link":"https:\/\/www.avenuedesigncanada.com\/fr\/product\/commode-foundations\/","title":{"rendered":"Commode 5 tiroirs Foundations"},"content":{"rendered":"<p><em>La grande commode Foundations pr\u00e9sente les caract\u00e9ristiques suivantes :<\/em><br \/>\nFinition bicolore avec caisse en lin et ext\u00e9rieur de la caisse en schiste clair. Cinq tiroirs \u00e0 fermeture souple avec poign\u00e9es de tirage et plaque en acier inoxydable bross\u00e9 encastr\u00e9e.  Patins ajustables Il n&rsquo;est pas con\u00e7u pour supporter la t\u00e9l\u00e9vision ou d&rsquo;autres m\u00e9dias.<\/p>\n<p>Vous avez des questions sur ce produit ?<br \/>\nNos concepteurs sont l\u00e0 pour vous aider.<br \/>\nAppelez-nous au (514) 340-9351<\/p>\n","protected":false},"excerpt":{"rendered":"<p>La commode \u00e0 tiroirs hauts Foundations allie l&rsquo;\u00e9l\u00e9gance verticale \u00e0 un design fonctionnel. Sa finition bicolore cr\u00e9e un int\u00e9r\u00eat visuel, tandis que les poign\u00e9es \u00e9l\u00e9gantes et les accents en acier inoxydable conf\u00e8rent \u00e0 cette pi\u00e8ce un attrait propre et contemporain, id\u00e9al pour les espaces \u00e9pur\u00e9s. <\/p>\n","protected":false},"featured_media":111335,"template":"","meta":{"_kad_blocks_custom_css":"","_kad_blocks_head_custom_js":"","_kad_blocks_body_custom_js":"","_kad_blocks_footer_custom_js":"","_kad_post_transparent":"","_kad_post_title":"","_kad_post_layout":"","_kad_post_sidebar_id":"","_kad_post_content_style":"","_kad_post_vertical_padding":"","_kad_post_feature":"","_kad_post_feature_position":"","_kad_post_header":false,"_kad_post_footer":false,"_kad_post_classname":""},"product_brand":[],"product_cat":[1298],"product_tag":[1844],"class_list":{"0":"post-111326","1":"product","2":"type-product","3":"status-publish","4":"has-post-thumbnail","6":"product_cat-commodes","7":"product_tag-barcelona-cg-fr-2","9":"first","10":"instock","11":"taxable","12":"shipping-taxable","13":"product-type-simple","14":"entry","15":"content-bg","16":"loop-entry"},"taxonomy_info":{"product_cat":[{"value":1298,"label":"Commodes"}],"product_tag":[{"value":1844,"label":"BARCELONA - CG"}]},"featured_image_src_large":["https:\/\/www.avenuedesigncanada.com\/wp-content\/uploads\/2021\/10\/306118_foundations_frontalt-2-1024x1024.jpg",1024,1024,true],"author_info":[],"comment_info":"","_links":{"self":[{"href":"https:\/\/www.avenuedesigncanada.com\/fr\/wp-json\/wp\/v2\/product\/111326","targetHints":{"allow":["GET"]}}],"collection":[{"href":"https:\/\/www.avenuedesigncanada.com\/fr\/wp-json\/wp\/v2\/product"}],"about":[{"href":"https:\/\/www.avenuedesigncanada.com\/fr\/wp-json\/wp\/v2\/types\/product"}],"wp:featuredmedia":[{"embeddable":true,"href":"https:\/\/www.avenuedesigncanada.com\/fr\/wp-json\/wp\/v2\/media\/111335"}],"wp:attachment":[{"href":"https:\/\/www.avenuedesigncanada.com\/fr\/wp-json\/wp\/v2\/media?parent=111326"}],"wp:term":[{"taxonomy":"product_brand","embeddable":true,"href":"https:\/\/www.avenuedesigncanada.com\/fr\/wp-json\/wp\/v2\/product_brand?post=111326"},{"taxonomy":"product_cat","embeddable":true,"href":"https:\/\/www.avenuedesigncanada.com\/fr\/wp-json\/wp\/v2\/product_cat?post=111326"},{"taxonomy":"product_tag","embeddable":true,"href":"https:\/\/www.avenuedesigncanada.com\/fr\/wp-json\/wp\/v2\/product_tag?post=111326"}],"curies":[{"name":"wp","href":"https:\/\/api.w.org\/{rel}","templated":true}]}}