{"id":111440,"date":"2021-10-20T09:38:52","date_gmt":"2021-10-20T13:38:52","guid":{"rendered":"https:\/\/www.avenuedesigncanada.com\/?post_type=product&#038;p=111440"},"modified":"2026-02-11T16:06:26","modified_gmt":"2026-02-11T21:06:26","slug":"lit-a-panneaux-foundations-2","status":"publish","type":"product","link":"https:\/\/www.avenuedesigncanada.com\/fr\/product\/lit-a-panneaux-foundations-2\/","title":{"rendered":"Lit \u00e0 panneaux Foundations"},"content":{"rendered":"<p><em>Caract\u00e9ristiques du lit \u00e0 panneaux Foundation :<\/em><\/p>\n<p>T\u00eate de lit en bois avec bandes horizontales en acier inoxydable bross\u00e9 ins\u00e9r\u00e9es, fini Light Shale.<\/p>\n<p>Pied de lit en bois avec bande horizontale en acier inoxydable bross\u00e9, fini Light Shale.<\/p>\n<p>Pieds, fini Dark Shale<\/p>\n<p>Panneaux lat\u00e9raux en bois, fini Light Shale<\/p>\n<p>Syst\u00e8me de support \u00e0 cinq lattes en bois avec supports ajustables<\/p>\n<p>Options<\/p>\n<p><em>Note:<\/em> La t\u00eate de lit ne peut pas \u00eatre utilisi\u00e9e seule. Doit \u00eatre command\u00e9 avec le pied de lit\/les panneaux lat\u00e9raux.<\/p>\n<p>Disponible en format Queen, 64 x 87 x 67.5 po<\/p>\n<p>Avez-vous des questions \u00e0 propos de ce produit ?<\/p>\n<p>Nos designers sont l\u00e0 pour vous aider. Appelez-nous au (514) 340-9351<\/p>\n","protected":false},"excerpt":{"rendered":"<p>Caract\u00e9ristiques du lit \u00e0 panneaux Foundation : T\u00eate de lit en bois avec bandes horizontales en acier inoxydable bross\u00e9 ins\u00e9r\u00e9es, fini Light Shale. Pied de lit en bois avec bande horizontale en acier inoxydable bross\u00e9, fini Light Shale. Pieds, fini Dark Shale Panneaux lat\u00e9raux en bois, fini Light Shale Syst\u00e8me de support \u00e0 cinq lattes&#8230;<\/p>\n","protected":false},"featured_media":111436,"template":"","meta":{"_kad_blocks_custom_css":"","_kad_blocks_head_custom_js":"","_kad_blocks_body_custom_js":"","_kad_blocks_footer_custom_js":"","_kad_post_transparent":"default","_kad_post_title":"","_kad_post_layout":"default","_kad_post_sidebar_id":"","_kad_post_content_style":"default","_kad_post_vertical_padding":"default","_kad_post_feature":"","_kad_post_feature_position":"","_kad_post_header":false,"_kad_post_footer":false,"_kad_post_classname":""},"product_brand":[],"product_cat":[1296],"product_tag":[1851],"class_list":{"0":"post-111440","1":"product","2":"type-product","3":"status-publish","4":"has-post-thumbnail","6":"product_cat-lits","7":"product_tag-barcelona-fr","9":"first","10":"instock","11":"taxable","12":"shipping-taxable","13":"product-type-simple","14":"entry","15":"content-bg","16":"loop-entry"},"taxonomy_info":{"product_cat":[{"value":1296,"label":"Lits"}],"product_tag":[{"value":1851,"label":"BARCELONA"}]},"featured_image_src_large":["https:\/\/www.avenuedesigncanada.com\/wp-content\/uploads\/2021\/05\/306h06_306fr06_foundations_front-2-1024x1024.jpg",1024,1024,true],"author_info":[],"comment_info":"","_links":{"self":[{"href":"https:\/\/www.avenuedesigncanada.com\/fr\/wp-json\/wp\/v2\/product\/111440","targetHints":{"allow":["GET"]}}],"collection":[{"href":"https:\/\/www.avenuedesigncanada.com\/fr\/wp-json\/wp\/v2\/product"}],"about":[{"href":"https:\/\/www.avenuedesigncanada.com\/fr\/wp-json\/wp\/v2\/types\/product"}],"wp:featuredmedia":[{"embeddable":true,"href":"https:\/\/www.avenuedesigncanada.com\/fr\/wp-json\/wp\/v2\/media\/111436"}],"wp:attachment":[{"href":"https:\/\/www.avenuedesigncanada.com\/fr\/wp-json\/wp\/v2\/media?parent=111440"}],"wp:term":[{"taxonomy":"product_brand","embeddable":true,"href":"https:\/\/www.avenuedesigncanada.com\/fr\/wp-json\/wp\/v2\/product_brand?post=111440"},{"taxonomy":"product_cat","embeddable":true,"href":"https:\/\/www.avenuedesigncanada.com\/fr\/wp-json\/wp\/v2\/product_cat?post=111440"},{"taxonomy":"product_tag","embeddable":true,"href":"https:\/\/www.avenuedesigncanada.com\/fr\/wp-json\/wp\/v2\/product_tag?post=111440"}],"curies":[{"name":"wp","href":"https:\/\/api.w.org\/{rel}","templated":true}]}}