{"id":111640,"date":"2021-10-20T12:26:59","date_gmt":"2021-10-20T16:26:59","guid":{"rendered":"https:\/\/www.avenuedesigncanada.com\/?post_type=product&#038;p=111640"},"modified":"2026-02-11T16:06:28","modified_gmt":"2026-02-11T21:06:28","slug":"chaise-foundations-2","status":"publish","type":"product","link":"https:\/\/www.avenuedesigncanada.com\/fr\/product\/chaise-foundations-2\/","title":{"rendered":"Chaise Foundations"},"content":{"rendered":"<p><em>La chaise d&rsquo;appoint Foundations pr\u00e9sente les caract\u00e9ristiques suivantes :<\/em><br \/>\nFinition en lin<br \/>\nSi\u00e8ge rembourr\u00e9, int\u00e9rieur et ext\u00e9rieur sans passepoil<br \/>\nPatins<br \/>\nCet article est disponible dans d&rsquo;autres tissus moyennant un suppl\u00e9ment de prix. Pour commander dans un autre tissu, veuillez commander en tant que 306-X46 et indiquer le tissu. <\/p>\n<p>Vous avez des questions sur ce produit ? Nos concepteurs sont l\u00e0 pour vous aider. Appelez-nous au (514) 340-9351  <\/p>\n","protected":false},"excerpt":{"rendered":"<p>La version Linen de la chaise d&rsquo;appoint Foundations allie simplicit\u00e9 raffin\u00e9e et design pratique. Enti\u00e8rement rembourr\u00e9e et dot\u00e9e de patins, elle offre confort et style \u00e0 la table \u00e0 manger tout en permettant la personnalisation des tissus. <\/p>\n","protected":false},"featured_media":111646,"template":"","meta":{"_kad_blocks_custom_css":"","_kad_blocks_head_custom_js":"","_kad_blocks_body_custom_js":"","_kad_blocks_footer_custom_js":"","_kad_post_transparent":"","_kad_post_title":"","_kad_post_layout":"","_kad_post_sidebar_id":"","_kad_post_content_style":"","_kad_post_vertical_padding":"","_kad_post_feature":"","_kad_post_feature_position":"","_kad_post_header":false,"_kad_post_footer":false,"_kad_post_classname":""},"product_brand":[],"product_cat":[1302],"product_tag":[1851],"class_list":{"0":"post-111640","1":"product","2":"type-product","3":"status-publish","4":"has-post-thumbnail","6":"product_cat-chaises","7":"product_tag-barcelona-fr","9":"first","10":"instock","11":"product-type-simple","12":"entry","13":"content-bg","14":"loop-entry"},"taxonomy_info":{"product_cat":[{"value":1302,"label":"Chaises"}],"product_tag":[{"value":1851,"label":"BARCELONA"}]},"featured_image_src_large":["https:\/\/www.avenuedesigncanada.com\/wp-content\/uploads\/2021\/10\/306545_b478_foundations_front-2-1024x1024.jpg",1024,1024,true],"author_info":[],"comment_info":"","_links":{"self":[{"href":"https:\/\/www.avenuedesigncanada.com\/fr\/wp-json\/wp\/v2\/product\/111640","targetHints":{"allow":["GET"]}}],"collection":[{"href":"https:\/\/www.avenuedesigncanada.com\/fr\/wp-json\/wp\/v2\/product"}],"about":[{"href":"https:\/\/www.avenuedesigncanada.com\/fr\/wp-json\/wp\/v2\/types\/product"}],"wp:featuredmedia":[{"embeddable":true,"href":"https:\/\/www.avenuedesigncanada.com\/fr\/wp-json\/wp\/v2\/media\/111646"}],"wp:attachment":[{"href":"https:\/\/www.avenuedesigncanada.com\/fr\/wp-json\/wp\/v2\/media?parent=111640"}],"wp:term":[{"taxonomy":"product_brand","embeddable":true,"href":"https:\/\/www.avenuedesigncanada.com\/fr\/wp-json\/wp\/v2\/product_brand?post=111640"},{"taxonomy":"product_cat","embeddable":true,"href":"https:\/\/www.avenuedesigncanada.com\/fr\/wp-json\/wp\/v2\/product_cat?post=111640"},{"taxonomy":"product_tag","embeddable":true,"href":"https:\/\/www.avenuedesigncanada.com\/fr\/wp-json\/wp\/v2\/product_tag?post=111640"}],"curies":[{"name":"wp","href":"https:\/\/api.w.org\/{rel}","templated":true}]}}