{"id":111664,"date":"2021-10-20T12:46:54","date_gmt":"2021-10-20T16:46:54","guid":{"rendered":"https:\/\/www.avenuedesigncanada.com\/?post_type=product&#038;p=111664"},"modified":"2026-02-11T16:06:28","modified_gmt":"2026-02-11T21:06:28","slug":"buffet-foundations-2","status":"publish","type":"product","link":"https:\/\/www.avenuedesigncanada.com\/fr\/product\/buffet-foundations-2\/","title":{"rendered":"Buffet Foundations"},"content":{"rendered":"<p><em>Le buffet Foundations pr\u00e9sente les caract\u00e9ristiques suivantes :<\/em><br \/>\nFinition deux tons avec caisse en lin et panneaux d&rsquo;extr\u00e9mit\u00e9 en Light Shale<br \/>\nPanneau encastr\u00e9 en acier inoxydable bross\u00e9 sous les fa\u00e7ades de faux tiroirs<br \/>\nDeux portes \u00e0 fermeture automatique avec fa\u00e7ades de faux tiroirs<br \/>\nTiroir int\u00e9rieur avec doublure en feutre<br \/>\nCinq compartiments int\u00e9rieurs avec ventilation<br \/>\nTrois trous pour passe-partout \u00e0 l&rsquo;arri\u00e8re avec couvercles<br \/>\nPatins r\u00e9glables<br \/>\nKit anti-basculement inclus<br \/>\n<em>Remarque :<\/em> ce produit n&rsquo;est pas con\u00e7u pour prendre en charge la t\u00e9l\u00e9vision ou les m\u00e9dias.<\/p>\n<p>Vous avez des questions sur ce produit ? Nos concepteurs sont l\u00e0 pour vous aider. Appelez-nous au (514) 340-9351  <\/p>\n","protected":false},"excerpt":{"rendered":"<p>Cette version du buffet Foundations offre une combinaison bicolore avec un corps en lin et des panneaux d&rsquo;extr\u00e9mit\u00e9 en Light Shale. De fausses fa\u00e7ades de tiroirs dissimulent des panneaux en acier inoxydable bross\u00e9 et des portes \u00e0 fermeture automatique, tandis qu&rsquo;un tiroir int\u00e9rieur avec doublure en feutre et cinq compartiments avec ventilation optimisent le rangement. Les trous pour les passe-fils \u00e0 l&rsquo;arri\u00e8re permettent de g\u00e9rer les cordons, et un kit anti-basculement assure une s\u00e9curit\u00e9 accrue. Ce meuble, qui n&rsquo;est pas con\u00e7u pour accueillir un t\u00e9l\u00e9viseur ou un support m\u00e9dia, met l&rsquo;accent sur l&rsquo;\u00e9l\u00e9gance raffin\u00e9e et pratique.   <\/p>\n","protected":false},"featured_media":111656,"template":"","meta":{"_kad_blocks_custom_css":"","_kad_blocks_head_custom_js":"","_kad_blocks_body_custom_js":"","_kad_blocks_footer_custom_js":"","_kad_post_transparent":"","_kad_post_title":"","_kad_post_layout":"","_kad_post_sidebar_id":"","_kad_post_content_style":"","_kad_post_vertical_padding":"","_kad_post_feature":"","_kad_post_feature_position":"","_kad_post_header":false,"_kad_post_footer":false,"_kad_post_classname":""},"product_brand":[],"product_cat":[1303],"product_tag":[1844],"class_list":{"0":"post-111664","1":"product","2":"type-product","3":"status-publish","4":"has-post-thumbnail","6":"product_cat-buffets","7":"product_tag-barcelona-cg-fr-2","9":"first","10":"instock","11":"taxable","12":"shipping-taxable","13":"product-type-simple","14":"entry","15":"content-bg","16":"loop-entry"},"taxonomy_info":{"product_cat":[{"value":1303,"label":"Buffets"}],"product_tag":[{"value":1844,"label":"BARCELONA - CG"}]},"featured_image_src_large":["https:\/\/www.avenuedesigncanada.com\/wp-content\/uploads\/2021\/05\/306400_foundations_frontalt-2-1024x1024.jpg",1024,1024,true],"author_info":[],"comment_info":"","_links":{"self":[{"href":"https:\/\/www.avenuedesigncanada.com\/fr\/wp-json\/wp\/v2\/product\/111664","targetHints":{"allow":["GET"]}}],"collection":[{"href":"https:\/\/www.avenuedesigncanada.com\/fr\/wp-json\/wp\/v2\/product"}],"about":[{"href":"https:\/\/www.avenuedesigncanada.com\/fr\/wp-json\/wp\/v2\/types\/product"}],"wp:featuredmedia":[{"embeddable":true,"href":"https:\/\/www.avenuedesigncanada.com\/fr\/wp-json\/wp\/v2\/media\/111656"}],"wp:attachment":[{"href":"https:\/\/www.avenuedesigncanada.com\/fr\/wp-json\/wp\/v2\/media?parent=111664"}],"wp:term":[{"taxonomy":"product_brand","embeddable":true,"href":"https:\/\/www.avenuedesigncanada.com\/fr\/wp-json\/wp\/v2\/product_brand?post=111664"},{"taxonomy":"product_cat","embeddable":true,"href":"https:\/\/www.avenuedesigncanada.com\/fr\/wp-json\/wp\/v2\/product_cat?post=111664"},{"taxonomy":"product_tag","embeddable":true,"href":"https:\/\/www.avenuedesigncanada.com\/fr\/wp-json\/wp\/v2\/product_tag?post=111664"}],"curies":[{"name":"wp","href":"https:\/\/api.w.org\/{rel}","templated":true}]}}