{"id":112562,"date":"2021-10-29T14:56:25","date_gmt":"2021-10-29T18:56:25","guid":{"rendered":"https:\/\/www.avenuedesigncanada.com\/?post_type=product&#038;p=112562"},"modified":"2026-02-11T16:06:31","modified_gmt":"2026-02-11T21:06:31","slug":"lit-a-paneaux-silhouette","status":"publish","type":"product","link":"https:\/\/www.avenuedesigncanada.com\/fr\/product\/lit-a-paneaux-silhouette\/","title":{"rendered":"Lit \u00e0 panneaux Silhouette"},"content":{"rendered":"<p><em>Caract\u00e9ristiques du lit \u00e0 panneaux Silhouette :<\/em><\/p>\n<p>T\u00eate de lit rembourr\u00e9e \u00e0 rainures verticales<\/p>\n<p>Pied de lit rembourr\u00e9 \u00e0 rainures verticales avec un rev\u00eatement \u00e0 l&rsquo;int\u00e9rieur du pied de lit.<\/p>\n<p>Panneaux de c\u00f4t\u00e9 rembourr\u00e9s<\/p>\n<p>Embouts m\u00e9talliques aux pieds<\/p>\n<p>Patins<\/p>\n<p>Syst\u00e8me de support \u00e0 cinq lattes en bois avec supports ajustables<\/p>\n<p>Options<\/p>\n<p><em>Note:<\/em> La t\u00eate de lit ne peut pas \u00eatre utilisi\u00e9e seule. Doit \u00eatre command\u00e9 avec le pied de lit\/les panneaux lat\u00e9raux.<\/p>\n<p>Cet article est disponible dans d&rsquo;autres tissus avec suppl\u00e9ment.<\/p>\n<p>Disponible en format Queen, 66.75 x 90.25 x 60.5h<\/p>\n<p>Avez-vous des questions \u00e0 propos de ce produit ?<\/p>\n<p>Nos designers sont l\u00e0 pour vous aider. Appelez-nous au (514) 340-9351<\/p>\n","protected":false},"excerpt":{"rendered":"<p>Le lit \u00e0 panneaux Silhouette allie \u00e9l\u00e9gance moderne et savoir-faire raffin\u00e9. Dot\u00e9 d&rsquo;une t\u00eate et d&rsquo;un pied de lit enti\u00e8rement rembourr\u00e9s et cannel\u00e9s verticalement, le pied de lit s&rsquo;enroulant \u00e9l\u00e9gamment vers l&rsquo;int\u00e9rieur, et de rails lat\u00e9raux rembourr\u00e9s assortis, ce lit d\u00e9gage un look \u00e9pur\u00e9 et coh\u00e9rent. Les embouts m\u00e9talliques sur les pieds ajoutent une touche de sophistication, tandis que les patins et le syst\u00e8me de soutien \u00e0 cinq lattes en bois avec supports centraux r\u00e9glables garantissent durabilit\u00e9 et confort. Parfait pour une chambre \u00e0 coucher contemporaine, le lit \u00e0 panneaux Silhouette offre \u00e0 la fois style et fonctionnalit\u00e9.<\/p>\n","protected":false},"featured_media":112555,"template":"","meta":{"_kad_blocks_custom_css":"","_kad_blocks_head_custom_js":"","_kad_blocks_body_custom_js":"","_kad_blocks_footer_custom_js":"","_kad_post_transparent":"default","_kad_post_title":"","_kad_post_layout":"default","_kad_post_sidebar_id":"","_kad_post_content_style":"default","_kad_post_vertical_padding":"default","_kad_post_feature":"","_kad_post_feature_position":"","_kad_post_header":false,"_kad_post_footer":false,"_kad_post_classname":""},"product_brand":[],"product_cat":[1296],"product_tag":[1851],"class_list":{"0":"post-112562","1":"product","2":"type-product","3":"status-publish","4":"has-post-thumbnail","6":"product_cat-lits","7":"product_tag-barcelona-fr","9":"first","10":"instock","11":"taxable","12":"shipping-taxable","13":"product-type-simple","14":"entry","15":"content-bg","16":"loop-entry"},"taxonomy_info":{"product_cat":[{"value":1296,"label":"Lits"}],"product_tag":[{"value":1851,"label":"BARCELONA"}]},"featured_image_src_large":["https:\/\/www.avenuedesigncanada.com\/wp-content\/uploads\/2021\/10\/307h03_307fr03_b576_silhouette_front-2-1024x1024.jpg",1024,1024,true],"author_info":[],"comment_info":"","_links":{"self":[{"href":"https:\/\/www.avenuedesigncanada.com\/fr\/wp-json\/wp\/v2\/product\/112562","targetHints":{"allow":["GET"]}}],"collection":[{"href":"https:\/\/www.avenuedesigncanada.com\/fr\/wp-json\/wp\/v2\/product"}],"about":[{"href":"https:\/\/www.avenuedesigncanada.com\/fr\/wp-json\/wp\/v2\/types\/product"}],"wp:featuredmedia":[{"embeddable":true,"href":"https:\/\/www.avenuedesigncanada.com\/fr\/wp-json\/wp\/v2\/media\/112555"}],"wp:attachment":[{"href":"https:\/\/www.avenuedesigncanada.com\/fr\/wp-json\/wp\/v2\/media?parent=112562"}],"wp:term":[{"taxonomy":"product_brand","embeddable":true,"href":"https:\/\/www.avenuedesigncanada.com\/fr\/wp-json\/wp\/v2\/product_brand?post=112562"},{"taxonomy":"product_cat","embeddable":true,"href":"https:\/\/www.avenuedesigncanada.com\/fr\/wp-json\/wp\/v2\/product_cat?post=112562"},{"taxonomy":"product_tag","embeddable":true,"href":"https:\/\/www.avenuedesigncanada.com\/fr\/wp-json\/wp\/v2\/product_tag?post=112562"}],"curies":[{"name":"wp","href":"https:\/\/api.w.org\/{rel}","templated":true}]}}