{"id":121224,"date":"2022-01-06T12:13:01","date_gmt":"2022-01-06T17:13:01","guid":{"rendered":"https:\/\/www.avenuedesigncanada.com\/?post_type=product&#038;p=121224"},"modified":"2026-02-11T16:06:32","modified_gmt":"2026-02-11T21:06:32","slug":"table-a-diner-silhouette-copy","status":"publish","type":"product","link":"https:\/\/www.avenuedesigncanada.com\/fr\/product\/table-a-diner-silhouette-copy\/","title":{"rendered":"Chaise de salle \u00e0 manger Silhouette"},"content":{"rendered":"<p><em>La chaise de salle \u00e0 manger Silhouette pr\u00e9sente les caract\u00e9ristiques suivantes :<\/em><br \/>\nFinition coquille d&rsquo;\u0153uf<br \/>\nSi\u00e8ge enti\u00e8rement rembourr\u00e9 avec passepoil sup\u00e9rieur<br \/>\nDos, dos, bras et bras rembourr\u00e9s avec passepoil<br \/>\nCet article est disponible dans d&rsquo;autres tissus moyennant un suppl\u00e9ment.<\/p>\n<p>Vous avez des questions sur ce produit ? Nos concepteurs sont l\u00e0 pour vous aider. Appelez-nous au (514) 340-9351  <\/p>\n","protected":false},"excerpt":{"rendered":"<p>La chaise de salle \u00e0 manger Silhouette respire l&rsquo;\u00e9l\u00e9gance moderne. Enti\u00e8rement rembourr\u00e9e avec des d\u00e9tails de passepoil sur le dessus, son dossier, son dos, ses bras et ses bras sont recouverts des tissus de votre choix, ce qui en fait un ajout polyvalent et sophistiqu\u00e9 \u00e0 toute salle \u00e0 manger. <\/p>\n","protected":false},"featured_media":121230,"template":"","meta":{"_kad_blocks_custom_css":"","_kad_blocks_head_custom_js":"","_kad_blocks_body_custom_js":"","_kad_blocks_footer_custom_js":"","_kad_post_transparent":"","_kad_post_title":"","_kad_post_layout":"","_kad_post_sidebar_id":"","_kad_post_content_style":"","_kad_post_vertical_padding":"","_kad_post_feature":"","_kad_post_feature_position":"","_kad_post_header":false,"_kad_post_footer":false,"_kad_post_classname":""},"product_brand":[],"product_cat":[1302],"product_tag":[1851],"class_list":{"0":"post-121224","1":"product","2":"type-product","3":"status-publish","4":"has-post-thumbnail","6":"product_cat-chaises","7":"product_tag-barcelona-fr","9":"first","10":"instock","11":"product-type-simple","12":"entry","13":"content-bg","14":"loop-entry"},"taxonomy_info":{"product_cat":[{"value":1302,"label":"Chaises"}],"product_tag":[{"value":1851,"label":"BARCELONA"}]},"featured_image_src_large":["https:\/\/www.avenuedesigncanada.com\/wp-content\/uploads\/2022\/01\/307542_b576_silhouette_front_0-2-1024x1024.jpg",1024,1024,true],"author_info":[],"comment_info":"","_links":{"self":[{"href":"https:\/\/www.avenuedesigncanada.com\/fr\/wp-json\/wp\/v2\/product\/121224","targetHints":{"allow":["GET"]}}],"collection":[{"href":"https:\/\/www.avenuedesigncanada.com\/fr\/wp-json\/wp\/v2\/product"}],"about":[{"href":"https:\/\/www.avenuedesigncanada.com\/fr\/wp-json\/wp\/v2\/types\/product"}],"wp:featuredmedia":[{"embeddable":true,"href":"https:\/\/www.avenuedesigncanada.com\/fr\/wp-json\/wp\/v2\/media\/121230"}],"wp:attachment":[{"href":"https:\/\/www.avenuedesigncanada.com\/fr\/wp-json\/wp\/v2\/media?parent=121224"}],"wp:term":[{"taxonomy":"product_brand","embeddable":true,"href":"https:\/\/www.avenuedesigncanada.com\/fr\/wp-json\/wp\/v2\/product_brand?post=121224"},{"taxonomy":"product_cat","embeddable":true,"href":"https:\/\/www.avenuedesigncanada.com\/fr\/wp-json\/wp\/v2\/product_cat?post=121224"},{"taxonomy":"product_tag","embeddable":true,"href":"https:\/\/www.avenuedesigncanada.com\/fr\/wp-json\/wp\/v2\/product_tag?post=121224"}],"curies":[{"name":"wp","href":"https:\/\/api.w.org\/{rel}","templated":true}]}}