{"id":121313,"date":"2022-01-06T15:43:38","date_gmt":"2022-01-06T20:43:38","guid":{"rendered":"https:\/\/www.avenuedesigncanada.com\/?post_type=product&#038;p=121313"},"modified":"2026-02-11T16:06:32","modified_gmt":"2026-02-11T21:06:32","slug":"table-de-chevet-silhouette-copy","status":"publish","type":"product","link":"https:\/\/www.avenuedesigncanada.com\/fr\/product\/table-de-chevet-silhouette-copy\/","title":{"rendered":"Table de nuit Silhouette"},"content":{"rendered":"<p><em>La table de nuit Silhouette pr\u00e9sente les caract\u00e9ristiques suivantes :<\/em><br \/>\nFinition bicolore &#8211; bo\u00eetier en coquille d&rsquo;\u0153uf, bordures et pieds en Onyx<br \/>\nTrois tiroirs \u00e0 fermeture douce avec boutons en bois \u00e0 finition bicolore<br \/>\nDouble port\/chargeur USB \u00e0 l&rsquo;arri\u00e8re du bo\u00eetier<br \/>\nPatins r\u00e9glables<br \/>\nKit anti-basculement inclus<br \/>\nNote : Non con\u00e7u pour supporter un t\u00e9l\u00e9viseur ou d&rsquo;autres m\u00e9dias.<\/p>\n<p>Avez-vous des questions \u00e0 propos de ce produit ? Nos designers sont l\u00e0 pour vous aider.  Appelez-nous au (514) 340-9351<\/p>\n","protected":false},"excerpt":{"rendered":"<p>La table de nuit Silhouette pr\u00e9sente une finition bicolore remarquable avec un bo\u00eetier en coquille d&rsquo;\u0153uf contrast\u00e9 par des bordures et des pieds en Onyx. Trois tiroirs \u00e0 fermeture douce avec des boutons en bois bicolores coordonn\u00e9s et un port de chargement USB int\u00e9gr\u00e9 allient l&rsquo;\u00e9l\u00e9gance \u00e0 la praticit\u00e9 au quotidien. <\/p>\n","protected":false},"featured_media":121317,"template":"","meta":{"_kad_blocks_custom_css":"","_kad_blocks_head_custom_js":"","_kad_blocks_body_custom_js":"","_kad_blocks_footer_custom_js":"","_kad_post_transparent":"","_kad_post_title":"","_kad_post_layout":"","_kad_post_sidebar_id":"","_kad_post_content_style":"","_kad_post_vertical_padding":"","_kad_post_feature":"","_kad_post_feature_position":"","_kad_post_header":false,"_kad_post_footer":false,"_kad_post_classname":""},"product_brand":[],"product_cat":[1299],"product_tag":[1844],"class_list":{"0":"post-121313","1":"product","2":"type-product","3":"status-publish","4":"has-post-thumbnail","6":"product_cat-tables-de-nuit","7":"product_tag-barcelona-cg-fr-2","9":"first","10":"instock","11":"taxable","12":"shipping-taxable","13":"product-type-simple","14":"entry","15":"content-bg","16":"loop-entry"},"taxonomy_info":{"product_cat":[{"value":1299,"label":"Tables de chevet"}],"product_tag":[{"value":1844,"label":"BARCELONA - CG"}]},"featured_image_src_large":["https:\/\/www.avenuedesigncanada.com\/wp-content\/uploads\/2022\/01\/307230_silhouette_frontalt-2-1024x1024.jpg",1024,1024,true],"author_info":[],"comment_info":"","_links":{"self":[{"href":"https:\/\/www.avenuedesigncanada.com\/fr\/wp-json\/wp\/v2\/product\/121313","targetHints":{"allow":["GET"]}}],"collection":[{"href":"https:\/\/www.avenuedesigncanada.com\/fr\/wp-json\/wp\/v2\/product"}],"about":[{"href":"https:\/\/www.avenuedesigncanada.com\/fr\/wp-json\/wp\/v2\/types\/product"}],"wp:featuredmedia":[{"embeddable":true,"href":"https:\/\/www.avenuedesigncanada.com\/fr\/wp-json\/wp\/v2\/media\/121317"}],"wp:attachment":[{"href":"https:\/\/www.avenuedesigncanada.com\/fr\/wp-json\/wp\/v2\/media?parent=121313"}],"wp:term":[{"taxonomy":"product_brand","embeddable":true,"href":"https:\/\/www.avenuedesigncanada.com\/fr\/wp-json\/wp\/v2\/product_brand?post=121313"},{"taxonomy":"product_cat","embeddable":true,"href":"https:\/\/www.avenuedesigncanada.com\/fr\/wp-json\/wp\/v2\/product_cat?post=121313"},{"taxonomy":"product_tag","embeddable":true,"href":"https:\/\/www.avenuedesigncanada.com\/fr\/wp-json\/wp\/v2\/product_tag?post=121313"}],"curies":[{"name":"wp","href":"https:\/\/api.w.org\/{rel}","templated":true}]}}