{"id":121460,"date":"2022-01-07T09:58:35","date_gmt":"2022-01-07T14:58:35","guid":{"rendered":"https:\/\/www.avenuedesigncanada.com\/?post_type=product&#038;p=121460"},"modified":"2026-02-11T16:06:33","modified_gmt":"2026-02-11T21:06:33","slug":"table-de-chevet-silhouette-copy-5","status":"publish","type":"product","link":"https:\/\/www.avenuedesigncanada.com\/fr\/product\/table-de-chevet-silhouette-copy-5\/","title":{"rendered":"Commode Silhouette"},"content":{"rendered":"<p><em>La commode Silhouette pr\u00e9sente les caract\u00e9ristiques suivantes :<\/em><br \/>\nFinition bicolore avec caisse en coquille d&rsquo;\u0153uf et bordures\/pieds en finition Onyx. Tiroirs \u00e0 fermeture douce en hauteur avec boutons en bois bicolore. Patins r\u00e9glables et kit anti-basculement. N&rsquo;est pas con\u00e7u pour supporter un t\u00e9l\u00e9viseur ou d&rsquo;autres supports.   <\/p>\n<p>Vous avez des questions sur ce produit ?<br \/>\nNos concepteurs sont l\u00e0 pour vous aider.<br \/>\nAppelez-nous au (514) 340-9351<\/p>\n","protected":false},"excerpt":{"rendered":"<p>La commode Silhouette se distingue par sa douce finition coquille d&rsquo;\u0153uf contrast\u00e9e par des bordures onyx audacieuses. Les boutons subtils en bois bicolore et le mouvement fluide des tiroirs compl\u00e8tent un design \u00e0 la fois gracieux et moderne. <\/p>\n","protected":false},"featured_media":121465,"template":"","meta":{"_kad_blocks_custom_css":"","_kad_blocks_head_custom_js":"","_kad_blocks_body_custom_js":"","_kad_blocks_footer_custom_js":"","_kad_post_transparent":"","_kad_post_title":"","_kad_post_layout":"","_kad_post_sidebar_id":"","_kad_post_content_style":"","_kad_post_vertical_padding":"","_kad_post_feature":"","_kad_post_feature_position":"","_kad_post_header":false,"_kad_post_footer":false,"_kad_post_classname":""},"product_brand":[],"product_cat":[1298],"product_tag":[1844],"class_list":{"0":"post-121460","1":"product","2":"type-product","3":"status-publish","4":"has-post-thumbnail","6":"product_cat-commodes","7":"product_tag-barcelona-cg-fr-2","9":"first","10":"instock","11":"taxable","12":"shipping-taxable","13":"product-type-simple","14":"entry","15":"content-bg","16":"loop-entry"},"taxonomy_info":{"product_cat":[{"value":1298,"label":"Commodes"}],"product_tag":[{"value":1844,"label":"BARCELONA - CG"}]},"featured_image_src_large":["https:\/\/www.avenuedesigncanada.com\/wp-content\/uploads\/2022\/01\/307052_silhouette_frontalt_0-2-1024x1024.jpg",1024,1024,true],"author_info":[],"comment_info":"","_links":{"self":[{"href":"https:\/\/www.avenuedesigncanada.com\/fr\/wp-json\/wp\/v2\/product\/121460","targetHints":{"allow":["GET"]}}],"collection":[{"href":"https:\/\/www.avenuedesigncanada.com\/fr\/wp-json\/wp\/v2\/product"}],"about":[{"href":"https:\/\/www.avenuedesigncanada.com\/fr\/wp-json\/wp\/v2\/types\/product"}],"wp:featuredmedia":[{"embeddable":true,"href":"https:\/\/www.avenuedesigncanada.com\/fr\/wp-json\/wp\/v2\/media\/121465"}],"wp:attachment":[{"href":"https:\/\/www.avenuedesigncanada.com\/fr\/wp-json\/wp\/v2\/media?parent=121460"}],"wp:term":[{"taxonomy":"product_brand","embeddable":true,"href":"https:\/\/www.avenuedesigncanada.com\/fr\/wp-json\/wp\/v2\/product_brand?post=121460"},{"taxonomy":"product_cat","embeddable":true,"href":"https:\/\/www.avenuedesigncanada.com\/fr\/wp-json\/wp\/v2\/product_cat?post=121460"},{"taxonomy":"product_tag","embeddable":true,"href":"https:\/\/www.avenuedesigncanada.com\/fr\/wp-json\/wp\/v2\/product_tag?post=121460"}],"curies":[{"name":"wp","href":"https:\/\/api.w.org\/{rel}","templated":true}]}}