{"id":140316,"date":"2022-03-15T10:52:45","date_gmt":"2022-03-15T14:52:45","guid":{"rendered":"https:\/\/www.avenuedesigncanada.com\/?post_type=product&#038;p=140316"},"modified":"2026-02-11T16:06:34","modified_gmt":"2026-02-11T21:06:34","slug":"etagere-dune-copy-2","status":"publish","type":"product","link":"https:\/\/www.avenuedesigncanada.com\/fr\/product\/etagere-dune-copy-2\/","title":{"rendered":"Classeur Dune"},"content":{"rendered":"<p><em>Caract\u00e9ristiques du meuble Dune :<\/em><\/p>\n<p>Bois solide de noyer blanchi et placages, deux tiroirs, le tiroir du bas est adapt\u00e9 au rangement des dossiers, fa\u00e7ades en noyer blanchi, deux options de quincaillerie: poign\u00e9es en m\u00e9tal fini White Bronze ou poign\u00e9es envelopp\u00e9es d&rsquo;abaca.<\/p>\n<p class=\"title\"><span class=\"JLqJ4b\" data-language-for-alternatives=\"fr\" data-language-to-translate-into=\"auto\" data-phrase-index=\"1\"><span class=\"JLqJ4b ChMk0b\" data-language-for-alternatives=\"fr\" data-language-to-translate-into=\"auto\" data-phrase-index=\"2\">Options:<\/span><\/span><span class=\"JLqJ4b\" style=\"font-style: italic;\" data-language-for-alternatives=\"fr\" data-language-to-translate-into=\"auto\" data-phrase-index=\"1\"><span class=\"JLqJ4b ChMk0b\" data-language-for-alternatives=\"fr\" data-language-to-translate-into=\"auto\" data-phrase-index=\"2\"><\/p>\n<p><\/span><\/span><span class=\"JLqJ4b\" data-language-for-alternatives=\"fr\" data-language-to-translate-into=\"auto\" data-phrase-index=\"1\"><span class=\"JLqJ4b ChMk0b\" data-language-for-alternatives=\"fr\" data-language-to-translate-into=\"auto\" data-phrase-index=\"2\">Disponible en diff\u00e9rents finis. <\/span><\/span><\/p>\n<p class=\"title\"><span class=\"JLqJ4b\" data-language-for-alternatives=\"fr\" data-language-to-translate-into=\"auto\" data-phrase-index=\"1\"><span class=\"JLqJ4b ChMk0b\" data-language-for-alternatives=\"fr\" data-language-to-translate-into=\"auto\" data-phrase-index=\"2\">Disponible avec fa\u00e7ades en noyer blanchi sans quincaillerie, fa\u00e7ades envelopp\u00e9es de Lampakanay sans quincaillerie, faces en noyer blanchi avec poign\u00e9e envelopp\u00e9e d&rsquo;Abaca ou poign\u00e9e en m\u00e9tal White Bronze.<\/span><\/span><\/p>\n<p>Comme montr\u00e9:<\/p>\n<p>Fini Sugar Coat avec <span class=\"JLqJ4b\" data-language-for-alternatives=\"fr\" data-language-to-translate-into=\"auto\" data-phrase-index=\"1\"><span class=\"JLqJ4b ChMk0b\" data-language-for-alternatives=\"fr\" data-language-to-translate-into=\"auto\" data-phrase-index=\"2\">poign\u00e9e en m\u00e9tal White Bronze<\/span><\/span>.<\/p>\n<p>Avez-vous des questions \u00e0 propos de ce produit ?<\/p>\n<p>Nos designers sont l\u00e0 pour vous aider. Appelez-nous au (514) 340-9351<\/p>\n","protected":false},"excerpt":{"rendered":"<p>Ce meuble de rangement polyvalent allie un design raffin\u00e9 \u00e0 une fonctionnalit\u00e9 pratique. Dot\u00e9 de deux tiroirs, dont l&rsquo;un est adapt\u00e9 au rangement de dossiers, il offre \u00e0 la fois organisation et style. Les fa\u00e7ades en noyer blanchi sont disponibles avec deux options de quincaillerie : des poign\u00e9es en m\u00e9tal blanc bronze ou des poign\u00e9es recouvertes d&rsquo;abaca, ou dans une version minimaliste sans quincaillerie. Enti\u00e8rement personnalisable dans une vari\u00e9t\u00e9 de finitions, le meuble pr\u00e9sent\u00e9 ici est disponible dans une finition Sugar Coat avec des poign\u00e9es en m\u00e9tal blanc bronze, offrant un look sophistiqu\u00e9 et raffin\u00e9 \u00e0 tout espace.<\/p>\n","protected":false},"featured_media":140321,"template":"","meta":{"_kad_blocks_custom_css":"","_kad_blocks_head_custom_js":"","_kad_blocks_body_custom_js":"","_kad_blocks_footer_custom_js":"","_kad_post_transparent":"default","_kad_post_title":"","_kad_post_layout":"default","_kad_post_sidebar_id":"","_kad_post_content_style":"default","_kad_post_vertical_padding":"default","_kad_post_feature":"","_kad_post_feature_position":"","_kad_post_header":false,"_kad_post_footer":false,"_kad_post_classname":""},"product_brand":[],"product_cat":[1309],"product_tag":[1369],"class_list":{"0":"post-140316","1":"product","2":"type-product","3":"status-publish","4":"has-post-thumbnail","6":"product_cat-rangement-fr","7":"product_tag-theodore-fr","9":"first","10":"instock","11":"product-type-simple","12":"entry","13":"content-bg","14":"loop-entry"},"taxonomy_info":{"product_cat":[{"value":1309,"label":"Rangement"}],"product_tag":[{"value":1369,"label":"THEODORE"}]},"featured_image_src_large":["https:\/\/www.avenuedesigncanada.com\/wp-content\/uploads\/2022\/03\/P806FC-HO-2-1024x1024.jpg",1024,1024,true],"author_info":[],"comment_info":"","_links":{"self":[{"href":"https:\/\/www.avenuedesigncanada.com\/fr\/wp-json\/wp\/v2\/product\/140316","targetHints":{"allow":["GET"]}}],"collection":[{"href":"https:\/\/www.avenuedesigncanada.com\/fr\/wp-json\/wp\/v2\/product"}],"about":[{"href":"https:\/\/www.avenuedesigncanada.com\/fr\/wp-json\/wp\/v2\/types\/product"}],"wp:featuredmedia":[{"embeddable":true,"href":"https:\/\/www.avenuedesigncanada.com\/fr\/wp-json\/wp\/v2\/media\/140321"}],"wp:attachment":[{"href":"https:\/\/www.avenuedesigncanada.com\/fr\/wp-json\/wp\/v2\/media?parent=140316"}],"wp:term":[{"taxonomy":"product_brand","embeddable":true,"href":"https:\/\/www.avenuedesigncanada.com\/fr\/wp-json\/wp\/v2\/product_brand?post=140316"},{"taxonomy":"product_cat","embeddable":true,"href":"https:\/\/www.avenuedesigncanada.com\/fr\/wp-json\/wp\/v2\/product_cat?post=140316"},{"taxonomy":"product_tag","embeddable":true,"href":"https:\/\/www.avenuedesigncanada.com\/fr\/wp-json\/wp\/v2\/product_tag?post=140316"}],"curies":[{"name":"wp","href":"https:\/\/api.w.org\/{rel}","templated":true}]}}