{"id":140554,"date":"2022-03-16T08:55:25","date_gmt":"2022-03-16T12:55:25","guid":{"rendered":"https:\/\/www.avenuedesigncanada.com\/?post_type=product&#038;p=140554"},"modified":"2026-02-11T16:06:35","modified_gmt":"2026-02-11T21:06:35","slug":"table-de-chevet-ridge-large-copy","status":"publish","type":"product","link":"https:\/\/www.avenuedesigncanada.com\/fr\/product\/table-de-chevet-ridge-large-copy\/","title":{"rendered":"Table de nuit Ridge &#8211; Medium"},"content":{"rendered":"<p><em>La table de nuit Ridge pr\u00e9sente les caract\u00e9ristiques suivantes :<\/em><br \/>\nSolides et placages en ch\u00eane bross\u00e9<br \/>\nDeux tiroirs<br \/>\nUne \u00e9tag\u00e8re ouverte<br \/>\n\u00c9quip\u00e9e d&rsquo;un syst\u00e8me de gestion des cordons<br \/>\nOptions : Teinture, peinture, peinture m\u00e9tallis\u00e9e, Artisan, MIY, Premium Leaf<br \/>\nQuincaillerie disponible en argent Ridge, bronze Ridge ou laiton Ridge, choisissez barre plate ou barre ronde<br \/>\nComme illustr\u00e9 : Finition Co 2Tone, ext\u00e9rieur en Shale, int\u00e9rieur en Cascade avec barre plate en Ridge Silver<\/p>\n<p>Avez-vous des questions \u00e0 propos de ce produit ? Nos designers sont l\u00e0 pour vous aider.  Appelez-nous au (514) 340-9351<\/p>\n","protected":false},"excerpt":{"rendered":"<p>Cette table de nuit Ridge comporte deux tiroirs et une \u00e9tag\u00e8re ouverte, ainsi qu&rsquo;une gestion int\u00e9gr\u00e9e des cordons pour une vie moderne. Finie \u00e0 l&rsquo;arri\u00e8re pour un placement polyvalent, elle offre des possibilit\u00e9s \u00e9tendues de personnalisation des finitions et de la quincaillerie pour un look personnalis\u00e9. <\/p>\n","protected":false},"featured_media":140560,"template":"","meta":{"_kad_blocks_custom_css":"","_kad_blocks_head_custom_js":"","_kad_blocks_body_custom_js":"","_kad_blocks_footer_custom_js":"","_kad_post_transparent":"","_kad_post_title":"","_kad_post_layout":"","_kad_post_sidebar_id":"","_kad_post_content_style":"","_kad_post_vertical_padding":"","_kad_post_feature":"","_kad_post_feature_position":"","_kad_post_header":false,"_kad_post_footer":false,"_kad_post_classname":""},"product_brand":[],"product_cat":[1299],"product_tag":[1369],"class_list":{"0":"post-140554","1":"product","2":"type-product","3":"status-publish","4":"has-post-thumbnail","6":"product_cat-tables-de-nuit","7":"product_tag-theodore-fr","9":"first","10":"instock","11":"product-type-simple","12":"entry","13":"content-bg","14":"loop-entry"},"taxonomy_info":{"product_cat":[{"value":1299,"label":"Tables de chevet"}],"product_tag":[{"value":1369,"label":"THEODORE"}]},"featured_image_src_large":["https:\/\/www.avenuedesigncanada.com\/wp-content\/uploads\/2022\/03\/P290N1_LH-DA-HO-2-1024x1024.jpg",1024,1024,true],"author_info":[],"comment_info":"","_links":{"self":[{"href":"https:\/\/www.avenuedesigncanada.com\/fr\/wp-json\/wp\/v2\/product\/140554","targetHints":{"allow":["GET"]}}],"collection":[{"href":"https:\/\/www.avenuedesigncanada.com\/fr\/wp-json\/wp\/v2\/product"}],"about":[{"href":"https:\/\/www.avenuedesigncanada.com\/fr\/wp-json\/wp\/v2\/types\/product"}],"wp:featuredmedia":[{"embeddable":true,"href":"https:\/\/www.avenuedesigncanada.com\/fr\/wp-json\/wp\/v2\/media\/140560"}],"wp:attachment":[{"href":"https:\/\/www.avenuedesigncanada.com\/fr\/wp-json\/wp\/v2\/media?parent=140554"}],"wp:term":[{"taxonomy":"product_brand","embeddable":true,"href":"https:\/\/www.avenuedesigncanada.com\/fr\/wp-json\/wp\/v2\/product_brand?post=140554"},{"taxonomy":"product_cat","embeddable":true,"href":"https:\/\/www.avenuedesigncanada.com\/fr\/wp-json\/wp\/v2\/product_cat?post=140554"},{"taxonomy":"product_tag","embeddable":true,"href":"https:\/\/www.avenuedesigncanada.com\/fr\/wp-json\/wp\/v2\/product_tag?post=140554"}],"curies":[{"name":"wp","href":"https:\/\/api.w.org\/{rel}","templated":true}]}}