{"id":140728,"date":"2022-03-17T08:19:25","date_gmt":"2022-03-17T12:19:25","guid":{"rendered":"https:\/\/www.avenuedesigncanada.com\/?post_type=product&#038;p=140728"},"modified":"2026-02-11T16:06:35","modified_gmt":"2026-02-11T21:06:35","slug":"table-de-chevet-ridge-large-copy-2","status":"publish","type":"product","link":"https:\/\/www.avenuedesigncanada.com\/fr\/product\/table-de-chevet-ridge-large-copy-2\/","title":{"rendered":"Commode Ridge"},"content":{"rendered":"<p><em>La commode Ridge comprend :<\/em><br \/>\nCh\u00eane bross\u00e9 avec six tiroirs. Repr\u00e9sent\u00e9e en finition Cascade avec quincaillerie \u00e0 barre ronde en argent Ridge. Quincaillerie disponible en argent Ridge, bronze Ridge ou laiton Ridge avec un choix de barre plate ou ronde.  <\/p>\n<p>Vous avez des questions sur ce produit ?<br \/>\nNos concepteurs sont l\u00e0 pour vous aider.<br \/>\nAppelez-nous au (514) 340-9351<\/p>\n","protected":false},"excerpt":{"rendered":"<p>La commode Ridge donne vie \u00e0 une texture naturelle gr\u00e2ce au ch\u00eane bross\u00e9 et \u00e0 une quincaillerie m\u00e9tallique raffin\u00e9e. Sa finition chaleureuse et ses proportions adapt\u00e9es cr\u00e9ent un look \u00e0 la fois d\u00e9contract\u00e9 et raffin\u00e9 qui s&rsquo;int\u00e8gre parfaitement dans les int\u00e9rieurs modernes et transitionnels. <\/p>\n","protected":false},"featured_media":140734,"template":"","meta":{"_kad_blocks_custom_css":"","_kad_blocks_head_custom_js":"","_kad_blocks_body_custom_js":"","_kad_blocks_footer_custom_js":"","_kad_post_transparent":"","_kad_post_title":"","_kad_post_layout":"","_kad_post_sidebar_id":"","_kad_post_content_style":"","_kad_post_vertical_padding":"","_kad_post_feature":"","_kad_post_feature_position":"","_kad_post_header":false,"_kad_post_footer":false,"_kad_post_classname":""},"product_brand":[],"product_cat":[1298],"product_tag":[1369],"class_list":{"0":"post-140728","1":"product","2":"type-product","3":"status-publish","4":"has-post-thumbnail","6":"product_cat-commodes","7":"product_tag-theodore-fr","9":"first","10":"instock","11":"product-type-simple","12":"entry","13":"content-bg","14":"loop-entry"},"taxonomy_info":{"product_cat":[{"value":1298,"label":"Commodes"}],"product_tag":[{"value":1369,"label":"THEODORE"}]},"featured_image_src_large":["https:\/\/www.avenuedesigncanada.com\/wp-content\/uploads\/2022\/03\/P290D_DA-HO-2-1024x1024.jpg",1024,1024,true],"author_info":[],"comment_info":"","_links":{"self":[{"href":"https:\/\/www.avenuedesigncanada.com\/fr\/wp-json\/wp\/v2\/product\/140728","targetHints":{"allow":["GET"]}}],"collection":[{"href":"https:\/\/www.avenuedesigncanada.com\/fr\/wp-json\/wp\/v2\/product"}],"about":[{"href":"https:\/\/www.avenuedesigncanada.com\/fr\/wp-json\/wp\/v2\/types\/product"}],"wp:featuredmedia":[{"embeddable":true,"href":"https:\/\/www.avenuedesigncanada.com\/fr\/wp-json\/wp\/v2\/media\/140734"}],"wp:attachment":[{"href":"https:\/\/www.avenuedesigncanada.com\/fr\/wp-json\/wp\/v2\/media?parent=140728"}],"wp:term":[{"taxonomy":"product_brand","embeddable":true,"href":"https:\/\/www.avenuedesigncanada.com\/fr\/wp-json\/wp\/v2\/product_brand?post=140728"},{"taxonomy":"product_cat","embeddable":true,"href":"https:\/\/www.avenuedesigncanada.com\/fr\/wp-json\/wp\/v2\/product_cat?post=140728"},{"taxonomy":"product_tag","embeddable":true,"href":"https:\/\/www.avenuedesigncanada.com\/fr\/wp-json\/wp\/v2\/product_tag?post=140728"}],"curies":[{"name":"wp","href":"https:\/\/api.w.org\/{rel}","templated":true}]}}