{"id":141625,"date":"2022-03-21T09:54:47","date_gmt":"2022-03-21T13:54:47","guid":{"rendered":"https:\/\/www.avenuedesigncanada.com\/?post_type=product&#038;p=141625"},"modified":"2026-02-11T16:06:39","modified_gmt":"2026-02-11T21:06:39","slug":"commode-cove-copy","status":"publish","type":"product","link":"https:\/\/www.avenuedesigncanada.com\/fr\/product\/commode-cove-copy\/","title":{"rendered":"Table de nuit Cove"},"content":{"rendered":"<p><em>La table de nuit Cove pr\u00e9sente les caract\u00e9ristiques suivantes :<\/em><br \/>\nCaisse en \u00e9rable<br \/>\nTiroirs en ch\u00eane bross\u00e9 en quartiers<br \/>\nTrois tiroirs<br \/>\nOptions : Teinture, peinture, peinture m\u00e9tallis\u00e9e, Artisan, MIY, Premium Leaf<br \/>\nLes options de quincaillerie comprennent une barre acrylique arqu\u00e9e avec des accents m\u00e9talliques Cove Champagne ou une barre textur\u00e9e en Cove Champagne<br \/>\nTel qu&rsquo;illustr\u00e9 : Finition White Frost avec faces de tiroirs Moonstruck et barre acrylique arqu\u00e9e<\/p>\n<p>Avez-vous des questions \u00e0 propos de ce produit ? Nos designers sont l\u00e0 pour vous aider.  Appelez-nous au (514) 340-9351<\/p>\n","protected":false},"excerpt":{"rendered":"<p>La table de nuit Cove pr\u00e9sente un corps en \u00e9rable avec des faces de tiroirs en ch\u00eane bross\u00e9 sur quartier et trois tiroirs. Les finitions personnalisables et les options de quincaillerie distinctives &#8211; montr\u00e9es en White Frost avec des faces de tiroirs Moonstruck &#8211; donnent \u00e0 cette pi\u00e8ce un c\u00f4t\u00e9 raffin\u00e9 et contemporain. <\/p>\n","protected":false},"featured_media":141631,"template":"","meta":{"_kad_blocks_custom_css":"","_kad_blocks_head_custom_js":"","_kad_blocks_body_custom_js":"","_kad_blocks_footer_custom_js":"","_kad_post_transparent":"","_kad_post_title":"","_kad_post_layout":"","_kad_post_sidebar_id":"","_kad_post_content_style":"","_kad_post_vertical_padding":"","_kad_post_feature":"","_kad_post_feature_position":"","_kad_post_header":false,"_kad_post_footer":false,"_kad_post_classname":""},"product_brand":[],"product_cat":[1299],"product_tag":[1369],"class_list":{"0":"post-141625","1":"product","2":"type-product","3":"status-publish","4":"has-post-thumbnail","6":"product_cat-tables-de-nuit","7":"product_tag-theodore-fr","9":"first","10":"instock","11":"product-type-simple","12":"entry","13":"content-bg","14":"loop-entry"},"taxonomy_info":{"product_cat":[{"value":1299,"label":"Tables de chevet"}],"product_tag":[{"value":1369,"label":"THEODORE"}]},"featured_image_src_large":["https:\/\/www.avenuedesigncanada.com\/wp-content\/uploads\/2022\/03\/S400N-4C_MV-WT-HO-2-1024x1024.jpg",1024,1024,true],"author_info":[],"comment_info":"","_links":{"self":[{"href":"https:\/\/www.avenuedesigncanada.com\/fr\/wp-json\/wp\/v2\/product\/141625","targetHints":{"allow":["GET"]}}],"collection":[{"href":"https:\/\/www.avenuedesigncanada.com\/fr\/wp-json\/wp\/v2\/product"}],"about":[{"href":"https:\/\/www.avenuedesigncanada.com\/fr\/wp-json\/wp\/v2\/types\/product"}],"wp:featuredmedia":[{"embeddable":true,"href":"https:\/\/www.avenuedesigncanada.com\/fr\/wp-json\/wp\/v2\/media\/141631"}],"wp:attachment":[{"href":"https:\/\/www.avenuedesigncanada.com\/fr\/wp-json\/wp\/v2\/media?parent=141625"}],"wp:term":[{"taxonomy":"product_brand","embeddable":true,"href":"https:\/\/www.avenuedesigncanada.com\/fr\/wp-json\/wp\/v2\/product_brand?post=141625"},{"taxonomy":"product_cat","embeddable":true,"href":"https:\/\/www.avenuedesigncanada.com\/fr\/wp-json\/wp\/v2\/product_cat?post=141625"},{"taxonomy":"product_tag","embeddable":true,"href":"https:\/\/www.avenuedesigncanada.com\/fr\/wp-json\/wp\/v2\/product_tag?post=141625"}],"curies":[{"name":"wp","href":"https:\/\/api.w.org\/{rel}","templated":true}]}}