{"id":141949,"date":"2022-03-22T13:34:37","date_gmt":"2022-03-22T17:34:37","guid":{"rendered":"https:\/\/www.avenuedesigncanada.com\/?post_type=product&#038;p=141949"},"modified":"2026-02-11T16:06:40","modified_gmt":"2026-02-11T21:06:40","slug":"table-dappoint-cove-copy","status":"publish","type":"product","link":"https:\/\/www.avenuedesigncanada.com\/fr\/product\/table-dappoint-cove-copy\/","title":{"rendered":"Table de lampe Cove"},"content":{"rendered":"<p><em>La table de lampe Cove pr\u00e9sente les caract\u00e9ristiques suivantes :<\/em><br \/>\nPlateau en verre<br \/>\nTablette en pierre Perlato adoucie<br \/>\nCadre en ch\u00eane quart bross\u00e9<\/p>\n<p>Options<br \/>\nStain, Paint, Metallic Paint, Artisan, MIY, Premium Leaf<\/p>\n<p>Tel qu&rsquo;illustr\u00e9<br \/>\nFinition truffe<\/p>\n<p>Avez-vous des questions \u00e0 propos de ce produit ? Nos designers sont l\u00e0 pour vous aider.  Appelez-nous au (514) 340-9351<\/p>\n","protected":false},"excerpt":{"rendered":"<p>Une tablette en pierre Perlato adoucie sous un plateau en verre est plac\u00e9e dans un cadre en ch\u00eane bross\u00e9 en finition Truffle, combinant des mat\u00e9riaux superpos\u00e9s \u00e0 la fois \u00e9l\u00e9gants et fonctionnels.<\/p>\n","protected":false},"featured_media":141953,"template":"","meta":{"_kad_blocks_custom_css":"","_kad_blocks_head_custom_js":"","_kad_blocks_body_custom_js":"","_kad_blocks_footer_custom_js":"","_kad_post_transparent":"","_kad_post_title":"","_kad_post_layout":"","_kad_post_sidebar_id":"","_kad_post_content_style":"","_kad_post_vertical_padding":"","_kad_post_feature":"","_kad_post_feature_position":"","_kad_post_header":false,"_kad_post_footer":false,"_kad_post_classname":""},"product_brand":[],"product_cat":[1323],"product_tag":[1369],"class_list":{"0":"post-141949","1":"product","2":"type-product","3":"status-publish","4":"has-post-thumbnail","6":"product_cat-salon-tables-dappoint","7":"product_tag-theodore-fr","9":"first","10":"instock","11":"taxable","12":"shipping-taxable","13":"product-type-simple","14":"entry","15":"content-bg","16":"loop-entry"},"taxonomy_info":{"product_cat":[{"value":1323,"label":"Tables d'appoint"}],"product_tag":[{"value":1369,"label":"THEODORE"}]},"featured_image_src_large":["https:\/\/www.avenuedesigncanada.com\/wp-content\/uploads\/2022\/03\/S400L_TF-HO-2-1024x1024.jpg",1024,1024,true],"author_info":[],"comment_info":"","_links":{"self":[{"href":"https:\/\/www.avenuedesigncanada.com\/fr\/wp-json\/wp\/v2\/product\/141949","targetHints":{"allow":["GET"]}}],"collection":[{"href":"https:\/\/www.avenuedesigncanada.com\/fr\/wp-json\/wp\/v2\/product"}],"about":[{"href":"https:\/\/www.avenuedesigncanada.com\/fr\/wp-json\/wp\/v2\/types\/product"}],"wp:featuredmedia":[{"embeddable":true,"href":"https:\/\/www.avenuedesigncanada.com\/fr\/wp-json\/wp\/v2\/media\/141953"}],"wp:attachment":[{"href":"https:\/\/www.avenuedesigncanada.com\/fr\/wp-json\/wp\/v2\/media?parent=141949"}],"wp:term":[{"taxonomy":"product_brand","embeddable":true,"href":"https:\/\/www.avenuedesigncanada.com\/fr\/wp-json\/wp\/v2\/product_brand?post=141949"},{"taxonomy":"product_cat","embeddable":true,"href":"https:\/\/www.avenuedesigncanada.com\/fr\/wp-json\/wp\/v2\/product_cat?post=141949"},{"taxonomy":"product_tag","embeddable":true,"href":"https:\/\/www.avenuedesigncanada.com\/fr\/wp-json\/wp\/v2\/product_tag?post=141949"}],"curies":[{"name":"wp","href":"https:\/\/api.w.org\/{rel}","templated":true}]}}