{"id":141976,"date":"2022-03-22T14:14:42","date_gmt":"2022-03-22T18:14:42","guid":{"rendered":"https:\/\/www.avenuedesigncanada.com\/?post_type=product&#038;p=141976"},"modified":"2026-02-11T16:06:40","modified_gmt":"2026-02-11T21:06:40","slug":"buffet-cove-copy","status":"publish","type":"product","link":"https:\/\/www.avenuedesigncanada.com\/fr\/product\/buffet-cove-copy\/","title":{"rendered":"Buffet de la Crique"},"content":{"rendered":"<p><em>Le buffet Cove pr\u00e9sente les caract\u00e9ristiques suivantes :<\/em><br \/>\nCaisse en \u00e9rable avec faces et dessus en ch\u00eane bross\u00e9 en quartier<br \/>\nQuatre portes<br \/>\nUne \u00e9tag\u00e8re r\u00e9glable derri\u00e8re chaque porte<br \/>\nTrois tiroirs avec doublures en feutre noir<br \/>\nQuincaillerie et options de finition personnalis\u00e9es disponibles<\/p>\n<p>Vous avez des questions sur ce produit ? Nos concepteurs sont l\u00e0 pour vous aider. Appelez-nous au (514) 340-9351  <\/p>\n","protected":false},"excerpt":{"rendered":"<p>Le Buffet Cove allie une construction en \u00e9rable avec des faces et un dessus en ch\u00eane bross\u00e9 sur quartier pour un aspect sophistiqu\u00e9 et stratifi\u00e9. Quatre portes s&rsquo;ouvrent sur des \u00e9tag\u00e8res r\u00e9glables et trois tiroirs garnis de feutre noir offrent un rangement organis\u00e9. Les options de quincaillerie et de finition sur mesure permettent une finition personnalis\u00e9e, ce qui rend ce buffet \u00e0 la fois pratique et visuellement remarquable.  <\/p>\n","protected":false},"featured_media":141978,"template":"","meta":{"_kad_blocks_custom_css":"","_kad_blocks_head_custom_js":"","_kad_blocks_body_custom_js":"","_kad_blocks_footer_custom_js":"","_kad_post_transparent":"","_kad_post_title":"","_kad_post_layout":"","_kad_post_sidebar_id":"","_kad_post_content_style":"","_kad_post_vertical_padding":"","_kad_post_feature":"","_kad_post_feature_position":"","_kad_post_header":false,"_kad_post_footer":false,"_kad_post_classname":""},"product_brand":[],"product_cat":[1303],"product_tag":[1369],"class_list":{"0":"post-141976","1":"product","2":"type-product","3":"status-publish","4":"has-post-thumbnail","6":"product_cat-buffets","7":"product_tag-theodore-fr","9":"first","10":"instock","11":"taxable","12":"shipping-taxable","13":"product-type-simple","14":"entry","15":"content-bg","16":"loop-entry"},"taxonomy_info":{"product_cat":[{"value":1303,"label":"Buffets"}],"product_tag":[{"value":1369,"label":"THEODORE"}]},"featured_image_src_large":["https:\/\/www.avenuedesigncanada.com\/wp-content\/uploads\/2022\/03\/S401SC-3C_IT-EP-HO-2-1024x1024.jpg",1024,1024,true],"author_info":[],"comment_info":"","_links":{"self":[{"href":"https:\/\/www.avenuedesigncanada.com\/fr\/wp-json\/wp\/v2\/product\/141976","targetHints":{"allow":["GET"]}}],"collection":[{"href":"https:\/\/www.avenuedesigncanada.com\/fr\/wp-json\/wp\/v2\/product"}],"about":[{"href":"https:\/\/www.avenuedesigncanada.com\/fr\/wp-json\/wp\/v2\/types\/product"}],"wp:featuredmedia":[{"embeddable":true,"href":"https:\/\/www.avenuedesigncanada.com\/fr\/wp-json\/wp\/v2\/media\/141978"}],"wp:attachment":[{"href":"https:\/\/www.avenuedesigncanada.com\/fr\/wp-json\/wp\/v2\/media?parent=141976"}],"wp:term":[{"taxonomy":"product_brand","embeddable":true,"href":"https:\/\/www.avenuedesigncanada.com\/fr\/wp-json\/wp\/v2\/product_brand?post=141976"},{"taxonomy":"product_cat","embeddable":true,"href":"https:\/\/www.avenuedesigncanada.com\/fr\/wp-json\/wp\/v2\/product_cat?post=141976"},{"taxonomy":"product_tag","embeddable":true,"href":"https:\/\/www.avenuedesigncanada.com\/fr\/wp-json\/wp\/v2\/product_tag?post=141976"}],"curies":[{"name":"wp","href":"https:\/\/api.w.org\/{rel}","templated":true}]}}