{"id":142167,"date":"2022-03-23T10:32:06","date_gmt":"2022-03-23T14:32:06","guid":{"rendered":"https:\/\/www.avenuedesigncanada.com\/?post_type=product&#038;p=142167"},"modified":"2026-02-11T16:06:40","modified_gmt":"2026-02-11T21:06:40","slug":"table-a-diner-ronde-cove-copy","status":"publish","type":"product","link":"https:\/\/www.avenuedesigncanada.com\/fr\/product\/table-a-diner-ronde-cove-copy\/","title":{"rendered":"Table \u00e0 diner  Cove"},"content":{"rendered":"<p><em>La table \u00e0 manger Cove pr\u00e9sente les caract\u00e9ristiques suivantes :<\/em><\/p>\n<p>Dessus en ch\u00eane quart bross\u00e9 et bord incurv\u00e9<br \/>\nMontants en \u00e9rable<br \/>\nDeux rallonges de 22&Prime;<br \/>\nS&rsquo;\u00e9tend jusqu&rsquo;\u00e0 128&Prime;<br \/>\nOptions de finitions personnalis\u00e9es disponibles<\/p>\n<p>Vous avez des questions sur ce produit ? Nos concepteurs sont l\u00e0 pour vous aider. Appelez-nous au (514) 340-9351  <\/p>\n","protected":false},"excerpt":{"rendered":"<p>La table \u00e0 manger Cove est un m\u00e9lange magistral d&rsquo;\u00e9l\u00e9gance et de fonctionnalit\u00e9. Son plateau en ch\u00eane bross\u00e9 en quartiers aux bords gracieusement incurv\u00e9s repose sur des montants robustes en \u00e9rable, offrant une pr\u00e9sence chaleureuse et invitante. \u00c9quip\u00e9e de deux rallonges de 22 po, elle s&rsquo;allonge jusqu&rsquo;\u00e0 128 po pour accueillir de plus grands rassemblements, tandis que les options de finition personnalis\u00e9es vous permettent de l&rsquo;adapter parfaitement \u00e0 votre espace.  <\/p>\n","protected":false},"featured_media":142173,"template":"","meta":{"_kad_blocks_custom_css":"","_kad_blocks_head_custom_js":"","_kad_blocks_body_custom_js":"","_kad_blocks_footer_custom_js":"","_kad_post_transparent":"","_kad_post_title":"","_kad_post_layout":"","_kad_post_sidebar_id":"","_kad_post_content_style":"","_kad_post_vertical_padding":"","_kad_post_feature":"","_kad_post_feature_position":"","_kad_post_header":false,"_kad_post_footer":false,"_kad_post_classname":""},"product_brand":[],"product_cat":[1306],"product_tag":[1369],"class_list":{"0":"post-142167","1":"product","2":"type-product","3":"status-publish","4":"has-post-thumbnail","6":"product_cat-tables-de-salle-a-manger","7":"product_tag-theodore-fr","9":"first","10":"instock","11":"product-type-simple","12":"entry","13":"content-bg","14":"loop-entry"},"taxonomy_info":{"product_cat":[{"value":1306,"label":"Tables"}],"product_tag":[{"value":1369,"label":"THEODORE"}]},"featured_image_src_large":["https:\/\/www.avenuedesigncanada.com\/wp-content\/uploads\/2022\/03\/S402T_MV-HO-2-1024x1024.jpg",1024,1024,true],"author_info":[],"comment_info":"","_links":{"self":[{"href":"https:\/\/www.avenuedesigncanada.com\/fr\/wp-json\/wp\/v2\/product\/142167","targetHints":{"allow":["GET"]}}],"collection":[{"href":"https:\/\/www.avenuedesigncanada.com\/fr\/wp-json\/wp\/v2\/product"}],"about":[{"href":"https:\/\/www.avenuedesigncanada.com\/fr\/wp-json\/wp\/v2\/types\/product"}],"wp:featuredmedia":[{"embeddable":true,"href":"https:\/\/www.avenuedesigncanada.com\/fr\/wp-json\/wp\/v2\/media\/142173"}],"wp:attachment":[{"href":"https:\/\/www.avenuedesigncanada.com\/fr\/wp-json\/wp\/v2\/media?parent=142167"}],"wp:term":[{"taxonomy":"product_brand","embeddable":true,"href":"https:\/\/www.avenuedesigncanada.com\/fr\/wp-json\/wp\/v2\/product_brand?post=142167"},{"taxonomy":"product_cat","embeddable":true,"href":"https:\/\/www.avenuedesigncanada.com\/fr\/wp-json\/wp\/v2\/product_cat?post=142167"},{"taxonomy":"product_tag","embeddable":true,"href":"https:\/\/www.avenuedesigncanada.com\/fr\/wp-json\/wp\/v2\/product_tag?post=142167"}],"curies":[{"name":"wp","href":"https:\/\/api.w.org\/{rel}","templated":true}]}}