{"id":142190,"date":"2022-03-23T11:06:56","date_gmt":"2022-03-23T15:06:56","guid":{"rendered":"https:\/\/www.avenuedesigncanada.com\/?post_type=product&#038;p=142190"},"modified":"2026-02-11T16:06:41","modified_gmt":"2026-02-11T21:06:41","slug":"table-a-diner-cove-copy","status":"publish","type":"product","link":"https:\/\/www.avenuedesigncanada.com\/fr\/product\/table-a-diner-cove-copy\/","title":{"rendered":"Table \u00e0 diner  Parkhurst"},"content":{"rendered":"<p><em>La table \u00e0 manger Parkhurst pr\u00e9sente les caract\u00e9ristiques suivantes :<\/em><\/p>\n<p>Solides et placages de fr\u00eane<br \/>\nAccents m\u00e9talliques en bronze blanc<br \/>\nDeux rallonges de 20&Prime;<br \/>\nS&rsquo;\u00e9tend jusqu&rsquo;\u00e0 120,5&Prime;<br \/>\nOptions de finitions personnalis\u00e9es disponibles<\/p>\n<p>Vous avez des questions sur ce produit ? Nos concepteurs sont l\u00e0 pour vous aider. Appelez-nous au (514) 340-9351  <\/p>\n","protected":false},"excerpt":{"rendered":"<p>Fabriqu\u00e9e \u00e0 partir de solides et de placages de fr\u00eane, la table de salle \u00e0 manger Parkhurst combine une beaut\u00e9 naturelle avec des accents m\u00e9talliques subtils en bronze blanc. Avec deux rallonges de 20&Prime;, elle peut s&rsquo;\u00e9tirer jusqu&rsquo;\u00e0 120,5&Prime;, offrant une polyvalence pour les repas intimes et les d\u00eeners en commun. Les options de finition personnalis\u00e9es permettent de l&rsquo;assortir facilement \u00e0 votre d\u00e9cor.  <\/p>\n","protected":false},"featured_media":142192,"template":"","meta":{"_kad_blocks_custom_css":"","_kad_blocks_head_custom_js":"","_kad_blocks_body_custom_js":"","_kad_blocks_footer_custom_js":"","_kad_post_transparent":"","_kad_post_title":"","_kad_post_layout":"","_kad_post_sidebar_id":"","_kad_post_content_style":"","_kad_post_vertical_padding":"","_kad_post_feature":"","_kad_post_feature_position":"","_kad_post_header":false,"_kad_post_footer":false,"_kad_post_classname":""},"product_brand":[],"product_cat":[1306],"product_tag":[1369],"class_list":{"0":"post-142190","1":"product","2":"type-product","3":"status-publish","4":"has-post-thumbnail","6":"product_cat-tables-de-salle-a-manger","7":"product_tag-theodore-fr","9":"first","10":"instock","11":"product-type-simple","12":"entry","13":"content-bg","14":"loop-entry"},"taxonomy_info":{"product_cat":[{"value":1306,"label":"Tables"}],"product_tag":[{"value":1369,"label":"THEODORE"}]},"featured_image_src_large":["https:\/\/www.avenuedesigncanada.com\/wp-content\/uploads\/2022\/03\/R100T_HO-2-1024x1024.jpg",1024,1024,true],"author_info":[],"comment_info":"","_links":{"self":[{"href":"https:\/\/www.avenuedesigncanada.com\/fr\/wp-json\/wp\/v2\/product\/142190","targetHints":{"allow":["GET"]}}],"collection":[{"href":"https:\/\/www.avenuedesigncanada.com\/fr\/wp-json\/wp\/v2\/product"}],"about":[{"href":"https:\/\/www.avenuedesigncanada.com\/fr\/wp-json\/wp\/v2\/types\/product"}],"wp:featuredmedia":[{"embeddable":true,"href":"https:\/\/www.avenuedesigncanada.com\/fr\/wp-json\/wp\/v2\/media\/142192"}],"wp:attachment":[{"href":"https:\/\/www.avenuedesigncanada.com\/fr\/wp-json\/wp\/v2\/media?parent=142190"}],"wp:term":[{"taxonomy":"product_brand","embeddable":true,"href":"https:\/\/www.avenuedesigncanada.com\/fr\/wp-json\/wp\/v2\/product_brand?post=142190"},{"taxonomy":"product_cat","embeddable":true,"href":"https:\/\/www.avenuedesigncanada.com\/fr\/wp-json\/wp\/v2\/product_cat?post=142190"},{"taxonomy":"product_tag","embeddable":true,"href":"https:\/\/www.avenuedesigncanada.com\/fr\/wp-json\/wp\/v2\/product_tag?post=142190"}],"curies":[{"name":"wp","href":"https:\/\/api.w.org\/{rel}","templated":true}]}}