{"id":142205,"date":"2022-03-23T11:29:14","date_gmt":"2022-03-23T15:29:14","guid":{"rendered":"https:\/\/www.avenuedesigncanada.com\/?post_type=product&#038;p=142205"},"modified":"2026-02-11T16:06:41","modified_gmt":"2026-02-11T21:06:41","slug":"buffet-parkhurst-copie","status":"publish","type":"product","link":"https:\/\/www.avenuedesigncanada.com\/fr\/product\/buffet-parkhurst-copie\/","title":{"rendered":"Buffet Osborne"},"content":{"rendered":"<p><em>Le buffet Osborne pr\u00e9sente les caract\u00e9ristiques suivantes :<\/em><br \/>\nH\u00eatre europ\u00e9en massif et placage<br \/>\nCinq tiroirs<br \/>\nDeux portes<br \/>\nDeux \u00e9tag\u00e8res r\u00e9glables<br \/>\nCon\u00e7u pour la gestion des fils<br \/>\nFait partie du programme MIY Lifestyle Cabinets avec des options personnalisables.<\/p>\n<p>Vous avez des questions sur ce produit ? Nos concepteurs sont l\u00e0 pour vous aider. Appelez-nous au (514) 340-9351  <\/p>\n","protected":false},"excerpt":{"rendered":"<p>Le buffet Osborne est compos\u00e9 de solides et de placages de h\u00eatre europ\u00e9en et comporte cinq tiroirs et deux portes qui cachent des \u00e9tag\u00e8res r\u00e9glables. Con\u00e7u pour la gestion des fils, il fait partie du programme MIY Lifestyle Cabinets, ce qui permet de le personnaliser pour r\u00e9pondre aux besoins de rangement individuels. Ses lignes \u00e9pur\u00e9es et son rangement polyvalent en font un choix \u00e9l\u00e9gant pour les int\u00e9rieurs modernes.  <\/p>\n","protected":false},"featured_media":142219,"template":"","meta":{"_kad_blocks_custom_css":"","_kad_blocks_head_custom_js":"","_kad_blocks_body_custom_js":"","_kad_blocks_footer_custom_js":"","_kad_post_transparent":"","_kad_post_title":"","_kad_post_layout":"","_kad_post_sidebar_id":"","_kad_post_content_style":"","_kad_post_vertical_padding":"","_kad_post_feature":"","_kad_post_feature_position":"","_kad_post_header":false,"_kad_post_footer":false,"_kad_post_classname":""},"product_brand":[],"product_cat":[1303],"product_tag":[1369],"class_list":{"0":"post-142205","1":"product","2":"type-product","3":"status-publish","4":"has-post-thumbnail","6":"product_cat-buffets","7":"product_tag-theodore-fr","9":"first","10":"instock","11":"product-type-simple","12":"entry","13":"content-bg","14":"loop-entry"},"taxonomy_info":{"product_cat":[{"value":1303,"label":"Buffets"}],"product_tag":[{"value":1369,"label":"THEODORE"}]},"featured_image_src_large":["https:\/\/www.avenuedesigncanada.com\/wp-content\/uploads\/2022\/03\/CC44B_MQ-HO-2-1024x1024.jpg",1024,1024,true],"author_info":[],"comment_info":"","_links":{"self":[{"href":"https:\/\/www.avenuedesigncanada.com\/fr\/wp-json\/wp\/v2\/product\/142205","targetHints":{"allow":["GET"]}}],"collection":[{"href":"https:\/\/www.avenuedesigncanada.com\/fr\/wp-json\/wp\/v2\/product"}],"about":[{"href":"https:\/\/www.avenuedesigncanada.com\/fr\/wp-json\/wp\/v2\/types\/product"}],"wp:featuredmedia":[{"embeddable":true,"href":"https:\/\/www.avenuedesigncanada.com\/fr\/wp-json\/wp\/v2\/media\/142219"}],"wp:attachment":[{"href":"https:\/\/www.avenuedesigncanada.com\/fr\/wp-json\/wp\/v2\/media?parent=142205"}],"wp:term":[{"taxonomy":"product_brand","embeddable":true,"href":"https:\/\/www.avenuedesigncanada.com\/fr\/wp-json\/wp\/v2\/product_brand?post=142205"},{"taxonomy":"product_cat","embeddable":true,"href":"https:\/\/www.avenuedesigncanada.com\/fr\/wp-json\/wp\/v2\/product_cat?post=142205"},{"taxonomy":"product_tag","embeddable":true,"href":"https:\/\/www.avenuedesigncanada.com\/fr\/wp-json\/wp\/v2\/product_tag?post=142205"}],"curies":[{"name":"wp","href":"https:\/\/api.w.org\/{rel}","templated":true}]}}