{"id":142746,"date":"2022-03-25T09:35:47","date_gmt":"2022-03-25T13:35:47","guid":{"rendered":"https:\/\/www.avenuedesigncanada.com\/?post_type=product&#038;p=142746"},"modified":"2026-02-11T16:06:43","modified_gmt":"2026-02-11T21:06:43","slug":"table-a-diner-angled-copy-2","status":"publish","type":"product","link":"https:\/\/www.avenuedesigncanada.com\/fr\/product\/table-a-diner-angled-copy-2\/","title":{"rendered":"Table \u00e0 diner  en fonte"},"content":{"rendered":"<p><em>La table \u00e0 manger Cast se distingue par ses caract\u00e9ristiques :<\/em><\/p>\n<p>Solides en fr\u00eane et placages<br \/>\nPieds en m\u00e9tal<br \/>\nFinition des pieds fixes<br \/>\nFait partie du programme MIY Leg Dining Table<\/p>\n<p>Vous avez des questions sur ce produit ? Nos concepteurs sont l\u00e0 pour vous aider. Appelez-nous au (514) 340-9351  <\/p>\n","protected":false},"excerpt":{"rendered":"<p>La table de salle \u00e0 manger Cast combine la chaleur des solides et des placages de fr\u00eane avec des pieds m\u00e9talliques robustes, apportant une touche industrielle contemporaine. Faisant partie de la gamme de tables de salle \u00e0 manger MIY Leg, elle est propos\u00e9e avec une finition \u00e0 pieds fixes et est id\u00e9ale pour ceux qui recherchent \u00e0 la fois le style et la durabilit\u00e9. <\/p>\n","protected":false},"featured_media":142753,"template":"","meta":{"_kad_blocks_custom_css":"","_kad_blocks_head_custom_js":"","_kad_blocks_body_custom_js":"","_kad_blocks_footer_custom_js":"","_kad_post_transparent":"","_kad_post_title":"","_kad_post_layout":"","_kad_post_sidebar_id":"","_kad_post_content_style":"","_kad_post_vertical_padding":"","_kad_post_feature":"","_kad_post_feature_position":"","_kad_post_header":false,"_kad_post_footer":false,"_kad_post_classname":""},"product_brand":[],"product_cat":[1306],"product_tag":[1369],"class_list":{"0":"post-142746","1":"product","2":"type-product","3":"status-publish","4":"has-post-thumbnail","6":"product_cat-tables-de-salle-a-manger","7":"product_tag-theodore-fr","9":"first","10":"instock","11":"product-type-simple","12":"entry","13":"content-bg","14":"loop-entry"},"taxonomy_info":{"product_cat":[{"value":1306,"label":"Tables"}],"product_tag":[{"value":1369,"label":"THEODORE"}]},"featured_image_src_large":["https:\/\/www.avenuedesigncanada.com\/wp-content\/uploads\/2022\/03\/TA78LL38_MV-HO-2-1024x1024.jpg",1024,1024,true],"author_info":[],"comment_info":"","_links":{"self":[{"href":"https:\/\/www.avenuedesigncanada.com\/fr\/wp-json\/wp\/v2\/product\/142746","targetHints":{"allow":["GET"]}}],"collection":[{"href":"https:\/\/www.avenuedesigncanada.com\/fr\/wp-json\/wp\/v2\/product"}],"about":[{"href":"https:\/\/www.avenuedesigncanada.com\/fr\/wp-json\/wp\/v2\/types\/product"}],"wp:featuredmedia":[{"embeddable":true,"href":"https:\/\/www.avenuedesigncanada.com\/fr\/wp-json\/wp\/v2\/media\/142753"}],"wp:attachment":[{"href":"https:\/\/www.avenuedesigncanada.com\/fr\/wp-json\/wp\/v2\/media?parent=142746"}],"wp:term":[{"taxonomy":"product_brand","embeddable":true,"href":"https:\/\/www.avenuedesigncanada.com\/fr\/wp-json\/wp\/v2\/product_brand?post=142746"},{"taxonomy":"product_cat","embeddable":true,"href":"https:\/\/www.avenuedesigncanada.com\/fr\/wp-json\/wp\/v2\/product_cat?post=142746"},{"taxonomy":"product_tag","embeddable":true,"href":"https:\/\/www.avenuedesigncanada.com\/fr\/wp-json\/wp\/v2\/product_tag?post=142746"}],"curies":[{"name":"wp","href":"https:\/\/api.w.org\/{rel}","templated":true}]}}