{"id":142812,"date":"2022-03-25T11:19:27","date_gmt":"2022-03-25T15:19:27","guid":{"rendered":"https:\/\/www.avenuedesigncanada.com\/?post_type=product&#038;p=142812"},"modified":"2026-02-11T16:06:43","modified_gmt":"2026-02-11T21:06:43","slug":"table-a-diner-angled-copy-3","status":"publish","type":"product","link":"https:\/\/www.avenuedesigncanada.com\/fr\/product\/table-a-diner-angled-copy-3\/","title":{"rendered":"Table \u00e0 diner d\u00e9co"},"content":{"rendered":"<p><em>La table \u00e0 manger Deco pr\u00e9sente les caract\u00e9ristiques suivantes :<\/em><\/p>\n<p>Solides et placages de fr\u00eane<br \/>\nPieds en acier inoxydable poli<br \/>\nFinition des pieds en m\u00e9tal teint\u00e9 en option<br \/>\nFait partie du programme MIY Leg Dining Table<\/p>\n<p>Vous avez des questions sur ce produit ? Nos concepteurs sont l\u00e0 pour vous aider. Appelez-nous au (514) 340-9351  <\/p>\n","protected":false},"excerpt":{"rendered":"<p>La table de salle \u00e0 manger Deco est compos\u00e9e de solides et de placages de fr\u00eane qui rencontrent des pieds en acier inoxydable poli, cr\u00e9ant ainsi une pi\u00e8ce d&rsquo;affirmation moderne. Les finitions optionnelles des pieds en m\u00e9tal teint\u00e9 et les options du programme MIY permettent un design hautement personnalis\u00e9 pour s&rsquo;adapter parfaitement \u00e0 votre espace de salle \u00e0 manger. <\/p>\n","protected":false},"featured_media":142819,"template":"","meta":{"_kad_blocks_custom_css":"","_kad_blocks_head_custom_js":"","_kad_blocks_body_custom_js":"","_kad_blocks_footer_custom_js":"","_kad_post_transparent":"","_kad_post_title":"","_kad_post_layout":"","_kad_post_sidebar_id":"","_kad_post_content_style":"","_kad_post_vertical_padding":"","_kad_post_feature":"","_kad_post_feature_position":"","_kad_post_header":false,"_kad_post_footer":false,"_kad_post_classname":""},"product_brand":[],"product_cat":[1306],"product_tag":[1369],"class_list":{"0":"post-142812","1":"product","2":"type-product","3":"status-publish","4":"has-post-thumbnail","6":"product_cat-tables-de-salle-a-manger","7":"product_tag-theodore-fr","9":"first","10":"instock","11":"product-type-simple","12":"entry","13":"content-bg","14":"loop-entry"},"taxonomy_info":{"product_cat":[{"value":1306,"label":"Tables"}],"product_tag":[{"value":1369,"label":"THEODORE"}]},"featured_image_src_large":["https:\/\/www.avenuedesigncanada.com\/wp-content\/uploads\/2022\/03\/TA78LL30_ST-HO-2-1024x1024.jpg",1024,1024,true],"author_info":[],"comment_info":"","_links":{"self":[{"href":"https:\/\/www.avenuedesigncanada.com\/fr\/wp-json\/wp\/v2\/product\/142812","targetHints":{"allow":["GET"]}}],"collection":[{"href":"https:\/\/www.avenuedesigncanada.com\/fr\/wp-json\/wp\/v2\/product"}],"about":[{"href":"https:\/\/www.avenuedesigncanada.com\/fr\/wp-json\/wp\/v2\/types\/product"}],"wp:featuredmedia":[{"embeddable":true,"href":"https:\/\/www.avenuedesigncanada.com\/fr\/wp-json\/wp\/v2\/media\/142819"}],"wp:attachment":[{"href":"https:\/\/www.avenuedesigncanada.com\/fr\/wp-json\/wp\/v2\/media?parent=142812"}],"wp:term":[{"taxonomy":"product_brand","embeddable":true,"href":"https:\/\/www.avenuedesigncanada.com\/fr\/wp-json\/wp\/v2\/product_brand?post=142812"},{"taxonomy":"product_cat","embeddable":true,"href":"https:\/\/www.avenuedesigncanada.com\/fr\/wp-json\/wp\/v2\/product_cat?post=142812"},{"taxonomy":"product_tag","embeddable":true,"href":"https:\/\/www.avenuedesigncanada.com\/fr\/wp-json\/wp\/v2\/product_tag?post=142812"}],"curies":[{"name":"wp","href":"https:\/\/api.w.org\/{rel}","templated":true}]}}