{"id":145471,"date":"2022-04-04T10:13:11","date_gmt":"2022-04-04T14:13:11","guid":{"rendered":"https:\/\/www.avenuedesigncanada.com\/?post_type=product&#038;p=145471"},"modified":"2026-02-11T16:06:46","modified_gmt":"2026-02-11T21:06:46","slug":"buffet-huett-tempest-copy","status":"publish","type":"product","link":"https:\/\/www.avenuedesigncanada.com\/fr\/product\/buffet-huett-tempest-copy\/","title":{"rendered":"Buffet Huett &#8211; Overcast"},"content":{"rendered":"<p><em>Les caract\u00e9ristiques du buffet Huett:<\/em><\/p>\n<p>Rev\u00eatement en cuir gaufr\u00e9 faux galuchat<\/p>\n<p>Finition Overcast<\/p>\n<p>Quatre portes renfermant des tablettes<\/p>\n<p>Socle, moulures et poign\u00e9es en nickel poli<\/p>\n<p><span>Cet article doit \u00eatre install\u00e9 par un entrepreneur agr\u00e9\u00e9 \u00e0 l\u2019aide du kit d\u2019ancrage mural \u201cAnti-Tip kit\u201d fourni.<\/span><\/p>\n<p>&nbsp;<\/p>\n","protected":false},"excerpt":{"rendered":"<p><span>Avez-vous des questions \u00e0 propos de ce produit ?\u00a0<\/span><span>Nos designers sont l\u00e0 pour vous aider. <\/span><strong>Appelez-nous au (514) 340-9351<\/strong><\/p>\n","protected":false},"featured_media":145449,"template":"","meta":{"_kad_blocks_custom_css":"","_kad_blocks_head_custom_js":"","_kad_blocks_body_custom_js":"","_kad_blocks_footer_custom_js":"","_kad_post_transparent":"","_kad_post_title":"","_kad_post_layout":"","_kad_post_sidebar_id":"","_kad_post_content_style":"","_kad_post_vertical_padding":"","_kad_post_feature":"","_kad_post_feature_position":"","_kad_post_header":false,"_kad_post_footer":false,"_kad_post_classname":""},"product_brand":[],"product_cat":[1303],"product_tag":[],"class_list":{"0":"post-145471","1":"product","2":"type-product","3":"status-publish","4":"has-post-thumbnail","6":"product_cat-buffets","8":"first","9":"instock","10":"product-type-simple","11":"entry","12":"content-bg","13":"loop-entry"},"taxonomy_info":{"product_cat":[{"value":1303,"label":"Buffets"}]},"featured_image_src_large":["https:\/\/www.avenuedesigncanada.com\/wp-content\/uploads\/2022\/04\/TAS61017.C095_more_2-1024x1024.jpg",1024,1024,true],"author_info":[],"comment_info":"","_links":{"self":[{"href":"https:\/\/www.avenuedesigncanada.com\/fr\/wp-json\/wp\/v2\/product\/145471","targetHints":{"allow":["GET"]}}],"collection":[{"href":"https:\/\/www.avenuedesigncanada.com\/fr\/wp-json\/wp\/v2\/product"}],"about":[{"href":"https:\/\/www.avenuedesigncanada.com\/fr\/wp-json\/wp\/v2\/types\/product"}],"wp:featuredmedia":[{"embeddable":true,"href":"https:\/\/www.avenuedesigncanada.com\/fr\/wp-json\/wp\/v2\/media\/145449"}],"wp:attachment":[{"href":"https:\/\/www.avenuedesigncanada.com\/fr\/wp-json\/wp\/v2\/media?parent=145471"}],"wp:term":[{"taxonomy":"product_brand","embeddable":true,"href":"https:\/\/www.avenuedesigncanada.com\/fr\/wp-json\/wp\/v2\/product_brand?post=145471"},{"taxonomy":"product_cat","embeddable":true,"href":"https:\/\/www.avenuedesigncanada.com\/fr\/wp-json\/wp\/v2\/product_cat?post=145471"},{"taxonomy":"product_tag","embeddable":true,"href":"https:\/\/www.avenuedesigncanada.com\/fr\/wp-json\/wp\/v2\/product_tag?post=145471"}],"curies":[{"name":"wp","href":"https:\/\/api.w.org\/{rel}","templated":true}]}}