{"id":153892,"date":"2022-05-16T14:41:51","date_gmt":"2022-05-16T18:41:51","guid":{"rendered":"https:\/\/www.avenuedesigncanada.com\/?post_type=product&#038;p=153892"},"modified":"2026-02-11T16:06:50","modified_gmt":"2026-02-11T21:06:50","slug":"tabouret-de-comptoir-dante-copy","status":"publish","type":"product","link":"https:\/\/www.avenuedesigncanada.com\/fr\/product\/tabouret-de-comptoir-dante-copy\/","title":{"rendered":"Tabouret de comptoir Dante &#8211; Acier inoxydable poli"},"content":{"rendered":"<p><em>Le tabouret de comptoir Dante pr\u00e9sente les caract\u00e9ristiques suivantes :<\/em><br \/>\nL&rsquo;association audacieuse d&rsquo;un rev\u00eatement en velours noir et d&rsquo;une base en acier inoxydable poli cr\u00e9e une silhouette moderne saisissante.<\/p>\n<p>Options :<br \/>\n\u00c9galement disponible comme tabouret de bar.<\/p>\n<p>Avez-vous des questions \u00e0 propos de ce produit ?<br \/>\nNos designers sont l\u00e0 pour vous aider. Appelez-nous au (514) 340-9351<\/p>\n","protected":false},"excerpt":{"rendered":"<p>Offrez une touche d&rsquo;\u00e9l\u00e9gance \u00e0 votre salon ou salle \u00e0 manger d\u00e9contract\u00e9 ou formel avec le luxueux tabouret de comptoir Dante. Sa structure en acier inoxydable poli avec repose-pieds ajoute du glamour et de la sophistication \u00e0 votre d\u00e9cor moderne, tandis que son assise en velours noir offre une exp\u00e9rience d&rsquo;assise confortable. <\/p>\n","protected":false},"featured_media":153872,"template":"","meta":{"_kad_blocks_custom_css":"","_kad_blocks_head_custom_js":"","_kad_blocks_body_custom_js":"","_kad_blocks_footer_custom_js":"","_kad_post_transparent":"","_kad_post_title":"","_kad_post_layout":"","_kad_post_sidebar_id":"","_kad_post_content_style":"","_kad_post_vertical_padding":"","_kad_post_feature":"","_kad_post_feature_position":"","_kad_post_header":false,"_kad_post_footer":false,"_kad_post_classname":""},"product_brand":[],"product_cat":[1305],"product_tag":[1482],"class_list":{"0":"post-153892","1":"product","2":"type-product","3":"status-publish","4":"has-post-thumbnail","6":"product_cat-tabourets","7":"product_tag-vreeland-fr-2","9":"first","10":"instock","11":"product-type-simple","12":"entry","13":"content-bg","14":"loop-entry"},"taxonomy_info":{"product_cat":[{"value":1305,"label":"Tabourets"}],"product_tag":[{"value":1482,"label":"Vreeland"}]},"featured_image_src_large":["https:\/\/www.avenuedesigncanada.com\/wp-content\/uploads\/2022\/05\/111672_4-2-1024x1024.jpg",1024,1024,true],"author_info":[],"comment_info":"","_links":{"self":[{"href":"https:\/\/www.avenuedesigncanada.com\/fr\/wp-json\/wp\/v2\/product\/153892","targetHints":{"allow":["GET"]}}],"collection":[{"href":"https:\/\/www.avenuedesigncanada.com\/fr\/wp-json\/wp\/v2\/product"}],"about":[{"href":"https:\/\/www.avenuedesigncanada.com\/fr\/wp-json\/wp\/v2\/types\/product"}],"wp:featuredmedia":[{"embeddable":true,"href":"https:\/\/www.avenuedesigncanada.com\/fr\/wp-json\/wp\/v2\/media\/153872"}],"wp:attachment":[{"href":"https:\/\/www.avenuedesigncanada.com\/fr\/wp-json\/wp\/v2\/media?parent=153892"}],"wp:term":[{"taxonomy":"product_brand","embeddable":true,"href":"https:\/\/www.avenuedesigncanada.com\/fr\/wp-json\/wp\/v2\/product_brand?post=153892"},{"taxonomy":"product_cat","embeddable":true,"href":"https:\/\/www.avenuedesigncanada.com\/fr\/wp-json\/wp\/v2\/product_cat?post=153892"},{"taxonomy":"product_tag","embeddable":true,"href":"https:\/\/www.avenuedesigncanada.com\/fr\/wp-json\/wp\/v2\/product_tag?post=153892"}],"curies":[{"name":"wp","href":"https:\/\/api.w.org\/{rel}","templated":true}]}}