{"id":158030,"date":"2022-08-25T20:22:30","date_gmt":"2022-08-26T00:22:30","guid":{"rendered":"https:\/\/adctemp.avenuedesigncanada.com\/?post_type=product&#038;p=158030"},"modified":"2026-02-11T16:06:52","modified_gmt":"2026-02-11T21:06:52","slug":"chaise-lounge-blow-copy","status":"publish","type":"product","link":"https:\/\/www.avenuedesigncanada.com\/fr\/product\/chaise-lounge-blow-copy\/","title":{"rendered":"Chaise lounge Blow &#8211; Bras \u00e0 gauche"},"content":{"rendered":"<p><em>Les caract\u00e9ristiques de la chaise longue d&rsquo;ext\u00e9rieur Blow:<\/em><\/p>\n<p>Base en aluminium thermolaqu\u00e9 en finition noire<\/p>\n<p>Tissu Subrella<\/p>\n<p>100% r\u00e9sistant aux intemp\u00e9ries<\/p>\n<p>Options<\/p>\n<p>Choix de deux combinaisons de tissus : Lead Chin\u00e9 &amp; Sooty ou Automne &amp; Lead Chin\u00e9<\/p>\n<p>Notre collection de meubles d\u2019ext\u00e9rieur est rembourr\u00e9e avec des tissus ou du cuir qui conviennent \u00e0 un usage ext\u00e9rieur.\u00a0Nos meubles ne sont pas con\u00e7us pour \u00eatre imperm\u00e9ables, mais ils laissent \u00e9chapper l\u2019eau le plus rapidement possible. En utilisant des mat\u00e9riaux qui respirent, nous assurons une circulation d\u2019air constante \u00e0 l\u2019int\u00e9rieur de nos meubles. Ainsi, apr\u00e8s une forte pluie, les meubles peuvent s\u00e9cher compl\u00e8tement apr\u00e8s 30 minutes.<\/p>\n<p>&nbsp;<\/p>\n","protected":false},"excerpt":{"rendered":"<p>Avez-vous des questions \u00e0 propos de ce produit ?<\/p>\n<p>Nos designers sont l\u00e0 pour vous aider.<\/p>\n<p><strong>Appelez-nous au (514) 340-9351<\/strong><\/p>\n","protected":false},"featured_media":158044,"template":"","meta":{"_kad_blocks_custom_css":"","_kad_blocks_head_custom_js":"","_kad_blocks_body_custom_js":"","_kad_blocks_footer_custom_js":"","_kad_post_transparent":"","_kad_post_title":"","_kad_post_layout":"","_kad_post_sidebar_id":"","_kad_post_content_style":"","_kad_post_vertical_padding":"","_kad_post_feature":"","_kad_post_feature_position":"","_kad_post_header":false,"_kad_post_footer":false,"_kad_post_classname":""},"product_brand":[],"product_cat":[107],"product_tag":[1568],"class_list":{"0":"post-158030","1":"product","2":"type-product","3":"status-publish","4":"has-post-thumbnail","6":"product_cat-non-classifiee","7":"product_tag-donavilla-fr","9":"first","10":"instock","11":"product-type-simple","12":"entry","13":"content-bg","14":"loop-entry"},"taxonomy_info":{"product_cat":[{"value":107,"label":"Non classifi\u00e9(e)"}],"product_tag":[{"value":1568,"label":"DONAVILLA"}]},"featured_image_src_large":["https:\/\/www.avenuedesigncanada.com\/wp-content\/uploads\/2022\/08\/Blow-Sofa-BW-05-set-1024x1024.jpg",1024,1024,true],"author_info":[],"comment_info":"","_links":{"self":[{"href":"https:\/\/www.avenuedesigncanada.com\/fr\/wp-json\/wp\/v2\/product\/158030","targetHints":{"allow":["GET"]}}],"collection":[{"href":"https:\/\/www.avenuedesigncanada.com\/fr\/wp-json\/wp\/v2\/product"}],"about":[{"href":"https:\/\/www.avenuedesigncanada.com\/fr\/wp-json\/wp\/v2\/types\/product"}],"wp:featuredmedia":[{"embeddable":true,"href":"https:\/\/www.avenuedesigncanada.com\/fr\/wp-json\/wp\/v2\/media\/158044"}],"wp:attachment":[{"href":"https:\/\/www.avenuedesigncanada.com\/fr\/wp-json\/wp\/v2\/media?parent=158030"}],"wp:term":[{"taxonomy":"product_brand","embeddable":true,"href":"https:\/\/www.avenuedesigncanada.com\/fr\/wp-json\/wp\/v2\/product_brand?post=158030"},{"taxonomy":"product_cat","embeddable":true,"href":"https:\/\/www.avenuedesigncanada.com\/fr\/wp-json\/wp\/v2\/product_cat?post=158030"},{"taxonomy":"product_tag","embeddable":true,"href":"https:\/\/www.avenuedesigncanada.com\/fr\/wp-json\/wp\/v2\/product_tag?post=158030"}],"curies":[{"name":"wp","href":"https:\/\/api.w.org\/{rel}","templated":true}]}}