{"id":165213,"date":"2022-09-20T11:10:43","date_gmt":"2022-09-20T15:10:43","guid":{"rendered":"https:\/\/www.avenuedesigncanada.com\/?post_type=product&#038;p=165213"},"modified":"2026-02-11T16:06:53","modified_gmt":"2026-02-11T21:06:53","slug":"buffet-form-avec-portes-en-bois","status":"publish","type":"product","link":"https:\/\/www.avenuedesigncanada.com\/fr\/product\/buffet-form-avec-portes-en-bois\/","title":{"rendered":"Buffet Form avec portes en bois"},"content":{"rendered":"<p><em>Le buffet Form pr\u00e9sente les caract\u00e9ristiques suivantes :<\/em><br \/>\nCh\u00eane massif et placage<br \/>\nQuatre portes en bois<br \/>\nFinition ch\u00eane bross\u00e9<br \/>\nDeux \u00e9tag\u00e8res r\u00e9glables derri\u00e8re les portes de gauche<br \/>\nUn tiroir derri\u00e8re les portes de droite<br \/>\nQuincaillerie \u00e0 barre plate en bronze organique<br \/>\nDisponible dans une gamme de finitions personnalis\u00e9es.<\/p>\n<p>Vous avez des questions sur ce produit ? Nos concepteurs sont l\u00e0 pour vous aider. Appelez-nous au (514) 340-9351  <\/p>\n","protected":false},"excerpt":{"rendered":"<p>Le Buffet Form est fabriqu\u00e9 en ch\u00eane massif et placage avec une finition en ch\u00eane bross\u00e9, combinant un mat\u00e9riau classique avec un design contemporain. Quatre portes en bois dissimulent des \u00e9tag\u00e8res r\u00e9glables et un tiroir cach\u00e9, tandis que la quincaillerie \u00e0 barre plate en bronze organique ajoute un d\u00e9tail m\u00e9tallique subtil. Disponible dans une gamme de finitions personnalis\u00e9es, ce buffet allie harmonieusement fonction et style.  <\/p>\n","protected":false},"featured_media":165224,"template":"","meta":{"_kad_blocks_custom_css":"","_kad_blocks_head_custom_js":"","_kad_blocks_body_custom_js":"","_kad_blocks_footer_custom_js":"","_kad_post_transparent":"","_kad_post_title":"","_kad_post_layout":"","_kad_post_sidebar_id":"","_kad_post_content_style":"","_kad_post_vertical_padding":"","_kad_post_feature":"","_kad_post_feature_position":"","_kad_post_header":false,"_kad_post_footer":false,"_kad_post_classname":""},"product_brand":[],"product_cat":[1303],"product_tag":[1369],"class_list":{"0":"post-165213","1":"product","2":"type-product","3":"status-publish","4":"has-post-thumbnail","6":"product_cat-buffets","7":"product_tag-theodore-fr","9":"first","10":"instock","11":"taxable","12":"shipping-taxable","13":"product-type-simple","14":"entry","15":"content-bg","16":"loop-entry"},"taxonomy_info":{"product_cat":[{"value":1303,"label":"Buffets"}],"product_tag":[{"value":1369,"label":"THEODORE"}]},"featured_image_src_large":["https:\/\/www.avenuedesigncanada.com\/wp-content\/uploads\/2022\/09\/P680B1_AT-HO-2-1024x1024.jpg",1024,1024,true],"author_info":[],"comment_info":"","_links":{"self":[{"href":"https:\/\/www.avenuedesigncanada.com\/fr\/wp-json\/wp\/v2\/product\/165213","targetHints":{"allow":["GET"]}}],"collection":[{"href":"https:\/\/www.avenuedesigncanada.com\/fr\/wp-json\/wp\/v2\/product"}],"about":[{"href":"https:\/\/www.avenuedesigncanada.com\/fr\/wp-json\/wp\/v2\/types\/product"}],"wp:featuredmedia":[{"embeddable":true,"href":"https:\/\/www.avenuedesigncanada.com\/fr\/wp-json\/wp\/v2\/media\/165224"}],"wp:attachment":[{"href":"https:\/\/www.avenuedesigncanada.com\/fr\/wp-json\/wp\/v2\/media?parent=165213"}],"wp:term":[{"taxonomy":"product_brand","embeddable":true,"href":"https:\/\/www.avenuedesigncanada.com\/fr\/wp-json\/wp\/v2\/product_brand?post=165213"},{"taxonomy":"product_cat","embeddable":true,"href":"https:\/\/www.avenuedesigncanada.com\/fr\/wp-json\/wp\/v2\/product_cat?post=165213"},{"taxonomy":"product_tag","embeddable":true,"href":"https:\/\/www.avenuedesigncanada.com\/fr\/wp-json\/wp\/v2\/product_tag?post=165213"}],"curies":[{"name":"wp","href":"https:\/\/api.w.org\/{rel}","templated":true}]}}