{"id":165293,"date":"2022-09-20T17:32:38","date_gmt":"2022-09-20T21:32:38","guid":{"rendered":"https:\/\/www.avenuedesigncanada.com\/?post_type=product&#038;p=165293"},"modified":"2026-02-11T16:06:53","modified_gmt":"2026-02-11T21:06:53","slug":"lit-form","status":"publish","type":"product","link":"https:\/\/www.avenuedesigncanada.com\/fr\/product\/lit-form\/","title":{"rendered":"Lit Form"},"content":{"rendered":"<p><em>Caract\u00e9ristiques du lit Form :<\/em><\/p>\n<p>Bois de ch\u00eane massif et placages<\/p>\n<p>Ch\u00eane bross\u00e9<\/p>\n<p>Lampakanay tiss\u00e9 en Natural sur la t\u00eate et le pied de lit<\/p>\n<p>Options<\/p>\n<p>Teinture, Peinture, Peinture m\u00e9tallique, Artisan, MIY, Premium Leaf<\/p>\n<p>Offert en format Queen, W 67 D 87.25 H 66<\/p>\n<p>Comme montr\u00e9:<\/p>\n<p>Fini: Wheat<\/p>\n<p>Avez-vous des questions \u00e0 propos de ce produit ?<\/p>\n<p>Nos designers sont l\u00e0 pour vous aider. Appelez-nous au (514) 340-9351<\/p>\n<p id=\"txtSummary\" class=\"txtShortHeader ShrinkLineHeight m-b-3\">\n","protected":false},"excerpt":{"rendered":"<p>Les courbes douces et invitantes de la collection Form cr\u00e9ent un \u00e9quilibre moderne \u00e0 la fois d\u00e9contract\u00e9 et sophistiqu\u00e9. L&rsquo;incarnation de la vie naturelle, Form pr\u00e9sente du bois de ch\u00eane massif et des placages, du marbre poli, du lampakanay tiss\u00e9, des accents m\u00e9talliques et des options de quincaillerie. Chaque meuble est magnifiquement r\u00e9alis\u00e9, en mettant l&rsquo;accent sur la douceur des contours et la fluidit\u00e9 des courbes.<\/p>\n","protected":false},"featured_media":385160,"template":"","meta":{"_kad_blocks_custom_css":"","_kad_blocks_head_custom_js":"","_kad_blocks_body_custom_js":"","_kad_blocks_footer_custom_js":"","_kad_post_transparent":"default","_kad_post_title":"","_kad_post_layout":"default","_kad_post_sidebar_id":"","_kad_post_content_style":"default","_kad_post_vertical_padding":"default","_kad_post_feature":"","_kad_post_feature_position":"","_kad_post_header":false,"_kad_post_footer":false,"_kad_post_classname":""},"product_brand":[],"product_cat":[1296],"product_tag":[1369],"class_list":{"0":"post-165293","1":"product","2":"type-product","3":"status-publish","4":"has-post-thumbnail","6":"product_cat-lits","7":"product_tag-theodore-fr","9":"first","10":"instock","11":"taxable","12":"shipping-taxable","13":"product-type-simple","14":"entry","15":"content-bg","16":"loop-entry"},"taxonomy_info":{"product_cat":[{"value":1296,"label":"Lits"}],"product_tag":[{"value":1369,"label":"THEODORE"}]},"featured_image_src_large":["https:\/\/www.avenuedesigncanada.com\/wp-content\/uploads\/2022\/09\/P680K_AT-HO-2-1-1024x1024.jpg",1024,1024,true],"author_info":[],"comment_info":"","_links":{"self":[{"href":"https:\/\/www.avenuedesigncanada.com\/fr\/wp-json\/wp\/v2\/product\/165293","targetHints":{"allow":["GET"]}}],"collection":[{"href":"https:\/\/www.avenuedesigncanada.com\/fr\/wp-json\/wp\/v2\/product"}],"about":[{"href":"https:\/\/www.avenuedesigncanada.com\/fr\/wp-json\/wp\/v2\/types\/product"}],"wp:featuredmedia":[{"embeddable":true,"href":"https:\/\/www.avenuedesigncanada.com\/fr\/wp-json\/wp\/v2\/media\/385160"}],"wp:attachment":[{"href":"https:\/\/www.avenuedesigncanada.com\/fr\/wp-json\/wp\/v2\/media?parent=165293"}],"wp:term":[{"taxonomy":"product_brand","embeddable":true,"href":"https:\/\/www.avenuedesigncanada.com\/fr\/wp-json\/wp\/v2\/product_brand?post=165293"},{"taxonomy":"product_cat","embeddable":true,"href":"https:\/\/www.avenuedesigncanada.com\/fr\/wp-json\/wp\/v2\/product_cat?post=165293"},{"taxonomy":"product_tag","embeddable":true,"href":"https:\/\/www.avenuedesigncanada.com\/fr\/wp-json\/wp\/v2\/product_tag?post=165293"}],"curies":[{"name":"wp","href":"https:\/\/api.w.org\/{rel}","templated":true}]}}