{"id":165427,"date":"2022-09-21T10:14:43","date_gmt":"2022-09-21T14:14:43","guid":{"rendered":"https:\/\/www.avenuedesigncanada.com\/?post_type=product&#038;p=165427"},"modified":"2026-02-11T16:06:55","modified_gmt":"2026-02-11T21:06:55","slug":"table-de-chevet-deux-tiroirs-form","status":"publish","type":"product","link":"https:\/\/www.avenuedesigncanada.com\/fr\/product\/table-de-chevet-deux-tiroirs-form\/","title":{"rendered":"Table de chevet deux tiroirs Form"},"content":{"rendered":"<p><em>La table de nuit \u00e0 deux tiroirs Form pr\u00e9sente les caract\u00e9ristiques suivantes :<\/em><br \/>\nCh\u00eane massif et placage<br \/>\nDeux tiroirs<br \/>\nPoign\u00e9es en finition Organic Bronze<br \/>\nConstruction en ch\u00eane bross\u00e9<br \/>\nLes options incluent la teinture, la peinture, la peinture m\u00e9tallis\u00e9e, Artisan, MIY et Premium Leaf<br \/>\nTel que montr\u00e9 en finition Wind.<\/p>\n<p>Avez-vous des questions \u00e0 propos de ce produit ? Nos designers sont l\u00e0 pour vous aider.  Appelez-nous au (514) 340-9351<\/p>\n","protected":false},"excerpt":{"rendered":"<p>Les courbes douces et invitantes de la collection Form cr\u00e9ent un \u00e9quilibre moderne \u00e0 la fois d\u00e9contract\u00e9 et sophistiqu\u00e9. L&rsquo;incarnation de la vie naturelle, Form pr\u00e9sente du bois de ch\u00eane massif et des placages, du marbre poli, du lampakanay tiss\u00e9, des accents m\u00e9talliques et des options de quincaillerie. Chaque meuble est magnifiquement r\u00e9alis\u00e9, en mettant l&rsquo;accent sur la douceur des contours et la fluidit\u00e9 des courbes.<\/p>\n","protected":false},"featured_media":165435,"template":"","meta":{"_kad_blocks_custom_css":"","_kad_blocks_head_custom_js":"","_kad_blocks_body_custom_js":"","_kad_blocks_footer_custom_js":"","_kad_post_transparent":"","_kad_post_title":"","_kad_post_layout":"","_kad_post_sidebar_id":"","_kad_post_content_style":"","_kad_post_vertical_padding":"","_kad_post_feature":"","_kad_post_feature_position":"","_kad_post_header":false,"_kad_post_footer":false,"_kad_post_classname":""},"product_brand":[],"product_cat":[1299],"product_tag":[1369],"class_list":{"0":"post-165427","1":"product","2":"type-product","3":"status-publish","4":"has-post-thumbnail","6":"product_cat-tables-de-nuit","7":"product_tag-theodore-fr","9":"first","10":"instock","11":"taxable","12":"shipping-taxable","13":"product-type-simple","14":"entry","15":"content-bg","16":"loop-entry"},"taxonomy_info":{"product_cat":[{"value":1299,"label":"Tables de chevet"}],"product_tag":[{"value":1369,"label":"THEODORE"}]},"featured_image_src_large":["https:\/\/www.avenuedesigncanada.com\/wp-content\/uploads\/2022\/09\/P680N2_AO-HO-2-1024x1024.jpg",1024,1024,true],"author_info":[],"comment_info":"","_links":{"self":[{"href":"https:\/\/www.avenuedesigncanada.com\/fr\/wp-json\/wp\/v2\/product\/165427","targetHints":{"allow":["GET"]}}],"collection":[{"href":"https:\/\/www.avenuedesigncanada.com\/fr\/wp-json\/wp\/v2\/product"}],"about":[{"href":"https:\/\/www.avenuedesigncanada.com\/fr\/wp-json\/wp\/v2\/types\/product"}],"wp:featuredmedia":[{"embeddable":true,"href":"https:\/\/www.avenuedesigncanada.com\/fr\/wp-json\/wp\/v2\/media\/165435"}],"wp:attachment":[{"href":"https:\/\/www.avenuedesigncanada.com\/fr\/wp-json\/wp\/v2\/media?parent=165427"}],"wp:term":[{"taxonomy":"product_brand","embeddable":true,"href":"https:\/\/www.avenuedesigncanada.com\/fr\/wp-json\/wp\/v2\/product_brand?post=165427"},{"taxonomy":"product_cat","embeddable":true,"href":"https:\/\/www.avenuedesigncanada.com\/fr\/wp-json\/wp\/v2\/product_cat?post=165427"},{"taxonomy":"product_tag","embeddable":true,"href":"https:\/\/www.avenuedesigncanada.com\/fr\/wp-json\/wp\/v2\/product_tag?post=165427"}],"curies":[{"name":"wp","href":"https:\/\/api.w.org\/{rel}","templated":true}]}}