{"id":165658,"date":"2022-09-22T09:22:51","date_gmt":"2022-09-22T13:22:51","guid":{"rendered":"https:\/\/www.avenuedesigncanada.com\/?post_type=product&#038;p=165658"},"modified":"2026-02-11T16:06:59","modified_gmt":"2026-02-11T21:06:59","slug":"table-console-form-2","status":"publish","type":"product","link":"https:\/\/www.avenuedesigncanada.com\/fr\/product\/table-console-form-2\/","title":{"rendered":"Table Console Form"},"content":{"rendered":"<p><em>La table console Form pr\u00e9sente les caract\u00e9ristiques suivantes :<\/em><br \/>\nCh\u00eane bross\u00e9 et placages avec marbre adouci et accents de lampakanay tiss\u00e9. Les courbes d\u00e9tendues et raffin\u00e9es cr\u00e9ent un design moderne, d\u00e9contract\u00e9 mais sophistiqu\u00e9. <\/p>\n<p>Vous avez des questions sur ce produit ?<br \/>\nNos concepteurs sont l\u00e0 pour vous aider.<br \/>\nAppelez-nous au (514) 340-9351<\/p>\n","protected":false},"excerpt":{"rendered":"<p>La table console Form est fabriqu\u00e9e en ch\u00eane massif et placage avec des finitions bross\u00e9es. Les bords incurv\u00e9s et les formes fluides cr\u00e9ent un \u00e9quilibre d\u00e9contract\u00e9 mais sophistiqu\u00e9, int\u00e9grant des accents de marbre, de tressage et de m\u00e9tal dans un design harmonieux.   <\/p>\n","protected":false},"featured_media":165661,"template":"","meta":{"_kad_blocks_custom_css":"","_kad_blocks_head_custom_js":"","_kad_blocks_body_custom_js":"","_kad_blocks_footer_custom_js":"","_kad_post_transparent":"","_kad_post_title":"","_kad_post_layout":"","_kad_post_sidebar_id":"","_kad_post_content_style":"","_kad_post_vertical_padding":"","_kad_post_feature":"","_kad_post_feature_position":"","_kad_post_header":false,"_kad_post_footer":false,"_kad_post_classname":""},"product_brand":[],"product_cat":[1328],"product_tag":[1369],"class_list":{"0":"post-165658","1":"product","2":"type-product","3":"status-publish","4":"has-post-thumbnail","6":"product_cat-consoles","7":"product_tag-theodore-fr","9":"first","10":"instock","11":"taxable","12":"shipping-taxable","13":"product-type-simple","14":"entry","15":"content-bg","16":"loop-entry"},"taxonomy_info":{"product_cat":[{"value":1328,"label":"Consoles"}],"product_tag":[{"value":1369,"label":"THEODORE"}]},"featured_image_src_large":["https:\/\/www.avenuedesigncanada.com\/wp-content\/uploads\/2022\/09\/P686S_AL-HO-2-1024x1024.jpg",1024,1024,true],"author_info":[],"comment_info":"","_links":{"self":[{"href":"https:\/\/www.avenuedesigncanada.com\/fr\/wp-json\/wp\/v2\/product\/165658","targetHints":{"allow":["GET"]}}],"collection":[{"href":"https:\/\/www.avenuedesigncanada.com\/fr\/wp-json\/wp\/v2\/product"}],"about":[{"href":"https:\/\/www.avenuedesigncanada.com\/fr\/wp-json\/wp\/v2\/types\/product"}],"wp:featuredmedia":[{"embeddable":true,"href":"https:\/\/www.avenuedesigncanada.com\/fr\/wp-json\/wp\/v2\/media\/165661"}],"wp:attachment":[{"href":"https:\/\/www.avenuedesigncanada.com\/fr\/wp-json\/wp\/v2\/media?parent=165658"}],"wp:term":[{"taxonomy":"product_brand","embeddable":true,"href":"https:\/\/www.avenuedesigncanada.com\/fr\/wp-json\/wp\/v2\/product_brand?post=165658"},{"taxonomy":"product_cat","embeddable":true,"href":"https:\/\/www.avenuedesigncanada.com\/fr\/wp-json\/wp\/v2\/product_cat?post=165658"},{"taxonomy":"product_tag","embeddable":true,"href":"https:\/\/www.avenuedesigncanada.com\/fr\/wp-json\/wp\/v2\/product_tag?post=165658"}],"curies":[{"name":"wp","href":"https:\/\/api.w.org\/{rel}","templated":true}]}}