{"id":165893,"date":"2022-09-23T09:54:51","date_gmt":"2022-09-23T13:54:51","guid":{"rendered":"https:\/\/www.avenuedesigncanada.com\/product\/lit-tansy\/"},"modified":"2026-02-11T16:07:00","modified_gmt":"2026-02-11T21:07:00","slug":"lit-tansy","status":"publish","type":"product","link":"https:\/\/www.avenuedesigncanada.com\/fr\/product\/lit-tansy\/","title":{"rendered":"Lit Tansy"},"content":{"rendered":"<p><em>Caract\u00e9ristiques du lit Tansy King :<\/em><\/p>\n<p>Enti\u00e8rement rembourr\u00e9<\/p>\n<p>Pieds en bois de ch\u00eane<\/p>\n<p>Options<\/p>\n<p>Choix de tissu ou cuir<\/p>\n<p>Teinture, Peinture, Peinture m\u00e9tallique, Artisan, MIY, Premium Leaf<\/p>\n<p>Offert en format Queen, W 74.5 D 93.5 H 49<\/p>\n<p>Comme montr\u00e9:<\/p>\n<p>Tissu: Itilia Ivory. Fini: Moonstruck.<\/p>\n<p>Avez-vous des questions \u00e0 propos de ce produit ?<\/p>\n<p>Nos designers sont l\u00e0 pour vous aider. Appelez-nous au (514) 340-9351<\/p>\n","protected":false},"excerpt":{"rendered":"<p>Le lit king size Tansy allie \u00e9l\u00e9gance discr\u00e8te et confort luxueux. Enti\u00e8rement rembourr\u00e9 pour un look raffin\u00e9 et harmonieux, il repose sur des pieds en ch\u00eane massif qui lui conf\u00e8rent \u00e0 la fois soutien et style. Disponible dans une large gamme de tissus ou de cuirs, ainsi que dans diff\u00e9rentes finitions, notamment teint\u00e9es, peintes, m\u00e9tallis\u00e9es, Artisan, MIY et Premium Leaf, ce lit peut \u00eatre enti\u00e8rement personnalis\u00e9 pour s&rsquo;adapter \u00e0 votre vision de la d\u00e9coration int\u00e9rieure.<\/p>\n","protected":false},"featured_media":385153,"template":"","meta":{"_kad_blocks_custom_css":"","_kad_blocks_head_custom_js":"","_kad_blocks_body_custom_js":"","_kad_blocks_footer_custom_js":"","_kad_post_transparent":"default","_kad_post_title":"","_kad_post_layout":"default","_kad_post_sidebar_id":"","_kad_post_content_style":"default","_kad_post_vertical_padding":"default","_kad_post_feature":"","_kad_post_feature_position":"","_kad_post_header":false,"_kad_post_footer":false,"_kad_post_classname":""},"product_brand":[],"product_cat":[1296],"product_tag":[1369],"class_list":{"0":"post-165893","1":"product","2":"type-product","3":"status-publish","4":"has-post-thumbnail","6":"product_cat-lits","7":"product_tag-theodore-fr","9":"first","10":"instock","11":"taxable","12":"shipping-taxable","13":"product-type-simple","14":"entry","15":"content-bg","16":"loop-entry"},"taxonomy_info":{"product_cat":[{"value":1296,"label":"Lits"}],"product_tag":[{"value":1369,"label":"THEODORE"}]},"featured_image_src_large":["https:\/\/www.avenuedesigncanada.com\/wp-content\/uploads\/2022\/09\/V688K-HF_Kappa-Sisal_Flaxen-Stone_HO__2000x2000-1024x1024.jpg",1024,1024,true],"author_info":[],"comment_info":"","_links":{"self":[{"href":"https:\/\/www.avenuedesigncanada.com\/fr\/wp-json\/wp\/v2\/product\/165893","targetHints":{"allow":["GET"]}}],"collection":[{"href":"https:\/\/www.avenuedesigncanada.com\/fr\/wp-json\/wp\/v2\/product"}],"about":[{"href":"https:\/\/www.avenuedesigncanada.com\/fr\/wp-json\/wp\/v2\/types\/product"}],"wp:featuredmedia":[{"embeddable":true,"href":"https:\/\/www.avenuedesigncanada.com\/fr\/wp-json\/wp\/v2\/media\/385153"}],"wp:attachment":[{"href":"https:\/\/www.avenuedesigncanada.com\/fr\/wp-json\/wp\/v2\/media?parent=165893"}],"wp:term":[{"taxonomy":"product_brand","embeddable":true,"href":"https:\/\/www.avenuedesigncanada.com\/fr\/wp-json\/wp\/v2\/product_brand?post=165893"},{"taxonomy":"product_cat","embeddable":true,"href":"https:\/\/www.avenuedesigncanada.com\/fr\/wp-json\/wp\/v2\/product_cat?post=165893"},{"taxonomy":"product_tag","embeddable":true,"href":"https:\/\/www.avenuedesigncanada.com\/fr\/wp-json\/wp\/v2\/product_tag?post=165893"}],"curies":[{"name":"wp","href":"https:\/\/api.w.org\/{rel}","templated":true}]}}