{"id":173097,"date":"2022-08-13T12:44:57","date_gmt":"2022-08-13T16:44:57","guid":{"rendered":"https:\/\/www.avenuedesigncanada.com\/product\/macintosh-chair-boucle-grey\/"},"modified":"2026-02-11T16:07:01","modified_gmt":"2026-02-11T21:07:01","slug":"fauteuil-macintosh-boucle-gris","status":"publish","type":"product","link":"https:\/\/www.avenuedesigncanada.com\/fr\/product\/fauteuil-macintosh-boucle-gris\/","title":{"rendered":"Fauteuil Macintosh &#8211; Boucl\u00e9 Gris"},"content":{"rendered":"<p><em>La Chaise Macintosh comprend:<\/em><\/p>\n<p>Tissu boucl\u00e9 gris<br \/>\nEnti\u00e8rement rembourr\u00e9<\/p>\n<p>Options<br \/>\n\u00c9galement disponible en boucl\u00e9 cr\u00e8me<\/p>\n<p>Vous avez des questions sur ce produit ?<br \/>\nNos designers sont l\u00e0 pour vous aider. Appelez-nous au (514) 340-9351<\/p>\n","protected":false},"excerpt":{"rendered":"<p>Avec ses lignes gracieuses et ses proportions fines, la chaise Macintosh Gris Boucl\u00e9 a un attrait intemporel. Avec son design con\u00e7ue sans ruptures, elle \u00e9voque l&rsquo;originalit\u00e9 des meubles des ann\u00e9es 1960, tandis que le dossier fendu ajoute un accent ludique.<\/p>\n","protected":false},"featured_media":156046,"template":"","meta":{"_kad_blocks_custom_css":"","_kad_blocks_head_custom_js":"","_kad_blocks_body_custom_js":"","_kad_blocks_footer_custom_js":"","_kad_post_transparent":"","_kad_post_title":"","_kad_post_layout":"","_kad_post_sidebar_id":"","_kad_post_content_style":"","_kad_post_vertical_padding":"","_kad_post_feature":"","_kad_post_feature_position":"","_kad_post_header":false,"_kad_post_footer":false,"_kad_post_classname":""},"product_brand":[],"product_cat":[1320],"product_tag":[1482],"class_list":{"0":"post-173097","1":"product","2":"type-product","3":"status-publish","4":"has-post-thumbnail","6":"product_cat-fauteuils","7":"product_tag-vreeland-fr-2","9":"first","10":"instock","11":"product-type-simple","12":"entry","13":"content-bg","14":"loop-entry"},"taxonomy_info":{"product_cat":[{"value":1320,"label":"Fauteuils"}],"product_tag":[{"value":1482,"label":"Vreeland"}]},"featured_image_src_large":["https:\/\/www.avenuedesigncanada.com\/wp-content\/uploads\/2022\/08\/116456_2_1_1-2-1024x1024.jpg",1024,1024,true],"author_info":[],"comment_info":"","_links":{"self":[{"href":"https:\/\/www.avenuedesigncanada.com\/fr\/wp-json\/wp\/v2\/product\/173097","targetHints":{"allow":["GET"]}}],"collection":[{"href":"https:\/\/www.avenuedesigncanada.com\/fr\/wp-json\/wp\/v2\/product"}],"about":[{"href":"https:\/\/www.avenuedesigncanada.com\/fr\/wp-json\/wp\/v2\/types\/product"}],"wp:featuredmedia":[{"embeddable":true,"href":"https:\/\/www.avenuedesigncanada.com\/fr\/wp-json\/wp\/v2\/media\/156046"}],"wp:attachment":[{"href":"https:\/\/www.avenuedesigncanada.com\/fr\/wp-json\/wp\/v2\/media?parent=173097"}],"wp:term":[{"taxonomy":"product_brand","embeddable":true,"href":"https:\/\/www.avenuedesigncanada.com\/fr\/wp-json\/wp\/v2\/product_brand?post=173097"},{"taxonomy":"product_cat","embeddable":true,"href":"https:\/\/www.avenuedesigncanada.com\/fr\/wp-json\/wp\/v2\/product_cat?post=173097"},{"taxonomy":"product_tag","embeddable":true,"href":"https:\/\/www.avenuedesigncanada.com\/fr\/wp-json\/wp\/v2\/product_tag?post=173097"}],"curies":[{"name":"wp","href":"https:\/\/api.w.org\/{rel}","templated":true}]}}