{"id":173576,"date":"2022-10-12T09:23:37","date_gmt":"2022-10-12T13:23:37","guid":{"rendered":"https:\/\/www.avenuedesigncanada.com\/?post_type=product&#038;p=173576"},"modified":"2026-02-11T16:07:02","modified_gmt":"2026-02-11T21:07:02","slug":"tabouret-de-comptoir-donato-noir","status":"publish","type":"product","link":"https:\/\/www.avenuedesigncanada.com\/fr\/product\/tabouret-de-comptoir-donato-noir\/","title":{"rendered":"Tabouret de comptoir Donato &#8211; Noir"},"content":{"rendered":"<p><em>Le tabouret de comptoir Donato pr\u00e9sente les caract\u00e9ristiques suivantes :<\/em><br \/>\nAvec une finition en laiton bross\u00e9 et un tissu noir boucl\u00e9, ce tabouret offre une d\u00e9claration audacieuse et contemporaine avec un confort accueillant.<\/p>\n<p>Options :<br \/>\nDisponible dans d&rsquo;autres finitions et choix de rembourrage.<\/p>\n<p>Avez-vous des questions \u00e0 propos de ce produit ?<br \/>\nNos designers sont l\u00e0 pour vous aider. Appelez-nous au (514) 340-9351<\/p>\n","protected":false},"excerpt":{"rendered":"<p>Invitant et raffin\u00e9 avec un soup\u00e7on de design r\u00e9tro, le tabouret de comptoir Donato ajoutera une touche de style vintage \u00e0 tout espace. Dot\u00e9 d\u2019une structure g\u00e9om\u00e9trique en laiton bross\u00e9, d\u2019une assise circulaire et d\u2019un dossier incurv\u00e9 en tissu Boucl\u00e9 noir, ce tabouret de comptoir allie confort et fonctionnalit\u00e9.<\/p>\n","protected":false},"featured_media":173468,"template":"","meta":{"_kad_blocks_custom_css":"","_kad_blocks_head_custom_js":"","_kad_blocks_body_custom_js":"","_kad_blocks_footer_custom_js":"","_kad_post_transparent":"","_kad_post_title":"","_kad_post_layout":"","_kad_post_sidebar_id":"","_kad_post_content_style":"","_kad_post_vertical_padding":"","_kad_post_feature":"","_kad_post_feature_position":"","_kad_post_header":false,"_kad_post_footer":false,"_kad_post_classname":""},"product_brand":[],"product_cat":[1305],"product_tag":[1482],"class_list":{"0":"post-173576","1":"product","2":"type-product","3":"status-publish","4":"has-post-thumbnail","6":"product_cat-tabourets","7":"product_tag-vreeland-fr-2","9":"first","10":"instock","11":"taxable","12":"shipping-taxable","13":"product-type-simple","14":"entry","15":"content-bg","16":"loop-entry"},"taxonomy_info":{"product_cat":[{"value":1305,"label":"Tabourets"}],"product_tag":[{"value":1482,"label":"Vreeland"}]},"featured_image_src_large":["https:\/\/www.avenuedesigncanada.com\/wp-content\/uploads\/2022\/10\/A115836_2_1_1-1024x1024.jpg",1024,1024,true],"author_info":[],"comment_info":"","_links":{"self":[{"href":"https:\/\/www.avenuedesigncanada.com\/fr\/wp-json\/wp\/v2\/product\/173576","targetHints":{"allow":["GET"]}}],"collection":[{"href":"https:\/\/www.avenuedesigncanada.com\/fr\/wp-json\/wp\/v2\/product"}],"about":[{"href":"https:\/\/www.avenuedesigncanada.com\/fr\/wp-json\/wp\/v2\/types\/product"}],"wp:featuredmedia":[{"embeddable":true,"href":"https:\/\/www.avenuedesigncanada.com\/fr\/wp-json\/wp\/v2\/media\/173468"}],"wp:attachment":[{"href":"https:\/\/www.avenuedesigncanada.com\/fr\/wp-json\/wp\/v2\/media?parent=173576"}],"wp:term":[{"taxonomy":"product_brand","embeddable":true,"href":"https:\/\/www.avenuedesigncanada.com\/fr\/wp-json\/wp\/v2\/product_brand?post=173576"},{"taxonomy":"product_cat","embeddable":true,"href":"https:\/\/www.avenuedesigncanada.com\/fr\/wp-json\/wp\/v2\/product_cat?post=173576"},{"taxonomy":"product_tag","embeddable":true,"href":"https:\/\/www.avenuedesigncanada.com\/fr\/wp-json\/wp\/v2\/product_tag?post=173576"}],"curies":[{"name":"wp","href":"https:\/\/api.w.org\/{rel}","templated":true}]}}