{"id":174857,"date":"2022-08-13T12:44:58","date_gmt":"2022-08-13T16:44:58","guid":{"rendered":"https:\/\/www.avenuedesigncanada.com\/product\/artemisa-side-table-brass\/"},"modified":"2026-02-11T16:07:09","modified_gmt":"2026-02-11T21:07:09","slug":"table-de-bout-artemisa-laiton","status":"publish","type":"product","link":"https:\/\/www.avenuedesigncanada.com\/fr\/product\/table-de-bout-artemisa-laiton\/","title":{"rendered":"Table de bout Artemisa &#8211; Laiton"},"content":{"rendered":"<p><em>La table d&rsquo;appoint Artemisa pr\u00e9sente les caract\u00e9ristiques suivantes :<\/em><br \/>\nFinition en laiton bross\u00e9<br \/>\nAccents de finition en bronze<br \/>\nPlateau en verre miroir biseaut\u00e9<\/p>\n<p>Avez-vous des questions \u00e0 propos de ce produit ? Nos designers sont l\u00e0 pour vous aider.  Appelez-nous au (514) 340-9351<\/p>\n","protected":false},"excerpt":{"rendered":"<p>Avec un design moderne du milieu du si\u00e8cle et un attrait chic, la table de bout Artemisa se distingue par son cadre m\u00e9tallique \u00e9l\u00e9gant en finition laiton bross\u00e9. Les courbes int\u00e9rieures du cadre sont accentu\u00e9es par des barres de bronze \u00e9l\u00e9gantes sur les pieds et un plateau rond en verre miroir biseaut\u00e9, ce qui met l\u2019accent sur les espaces au sein des mat\u00e9riaux solides qui composent cette pi\u00e8ce.<\/p>\n","protected":false},"featured_media":156183,"template":"","meta":{"_kad_blocks_custom_css":"","_kad_blocks_head_custom_js":"","_kad_blocks_body_custom_js":"","_kad_blocks_footer_custom_js":"","_kad_post_transparent":"","_kad_post_title":"","_kad_post_layout":"","_kad_post_sidebar_id":"","_kad_post_content_style":"","_kad_post_vertical_padding":"","_kad_post_feature":"","_kad_post_feature_position":"","_kad_post_header":false,"_kad_post_footer":false,"_kad_post_classname":""},"product_brand":[],"product_cat":[1323],"product_tag":[1482],"class_list":{"0":"post-174857","1":"product","2":"type-product","3":"status-publish","4":"has-post-thumbnail","6":"product_cat-salon-tables-dappoint","7":"product_tag-vreeland-fr-2","9":"first","10":"instock","11":"product-type-simple","12":"entry","13":"content-bg","14":"loop-entry"},"taxonomy_info":{"product_cat":[{"value":1323,"label":"Tables d'appoint"}],"product_tag":[{"value":1482,"label":"Vreeland"}]},"featured_image_src_large":["https:\/\/www.avenuedesigncanada.com\/wp-content\/uploads\/2022\/08\/116140_2_1_1-2-1024x1024.jpg",1024,1024,true],"author_info":[],"comment_info":"","_links":{"self":[{"href":"https:\/\/www.avenuedesigncanada.com\/fr\/wp-json\/wp\/v2\/product\/174857","targetHints":{"allow":["GET"]}}],"collection":[{"href":"https:\/\/www.avenuedesigncanada.com\/fr\/wp-json\/wp\/v2\/product"}],"about":[{"href":"https:\/\/www.avenuedesigncanada.com\/fr\/wp-json\/wp\/v2\/types\/product"}],"wp:featuredmedia":[{"embeddable":true,"href":"https:\/\/www.avenuedesigncanada.com\/fr\/wp-json\/wp\/v2\/media\/156183"}],"wp:attachment":[{"href":"https:\/\/www.avenuedesigncanada.com\/fr\/wp-json\/wp\/v2\/media?parent=174857"}],"wp:term":[{"taxonomy":"product_brand","embeddable":true,"href":"https:\/\/www.avenuedesigncanada.com\/fr\/wp-json\/wp\/v2\/product_brand?post=174857"},{"taxonomy":"product_cat","embeddable":true,"href":"https:\/\/www.avenuedesigncanada.com\/fr\/wp-json\/wp\/v2\/product_cat?post=174857"},{"taxonomy":"product_tag","embeddable":true,"href":"https:\/\/www.avenuedesigncanada.com\/fr\/wp-json\/wp\/v2\/product_tag?post=174857"}],"curies":[{"name":"wp","href":"https:\/\/api.w.org\/{rel}","templated":true}]}}