{"id":176170,"date":"2022-08-13T12:51:06","date_gmt":"2022-08-13T16:51:06","guid":{"rendered":"https:\/\/www.avenuedesigncanada.com\/product\/ritter-dresser\/"},"modified":"2026-02-11T16:07:10","modified_gmt":"2026-02-11T21:07:10","slug":"commode-ritter","status":"publish","type":"product","link":"https:\/\/www.avenuedesigncanada.com\/fr\/product\/commode-ritter\/","title":{"rendered":"Commode Ritter"},"content":{"rendered":"<p><em>La commode Ritter pr\u00e9sente les caract\u00e9ristiques suivantes :<\/em><br \/>\nFinition combin\u00e9e avec plateau Sand Grey et corps Flint. Dessus en b\u00e9ton moul\u00e9 avec surface lisse et c\u00f4t\u00e9s textur\u00e9s. Quatre tiroirs \u00e0 fermeture progressive avec tirette digitale et socle avec patins r\u00e9glables.  <\/p>\n<p>Vous avez des questions sur ce produit ?<br \/>\nNos concepteurs sont l\u00e0 pour vous aider.<br \/>\nAppelez-nous au (514) 340-9351<\/p>\n","protected":false},"excerpt":{"rendered":"<p>La commode Ritter allie caract\u00e8re industriel et sophistication moderne. Un dessus en b\u00e9ton moul\u00e9 lisse en gris sable doux contraste magnifiquement avec le bo\u00eetier de couleur silex, tandis que quatre tiroirs \u00e0 fermeture douce offrent une fonction sans effort. Le m\u00e9lange de textures et de finitions donne \u00e0 cette pi\u00e8ce une forte impression architecturale qui se d\u00e9marque sans dominer l&rsquo;espace.    <\/p>\n","protected":false},"featured_media":156627,"template":"","meta":{"_kad_blocks_custom_css":"","_kad_blocks_head_custom_js":"","_kad_blocks_body_custom_js":"","_kad_blocks_footer_custom_js":"","_kad_post_transparent":"","_kad_post_title":"","_kad_post_layout":"","_kad_post_sidebar_id":"","_kad_post_content_style":"","_kad_post_vertical_padding":"","_kad_post_feature":"","_kad_post_feature_position":"","_kad_post_header":false,"_kad_post_footer":false,"_kad_post_classname":""},"product_brand":[],"product_cat":[1298],"product_tag":[1844],"class_list":{"0":"post-176170","1":"product","2":"type-product","3":"status-publish","4":"has-post-thumbnail","6":"product_cat-commodes","7":"product_tag-barcelona-cg-fr-2","9":"first","10":"instock","11":"taxable","12":"shipping-taxable","13":"product-type-simple","14":"entry","15":"content-bg","16":"loop-entry"},"taxonomy_info":{"product_cat":[{"value":1298,"label":"Commodes"}],"product_tag":[{"value":1844,"label":"BARCELONA - CG"}]},"featured_image_src_large":["https:\/\/www.avenuedesigncanada.com\/wp-content\/uploads\/2022\/08\/309052_ritter_frontalt_web-2-1024x1024.jpg",1024,1024,true],"author_info":[],"comment_info":"","_links":{"self":[{"href":"https:\/\/www.avenuedesigncanada.com\/fr\/wp-json\/wp\/v2\/product\/176170","targetHints":{"allow":["GET"]}}],"collection":[{"href":"https:\/\/www.avenuedesigncanada.com\/fr\/wp-json\/wp\/v2\/product"}],"about":[{"href":"https:\/\/www.avenuedesigncanada.com\/fr\/wp-json\/wp\/v2\/types\/product"}],"wp:featuredmedia":[{"embeddable":true,"href":"https:\/\/www.avenuedesigncanada.com\/fr\/wp-json\/wp\/v2\/media\/156627"}],"wp:attachment":[{"href":"https:\/\/www.avenuedesigncanada.com\/fr\/wp-json\/wp\/v2\/media?parent=176170"}],"wp:term":[{"taxonomy":"product_brand","embeddable":true,"href":"https:\/\/www.avenuedesigncanada.com\/fr\/wp-json\/wp\/v2\/product_brand?post=176170"},{"taxonomy":"product_cat","embeddable":true,"href":"https:\/\/www.avenuedesigncanada.com\/fr\/wp-json\/wp\/v2\/product_cat?post=176170"},{"taxonomy":"product_tag","embeddable":true,"href":"https:\/\/www.avenuedesigncanada.com\/fr\/wp-json\/wp\/v2\/product_tag?post=176170"}],"curies":[{"name":"wp","href":"https:\/\/api.w.org\/{rel}","templated":true}]}}