{"id":178611,"date":"2022-10-14T08:43:10","date_gmt":"2022-10-14T12:43:10","guid":{"rendered":"https:\/\/www.avenuedesigncanada.com\/product\/vichy-dining-chair-sisley-grey\/"},"modified":"2026-02-11T16:07:15","modified_gmt":"2026-02-11T21:07:15","slug":"chaise-vichy-sisley-gris","status":"publish","type":"product","link":"https:\/\/www.avenuedesigncanada.com\/fr\/product\/chaise-vichy-sisley-gris\/","title":{"rendered":"Chaise Vichy &#8211; Sisley Grey"},"content":{"rendered":"<p><em>La chaise Vichy Dining pr\u00e9sente les caract\u00e9ristiques suivantes :<\/em><br \/>\nTissu gris Sisley<br \/>\nPieds en bois courb\u00e9 noir<\/p>\n<p>Vous avez des questions sur ce produit ? Nos concepteurs sont l\u00e0 pour vous aider. Appelez-nous au (514) 340-9351  <\/p>\n","protected":false},"excerpt":{"rendered":"<p>La chaise de salle \u00e0 manger Vichy allie confort raffin\u00e9 et \u00e9l\u00e9gance moderne. Rev\u00eatue d&rsquo;un doux tissu gris Sisley, son assise l\u00e9g\u00e8rement galb\u00e9e est compl\u00e9t\u00e9e par des pieds \u00e9l\u00e9gants en bois courb\u00e9 noir, cr\u00e9ant un contraste sophistiqu\u00e9. Un design intemporel qui s&rsquo;int\u00e8gre sans effort dans les salles \u00e0 manger contemporaines et classiques.  <\/p>\n","protected":false},"featured_media":178539,"template":"","meta":{"_kad_blocks_custom_css":"","_kad_blocks_head_custom_js":"","_kad_blocks_body_custom_js":"","_kad_blocks_footer_custom_js":"","_kad_post_transparent":"","_kad_post_title":"","_kad_post_layout":"","_kad_post_sidebar_id":"","_kad_post_content_style":"","_kad_post_vertical_padding":"","_kad_post_feature":"","_kad_post_feature_position":"","_kad_post_header":false,"_kad_post_footer":false,"_kad_post_classname":""},"product_brand":[],"product_cat":[1302],"product_tag":[1482],"class_list":{"0":"post-178611","1":"product","2":"type-product","3":"status-publish","4":"has-post-thumbnail","6":"product_cat-chaises","7":"product_tag-vreeland-fr-2","9":"first","10":"instock","11":"taxable","12":"shipping-taxable","13":"product-type-simple","14":"entry","15":"content-bg","16":"loop-entry"},"taxonomy_info":{"product_cat":[{"value":1302,"label":"Chaises"}],"product_tag":[{"value":1482,"label":"Vreeland"}]},"featured_image_src_large":["https:\/\/www.avenuedesigncanada.com\/wp-content\/uploads\/2022\/10\/A116015_2_1_1-1024x1024.jpg",1024,1024,true],"author_info":[],"comment_info":"","_links":{"self":[{"href":"https:\/\/www.avenuedesigncanada.com\/fr\/wp-json\/wp\/v2\/product\/178611","targetHints":{"allow":["GET"]}}],"collection":[{"href":"https:\/\/www.avenuedesigncanada.com\/fr\/wp-json\/wp\/v2\/product"}],"about":[{"href":"https:\/\/www.avenuedesigncanada.com\/fr\/wp-json\/wp\/v2\/types\/product"}],"wp:featuredmedia":[{"embeddable":true,"href":"https:\/\/www.avenuedesigncanada.com\/fr\/wp-json\/wp\/v2\/media\/178539"}],"wp:attachment":[{"href":"https:\/\/www.avenuedesigncanada.com\/fr\/wp-json\/wp\/v2\/media?parent=178611"}],"wp:term":[{"taxonomy":"product_brand","embeddable":true,"href":"https:\/\/www.avenuedesigncanada.com\/fr\/wp-json\/wp\/v2\/product_brand?post=178611"},{"taxonomy":"product_cat","embeddable":true,"href":"https:\/\/www.avenuedesigncanada.com\/fr\/wp-json\/wp\/v2\/product_cat?post=178611"},{"taxonomy":"product_tag","embeddable":true,"href":"https:\/\/www.avenuedesigncanada.com\/fr\/wp-json\/wp\/v2\/product_tag?post=178611"}],"curies":[{"name":"wp","href":"https:\/\/api.w.org\/{rel}","templated":true}]}}