{"id":183411,"date":"2022-10-19T08:48:41","date_gmt":"2022-10-19T12:48:41","guid":{"rendered":"https:\/\/www.avenuedesigncanada.com\/product\/adriana-side-table-large\/"},"modified":"2026-02-11T16:07:22","modified_gmt":"2026-02-11T21:07:22","slug":"table-de-bout-adriana-large","status":"publish","type":"product","link":"https:\/\/www.avenuedesigncanada.com\/fr\/product\/table-de-bout-adriana-large\/","title":{"rendered":"Table de bout Adriana &#8211; Large"},"content":{"rendered":"<p><em>La table d&rsquo;appoint Adriana pr\u00e9sente les caract\u00e9ristiques suivantes :<\/em><br \/>\nConstruction en travertin<\/p>\n<p>Avez-vous des questions \u00e0 propos de ce produit ? Nos designers sont l\u00e0 pour vous aider.  Appelez-nous au (514) 340-9351<\/p>\n","protected":false},"excerpt":{"rendered":"<p>Alliant la beaut\u00e9 de la nature \u00e0 un design simple, la grande table d&rsquo;appoint Adriana constitue un ajout de bon go\u00fbt \u00e0 tout d\u00e9cor contemporain. Fa\u00e7onn\u00e9e en travertin, une pierre calcaire naturelle, cette table d&rsquo;appoint sculpturale pr\u00e9sente un plateau arrondi reposant sur une base conique. Avec ses belles lignes courbes, il rehausse l&rsquo;esth\u00e9tique de tout am\u00e9nagement. Associez-la \u00e0 la petite table d&rsquo;appoint Adriana pour lui donner une dimension suppl\u00e9mentaire.<\/p>\n","protected":false},"featured_media":183371,"template":"","meta":{"_kad_blocks_custom_css":"","_kad_blocks_head_custom_js":"","_kad_blocks_body_custom_js":"","_kad_blocks_footer_custom_js":"","_kad_post_transparent":"","_kad_post_title":"","_kad_post_layout":"","_kad_post_sidebar_id":"","_kad_post_content_style":"","_kad_post_vertical_padding":"","_kad_post_feature":"","_kad_post_feature_position":"","_kad_post_header":false,"_kad_post_footer":false,"_kad_post_classname":""},"product_brand":[],"product_cat":[1323],"product_tag":[1482],"class_list":{"0":"post-183411","1":"product","2":"type-product","3":"status-publish","4":"has-post-thumbnail","6":"product_cat-salon-tables-dappoint","7":"product_tag-vreeland-fr-2","9":"first","10":"instock","11":"taxable","12":"shipping-taxable","13":"product-type-simple","14":"entry","15":"content-bg","16":"loop-entry"},"taxonomy_info":{"product_cat":[{"value":1323,"label":"Tables d'appoint"}],"product_tag":[{"value":1482,"label":"Vreeland"}]},"featured_image_src_large":["https:\/\/www.avenuedesigncanada.com\/wp-content\/uploads\/2022\/10\/116335_0_1_1-1024x1024.jpg",1024,1024,true],"author_info":[],"comment_info":"","_links":{"self":[{"href":"https:\/\/www.avenuedesigncanada.com\/fr\/wp-json\/wp\/v2\/product\/183411","targetHints":{"allow":["GET"]}}],"collection":[{"href":"https:\/\/www.avenuedesigncanada.com\/fr\/wp-json\/wp\/v2\/product"}],"about":[{"href":"https:\/\/www.avenuedesigncanada.com\/fr\/wp-json\/wp\/v2\/types\/product"}],"wp:featuredmedia":[{"embeddable":true,"href":"https:\/\/www.avenuedesigncanada.com\/fr\/wp-json\/wp\/v2\/media\/183371"}],"wp:attachment":[{"href":"https:\/\/www.avenuedesigncanada.com\/fr\/wp-json\/wp\/v2\/media?parent=183411"}],"wp:term":[{"taxonomy":"product_brand","embeddable":true,"href":"https:\/\/www.avenuedesigncanada.com\/fr\/wp-json\/wp\/v2\/product_brand?post=183411"},{"taxonomy":"product_cat","embeddable":true,"href":"https:\/\/www.avenuedesigncanada.com\/fr\/wp-json\/wp\/v2\/product_cat?post=183411"},{"taxonomy":"product_tag","embeddable":true,"href":"https:\/\/www.avenuedesigncanada.com\/fr\/wp-json\/wp\/v2\/product_tag?post=183411"}],"curies":[{"name":"wp","href":"https:\/\/api.w.org\/{rel}","templated":true}]}}