{"id":183609,"date":"2022-10-19T09:09:45","date_gmt":"2022-10-19T13:09:45","guid":{"rendered":"https:\/\/www.avenuedesigncanada.com\/?post_type=product&#038;p=183609"},"modified":"2026-02-11T16:07:23","modified_gmt":"2026-02-11T21:07:23","slug":"table-de-bout-kubu-large","status":"publish","type":"product","link":"https:\/\/www.avenuedesigncanada.com\/fr\/product\/table-de-bout-kubu-large\/","title":{"rendered":"Table de bout Kubu &#8211; Large"},"content":{"rendered":"<p><em>La table d&rsquo;appoint Kubu pr\u00e9sente les caract\u00e9ristiques suivantes :<\/em><br \/>\nConstruction m\u00e9tallique en finition bronze<\/p>\n<p>Avez-vous des questions \u00e0 propos de ce produit ? Nos designers sont l\u00e0 pour vous aider.  Appelez-nous au (514) 340-9351<\/p>\n","protected":false},"excerpt":{"rendered":"<p>De conception quelque peu traditionnelle mais totalement unique dans son ex\u00e9cution, la table d&rsquo;appoint Kubu r\u00e9sistera \u00e0 l&rsquo;\u00e9preuve du temps. Cette extraordinaire table d&rsquo;appoint semble avoir \u00e9t\u00e9 taill\u00e9e dans le bois, mais elle a \u00e9t\u00e9 fabriqu\u00e9e en m\u00e9tal et embellie d&rsquo;une finition en bronze. Soutenu par un haut pied et des jambes tripodes incurv\u00e9es, le plateau rond pr\u00e9sente un bord relev\u00e9 et un relief qui rappelle les anneaux d&rsquo;un tronc d&rsquo;arbre.<\/p>\n","protected":false},"featured_media":183650,"template":"","meta":{"_kad_blocks_custom_css":"","_kad_blocks_head_custom_js":"","_kad_blocks_body_custom_js":"","_kad_blocks_footer_custom_js":"","_kad_post_transparent":"","_kad_post_title":"","_kad_post_layout":"","_kad_post_sidebar_id":"","_kad_post_content_style":"","_kad_post_vertical_padding":"","_kad_post_feature":"","_kad_post_feature_position":"","_kad_post_header":false,"_kad_post_footer":false,"_kad_post_classname":""},"product_brand":[],"product_cat":[1323],"product_tag":[1482],"class_list":{"0":"post-183609","1":"product","2":"type-product","3":"status-publish","4":"has-post-thumbnail","6":"product_cat-salon-tables-dappoint","7":"product_tag-vreeland-fr-2","9":"first","10":"instock","11":"taxable","12":"shipping-taxable","13":"product-type-simple","14":"entry","15":"content-bg","16":"loop-entry"},"taxonomy_info":{"product_cat":[{"value":1323,"label":"Tables d'appoint"}],"product_tag":[{"value":1482,"label":"Vreeland"}]},"featured_image_src_large":["https:\/\/www.avenuedesigncanada.com\/wp-content\/uploads\/2022\/10\/114551_0_1_1-1024x1024.jpg",1024,1024,true],"author_info":[],"comment_info":"","_links":{"self":[{"href":"https:\/\/www.avenuedesigncanada.com\/fr\/wp-json\/wp\/v2\/product\/183609","targetHints":{"allow":["GET"]}}],"collection":[{"href":"https:\/\/www.avenuedesigncanada.com\/fr\/wp-json\/wp\/v2\/product"}],"about":[{"href":"https:\/\/www.avenuedesigncanada.com\/fr\/wp-json\/wp\/v2\/types\/product"}],"wp:featuredmedia":[{"embeddable":true,"href":"https:\/\/www.avenuedesigncanada.com\/fr\/wp-json\/wp\/v2\/media\/183650"}],"wp:attachment":[{"href":"https:\/\/www.avenuedesigncanada.com\/fr\/wp-json\/wp\/v2\/media?parent=183609"}],"wp:term":[{"taxonomy":"product_brand","embeddable":true,"href":"https:\/\/www.avenuedesigncanada.com\/fr\/wp-json\/wp\/v2\/product_brand?post=183609"},{"taxonomy":"product_cat","embeddable":true,"href":"https:\/\/www.avenuedesigncanada.com\/fr\/wp-json\/wp\/v2\/product_cat?post=183609"},{"taxonomy":"product_tag","embeddable":true,"href":"https:\/\/www.avenuedesigncanada.com\/fr\/wp-json\/wp\/v2\/product_tag?post=183609"}],"curies":[{"name":"wp","href":"https:\/\/api.w.org\/{rel}","templated":true}]}}