{"id":184089,"date":"2022-10-19T10:02:28","date_gmt":"2022-10-19T14:02:28","guid":{"rendered":"https:\/\/www.avenuedesigncanada.com\/?post_type=product&#038;p=184089"},"modified":"2026-02-11T16:07:24","modified_gmt":"2026-02-11T21:07:24","slug":"table-de-chevet-cabana-blanchi","status":"publish","type":"product","link":"https:\/\/www.avenuedesigncanada.com\/fr\/product\/table-de-chevet-cabana-blanchi\/","title":{"rendered":"Table de chevet Cabana &#8211; Blanchi"},"content":{"rendered":"<p><em>La table de nuit Cabana pr\u00e9sente les caract\u00e9ristiques suivantes :<\/em><br \/>\nPlacage en ch\u00eane lav\u00e9<br \/>\nPlateau en marbre italien Bianco Lilac<br \/>\nSilhouette contemporaine \u00e9pur\u00e9e<\/p>\n<p>Avez-vous des questions \u00e0 propos de ce produit ? Nos designers sont l\u00e0 pour vous aider.  Appelez-nous au (514) 340-9351<\/p>\n","protected":false},"excerpt":{"rendered":"<p>La table de chevet Cabana a un design \u00e9pur\u00e9 et contemporain qui convient \u00e0 la plupart des int\u00e9rieurs modernes et traditionnels. Recouverte d&rsquo;un placage de ch\u00eane lav\u00e9, cette table de nuit moderne pr\u00e9sente un plateau en marbre italien bianco lilas. Deux tiroirs offrent beaucoup d&rsquo;espace pour ranger les objets essentiels du lit.<\/p>\n","protected":false},"featured_media":184007,"template":"","meta":{"_kad_blocks_custom_css":"","_kad_blocks_head_custom_js":"","_kad_blocks_body_custom_js":"","_kad_blocks_footer_custom_js":"","_kad_post_transparent":"","_kad_post_title":"","_kad_post_layout":"","_kad_post_sidebar_id":"","_kad_post_content_style":"","_kad_post_vertical_padding":"","_kad_post_feature":"","_kad_post_feature_position":"","_kad_post_header":false,"_kad_post_footer":false,"_kad_post_classname":""},"product_brand":[],"product_cat":[1299],"product_tag":[1482],"class_list":{"0":"post-184089","1":"product","2":"type-product","3":"status-publish","4":"has-post-thumbnail","6":"product_cat-tables-de-nuit","7":"product_tag-vreeland-fr-2","9":"first","10":"instock","11":"taxable","12":"shipping-taxable","13":"product-type-simple","14":"entry","15":"content-bg","16":"loop-entry"},"taxonomy_info":{"product_cat":[{"value":1299,"label":"Tables de chevet"}],"product_tag":[{"value":1482,"label":"Vreeland"}]},"featured_image_src_large":["https:\/\/www.avenuedesigncanada.com\/wp-content\/uploads\/2022\/10\/115718_0_1_1-2-1024x1024.jpg",1024,1024,true],"author_info":[],"comment_info":"","_links":{"self":[{"href":"https:\/\/www.avenuedesigncanada.com\/fr\/wp-json\/wp\/v2\/product\/184089","targetHints":{"allow":["GET"]}}],"collection":[{"href":"https:\/\/www.avenuedesigncanada.com\/fr\/wp-json\/wp\/v2\/product"}],"about":[{"href":"https:\/\/www.avenuedesigncanada.com\/fr\/wp-json\/wp\/v2\/types\/product"}],"wp:featuredmedia":[{"embeddable":true,"href":"https:\/\/www.avenuedesigncanada.com\/fr\/wp-json\/wp\/v2\/media\/184007"}],"wp:attachment":[{"href":"https:\/\/www.avenuedesigncanada.com\/fr\/wp-json\/wp\/v2\/media?parent=184089"}],"wp:term":[{"taxonomy":"product_brand","embeddable":true,"href":"https:\/\/www.avenuedesigncanada.com\/fr\/wp-json\/wp\/v2\/product_brand?post=184089"},{"taxonomy":"product_cat","embeddable":true,"href":"https:\/\/www.avenuedesigncanada.com\/fr\/wp-json\/wp\/v2\/product_cat?post=184089"},{"taxonomy":"product_tag","embeddable":true,"href":"https:\/\/www.avenuedesigncanada.com\/fr\/wp-json\/wp\/v2\/product_tag?post=184089"}],"curies":[{"name":"wp","href":"https:\/\/api.w.org\/{rel}","templated":true}]}}