{"id":184473,"date":"2022-10-19T10:35:34","date_gmt":"2022-10-19T14:35:34","guid":{"rendered":"https:\/\/www.avenuedesigncanada.com\/?post_type=product&#038;p=184473"},"modified":"2026-02-11T16:07:24","modified_gmt":"2026-02-11T21:07:24","slug":"table-de-chevet-corazon","status":"publish","type":"product","link":"https:\/\/www.avenuedesigncanada.com\/fr\/product\/table-de-chevet-corazon\/","title":{"rendered":"Table de chevet Corazon"},"content":{"rendered":"<p><em>La table de nuit Corazon pr\u00e9sente les caract\u00e9ristiques suivantes :<\/em><br \/>\nPlacage de ch\u00eane gris anthracite<br \/>\nAccents en laiton bross\u00e9<br \/>\nPlateau en marbre italien Bianco Lilac<br \/>\nDesign contemporain sophistiqu\u00e9<\/p>\n<p>Avez-vous des questions \u00e0 propos de ce produit ? Nos designers sont l\u00e0 pour vous aider.  Appelez-nous au (514) 340-9351<\/p>\n","protected":false},"excerpt":{"rendered":"<p>Corazon est une table de nuit chic et organis\u00e9e. Avec son rev\u00eatement en placage de ch\u00eane gris anthracite et son plateau en marbre italien bianco lilas, cette belle pi\u00e8ce rehaussera le style de votre chambre \u00e0 coucher. Les tiroirs sont agr\u00e9ment\u00e9s d&rsquo;un rebord en laiton bross\u00e9 et offrent un vaste espace de rangement pour les livres, les accessoires de t\u00e9l\u00e9phone et autres.<\/p>\n","protected":false},"featured_media":184477,"template":"","meta":{"_kad_blocks_custom_css":"","_kad_blocks_head_custom_js":"","_kad_blocks_body_custom_js":"","_kad_blocks_footer_custom_js":"","_kad_post_transparent":"","_kad_post_title":"","_kad_post_layout":"","_kad_post_sidebar_id":"","_kad_post_content_style":"","_kad_post_vertical_padding":"","_kad_post_feature":"","_kad_post_feature_position":"","_kad_post_header":false,"_kad_post_footer":false,"_kad_post_classname":""},"product_brand":[],"product_cat":[1299],"product_tag":[1482],"class_list":{"0":"post-184473","1":"product","2":"type-product","3":"status-publish","4":"has-post-thumbnail","6":"product_cat-tables-de-nuit","7":"product_tag-vreeland-fr-2","9":"first","10":"instock","11":"taxable","12":"shipping-taxable","13":"product-type-simple","14":"entry","15":"content-bg","16":"loop-entry"},"taxonomy_info":{"product_cat":[{"value":1299,"label":"Tables de chevet"}],"product_tag":[{"value":1482,"label":"Vreeland"}]},"featured_image_src_large":["https:\/\/www.avenuedesigncanada.com\/wp-content\/uploads\/2022\/10\/115193_0_1_1-2-1024x1024.jpg",1024,1024,true],"author_info":[],"comment_info":"","_links":{"self":[{"href":"https:\/\/www.avenuedesigncanada.com\/fr\/wp-json\/wp\/v2\/product\/184473","targetHints":{"allow":["GET"]}}],"collection":[{"href":"https:\/\/www.avenuedesigncanada.com\/fr\/wp-json\/wp\/v2\/product"}],"about":[{"href":"https:\/\/www.avenuedesigncanada.com\/fr\/wp-json\/wp\/v2\/types\/product"}],"wp:featuredmedia":[{"embeddable":true,"href":"https:\/\/www.avenuedesigncanada.com\/fr\/wp-json\/wp\/v2\/media\/184477"}],"wp:attachment":[{"href":"https:\/\/www.avenuedesigncanada.com\/fr\/wp-json\/wp\/v2\/media?parent=184473"}],"wp:term":[{"taxonomy":"product_brand","embeddable":true,"href":"https:\/\/www.avenuedesigncanada.com\/fr\/wp-json\/wp\/v2\/product_brand?post=184473"},{"taxonomy":"product_cat","embeddable":true,"href":"https:\/\/www.avenuedesigncanada.com\/fr\/wp-json\/wp\/v2\/product_cat?post=184473"},{"taxonomy":"product_tag","embeddable":true,"href":"https:\/\/www.avenuedesigncanada.com\/fr\/wp-json\/wp\/v2\/product_tag?post=184473"}],"curies":[{"name":"wp","href":"https:\/\/api.w.org\/{rel}","templated":true}]}}